{"id":1267,"date":"2020-07-31T05:01:09","date_gmt":"2020-07-31T05:01:09","guid":{"rendered":"https:\/\/repasupplies.com\/?page_id=1267"},"modified":"2020-09-14T15:15:32","modified_gmt":"2020-09-14T15:15:32","slug":"kontakt","status":"publish","type":"page","link":"https:\/\/repasupplies.com\/de\/kontakt\/","title":{"rendered":"Kontakt"},"content":{"rendered":"\n<p>Haben wir Sie mit unserem Angebot begeistern k\u00f6nnen und m\u00f6chten Sie bestellen? Haben Sie Fragen \u00fcber ein Produkt aus unserem Sortiment &#8230; oder ein Produkt, das Sie nicht auf unserer Website finden konnten? M\u00f6chten Sie mehr \u00fcber unsere Arbeitsweise wissen? Oder m\u00f6chten Sie uns vielleicht besuchen und uns pers\u00f6nlich kennenlernen?<\/p>\n\n\n\n<p>Wenden Sie sich dann unter der unten stehenden Telefonnummer oder \u00fcber das Kontaktformulier an uns. Wir sind immer f\u00fcr Sie da!<\/p>\n","protected":false},"excerpt":{"rendered":"<p>Haben wir Sie mit unserem Angebot begeistern k\u00f6nnen und m\u00f6chten Sie bestellen? Haben Sie Fragen \u00fcber ein Produkt aus unserem Sortiment &#8230; oder ein Produkt, das Sie nicht auf unserer Website finden konnten? M\u00f6chten Sie mehr \u00fcber unsere Arbeitsweise wissen? Oder m\u00f6chten Sie uns vielleicht besuchen und uns pers\u00f6nlich kennenlernen? Wenden Sie sich dann unter [&hellip;]<\/p>\n","protected":false},"author":1,"featured_media":0,"parent":0,"menu_order":0,"comment_status":"closed","ping_status":"closed","template":"templates\/template-contact.php","meta":{"_acf_changed":false,"footnotes":""},"class_list":["post-1267","page","type-page","status-publish","hentry"],"acf":[],"_links":{"self":[{"href":"https:\/\/repasupplies.com\/de\/wp-json\/wp\/v2\/pages\/1267","targetHints":{"allow":["GET"]}}],"collection":[{"href":"https:\/\/repasupplies.com\/de\/wp-json\/wp\/v2\/pages"}],"about":[{"href":"https:\/\/repasupplies.com\/de\/wp-json\/wp\/v2\/types\/page"}],"author":[{"embeddable":true,"href":"https:\/\/repasupplies.com\/de\/wp-json\/wp\/v2\/users\/1"}],"replies":[{"embeddable":true,"href":"https:\/\/repasupplies.com\/de\/wp-json\/wp\/v2\/comments?post=1267"}],"version-history":[{"count":5,"href":"https:\/\/repasupplies.com\/de\/wp-json\/wp\/v2\/pages\/1267\/revisions"}],"predecessor-version":[{"id":2328,"href":"https:\/\/repasupplies.com\/de\/wp-json\/wp\/v2\/pages\/1267\/revisions\/2328"}],"wp:attachment":[{"href":"https:\/\/repasupplies.com\/de\/wp-json\/wp\/v2\/media?parent=1267"}],"curies":[{"name":"wp","href":"https:\/\/api.w.org\/{rel}","templated":true}]}}