{"id":1307,"date":"2020-07-31T05:28:36","date_gmt":"2020-07-31T05:28:36","guid":{"rendered":"https:\/\/repasupplies.com\/?page_id=1307"},"modified":"2023-09-02T13:14:40","modified_gmt":"2023-09-02T13:14:40","slug":"zertifizierungen","status":"publish","type":"page","link":"https:\/\/repasupplies.com\/de\/zertifizierungen\/","title":{"rendered":"Zertifizierungen"},"content":{"rendered":"\n<p>Hinsichtlich Sicherheit und Qualit\u00e4tsniveau ist es f\u00fcr Sie angenehm zu wissen, dass wir ausreichend zertifiziert sind.<\/p>\n\n\n\n<p>Seit 1998 verf\u00fcgt REPA \u00fcber die folgenden Zertifikate:<\/p>\n\n\n\n<h3 class=\"wp-block-heading\">VCA<\/h3>\n\n\n<div class=\"wp-block-image\">\n<figure class=\"alignright size-full\"><img loading=\"lazy\" decoding=\"async\" width=\"197\" height=\"198\" src=\"https:\/\/repasupplies.com\/wp-content\/uploads\/2023\/09\/vca-1.jpg\" alt=\"\" class=\"wp-image-5464\" srcset=\"https:\/\/repasupplies.com\/wp-content\/uploads\/2023\/09\/vca-1.jpg 197w, https:\/\/repasupplies.com\/wp-content\/uploads\/2023\/09\/vca-1-150x150.jpg 150w\" sizes=\"auto, (max-width: 197px) 100vw, 197px\" \/><\/figure>\n<\/div>\n\n\n<p>Die VCA (niederl\u00e4ndisch: Veiligheid, Gezondheid en Milieu Checklist Aannemers, deutsch: Sicherheits-, Gesundheits- und Umweltcheckliste der Bauunternehmer) ist ein Programm, das sich auf die Steigerung der Sicherheit von Betriebsprozessen richtet.<\/p>\n\n\n\n<p>Ein VCA-Zertifikat beinhaltet, dass das betreffende Unternehmen sicher und gesund arbeitet und es ihm wichtig ist, das auch weiterhin zu tun.<\/p>\n\n\n\n<hr class=\"wp-block-separator has-css-opacity\"\/>\n\n\n\n<h3 class=\"wp-block-heading\">ISO 9001<\/h3>\n\n\n<div class=\"wp-block-image\">\n<figure class=\"alignleft size-full\"><img loading=\"lazy\" decoding=\"async\" width=\"197\" height=\"198\" src=\"https:\/\/repasupplies.com\/wp-content\/uploads\/2023\/09\/iso9001-1.jpg\" alt=\"\" class=\"wp-image-5470\" srcset=\"https:\/\/repasupplies.com\/wp-content\/uploads\/2023\/09\/iso9001-1.jpg 197w, https:\/\/repasupplies.com\/wp-content\/uploads\/2023\/09\/iso9001-1-150x150.jpg 150w\" sizes=\"auto, (max-width: 197px) 100vw, 197px\" \/><\/figure>\n<\/div>\n\n\n<p>Die internationale ISO 9001-Norm richtet sich auf Qualit\u00e4tsmanagementsysteme und sieht die Kundenzufriedenheit als vorrangig. Dieser Norm zu gen\u00fcgen, bedeutet auch, dass kontinuierlich Verbesserungen angestrebt und durchgef\u00fchrt werden. ISO 9001 basiert auf sieben Qualit\u00e4tsmanagementprinzipien, darunter Kundenorientierung, Engagement, Prozessausrichtung und F\u00fchrung.<\/p>\n\n\n\n<hr class=\"wp-block-separator has-css-opacity\"\/>\n\n\n\n<h3 class=\"wp-block-heading\">REACH compliance<\/h3>\n\n\n<div class=\"wp-block-image\">\n<figure class=\"alignright size-large\"><img loading=\"lazy\" decoding=\"async\" width=\"130\" height=\"200\" src=\"https:\/\/repasupplies.com\/wp-content\/uploads\/2020\/06\/reach.jpg\" alt=\"\" class=\"wp-image-348\"\/><\/figure>\n<\/div>\n\n\n<p>REACH ist die Abk\u00fcrzung f\u00fcr die Registrierung, Bewertung, Zulassung und Beschr\u00e4nkung von Chemikalien (englisch: Registration, Evaluation, Authorization and Restriction of Chemicals). Diese europ\u00e4ische Verordnung verfolgt das Ziel, die \u00f6ffentliche Gesundheit und die Umwelt durch die schnellere und bessere Identifizierung der intrinsischen Eigenschaften von Chemikalien besser zu sch\u00fctzen.<\/p>\n\n\n\n<p>Gleichzeitig richtet sich REACH auf die Verbesserung der Innovations- und Konkurrenzf\u00e4higkeit der europ\u00e4ischen chemischen Industrie. REACH gilt f\u00fcr alle in der EU produzierten oder importierten Chemikalien oder chemischen Produkte.<\/p>\n\n\n\n<hr class=\"wp-block-separator has-css-opacity\"\/>\n\n\n\n<h3 class=\"wp-block-heading\">RoHS compliance<\/h3>\n\n\n<div class=\"wp-block-image\">\n<figure class=\"alignleft size-large\"><img loading=\"lazy\" decoding=\"async\" width=\"197\" height=\"198\" src=\"https:\/\/repasupplies.com\/wp-content\/uploads\/2020\/06\/rohs.jpg\" alt=\"\" class=\"wp-image-353\" srcset=\"https:\/\/repasupplies.com\/wp-content\/uploads\/2020\/06\/rohs.jpg 197w, https:\/\/repasupplies.com\/wp-content\/uploads\/2020\/06\/rohs-150x150.jpg 150w\" sizes=\"auto, (max-width: 197px) 100vw, 197px\" \/><\/figure>\n<\/div>\n\n\n<p>Die RoHS (englisch: Restriction of Hazardous Substances)-Richtlinie, die f\u00fcr jeden Mitgliedsstaat der EU gilt, soll die Verwendung bestimmter gef\u00e4hrlicher Stoffen in elektrischen und elektronischen Apparaten einschr\u00e4nken. Dabei handelt es sich besonders um die sechs folgende Stoffe: Quecksilber, Chrom, Blei, Cadmium, polybromierte Biphenyle und polybromierte Diphenylether.<\/p>\n\n\n\n<hr class=\"wp-block-separator has-css-opacity\"\/>\n\n\n\n<h3 class=\"wp-block-heading\">PAHs<\/h3>\n\n\n<div class=\"wp-block-image\">\n<figure class=\"alignright size-large\"><img loading=\"lazy\" decoding=\"async\" width=\"300\" height=\"200\" src=\"https:\/\/repasupplies.com\/wp-content\/uploads\/2020\/06\/pahs.jpg\" alt=\"\" class=\"wp-image-356\"\/><\/figure>\n<\/div>\n\n\n<p>PAHs (englisch: Polycyclic Aromatic Hydrocarbons, deutsch PAK: polyzyklische aromatische Kohlenwasserstoffe) sind krebserregend und allgemeinen gesundheitssch\u00e4dlich. Diese Stoffe finden sich in verschiedenen Materialien wie Holz, Lebensmitteln und Tabak. Industriezweige, die mit diesen Materialien arbeiten, m\u00fcssen alles daran tun, den Aussto\u00df von PAHs zu verhindern.<\/p>\n\n\n\n<p>Die PAHs-Verordnung sorgt daf\u00fcr, dass alle Produkte die gesetzlichen Anforderungen bez\u00fcglich dieser Schadstoffe erf\u00fcllen.<\/p>\n","protected":false},"excerpt":{"rendered":"<p>Hinsichtlich Sicherheit und Qualit\u00e4tsniveau ist es f\u00fcr Sie angenehm zu wissen, dass wir ausreichend zertifiziert sind. Seit 1998 verf\u00fcgt REPA \u00fcber die folgenden Zertifikate: VCA Die VCA (niederl\u00e4ndisch: Veiligheid, Gezondheid en Milieu Checklist Aannemers, deutsch: Sicherheits-, Gesundheits- und Umweltcheckliste der Bauunternehmer) ist ein Programm, das sich auf die Steigerung der Sicherheit von Betriebsprozessen richtet. Ein [&hellip;]<\/p>\n","protected":false},"author":1,"featured_media":0,"parent":0,"menu_order":0,"comment_status":"closed","ping_status":"closed","template":"","meta":{"_acf_changed":false,"footnotes":""},"class_list":["post-1307","page","type-page","status-publish","hentry"],"acf":[],"_links":{"self":[{"href":"https:\/\/repasupplies.com\/de\/wp-json\/wp\/v2\/pages\/1307","targetHints":{"allow":["GET"]}}],"collection":[{"href":"https:\/\/repasupplies.com\/de\/wp-json\/wp\/v2\/pages"}],"about":[{"href":"https:\/\/repasupplies.com\/de\/wp-json\/wp\/v2\/types\/page"}],"author":[{"embeddable":true,"href":"https:\/\/repasupplies.com\/de\/wp-json\/wp\/v2\/users\/1"}],"replies":[{"embeddable":true,"href":"https:\/\/repasupplies.com\/de\/wp-json\/wp\/v2\/comments?post=1307"}],"version-history":[{"count":5,"href":"https:\/\/repasupplies.com\/de\/wp-json\/wp\/v2\/pages\/1307\/revisions"}],"predecessor-version":[{"id":5475,"href":"https:\/\/repasupplies.com\/de\/wp-json\/wp\/v2\/pages\/1307\/revisions\/5475"}],"wp:attachment":[{"href":"https:\/\/repasupplies.com\/de\/wp-json\/wp\/v2\/media?parent=1307"}],"curies":[{"name":"wp","href":"https:\/\/api.w.org\/{rel}","templated":true}]}}