{"id":1311,"date":"2020-07-31T05:31:21","date_gmt":"2020-07-31T05:31:21","guid":{"rendered":"https:\/\/repasupplies.com\/?page_id=1311"},"modified":"2020-08-25T15:17:55","modified_gmt":"2020-08-25T15:17:55","slug":"stellenangebote","status":"publish","type":"page","link":"https:\/\/repasupplies.com\/de\/stellenangebote\/","title":{"rendered":"Stellenangebote"},"content":{"rendered":"\n<p>F\u00fcr unser Unternehmen in den Niederlanden (Umgebung Alkmaar) suchen wir Mitarbeiter mit ausgezeichneten Deutschkenntnissen. Es ist uns ein Anliegen, dass wir den Kontakt mit unseren Partnern in ihrer eigenen Sprache pflegen k\u00f6nnen.<\/p>\n\n\n\n<p>Bei Repa arbeiten wir professionell und engagiert und unterst\u00fctzen unsere Kunden mit unseren Qualit\u00e4tsprodukten optimal. Wir sind stolz darauf, dass wir Europas gr\u00f6\u00dfter Single Source Supplier sind, und halten diesen Ruf schon mehr als 25 Jahre mit gro\u00dfer Begeisterung und Teamgeist in Ehren.<\/p>\n\n\n\n<p>Erkennst du dich in unserem Profil und kannst du es nicht erwarten, unser(e) REPA-Kollege\/in zu werden? M\u00f6chtest du unser Team mit deiner Tatkraft und deinen Kenntnissen erg\u00e4nzen? Schau dann schnell, ob du hier unten ein Stellenangebot findest, das zu dir passt, und bewerbe dich!<\/p>\n\n\n\n<p>Du siehst kein German passendes Angebot, m\u00f6chtest aber doch ein Gespr\u00e4ch mit uns f\u00fchren? Sende deine Initiativbewerbung und erkl\u00e4re uns, warum du der Mitarbeiter\/die Mitarbeiterin bist, den\/die wir brauchen. Wir freuen uns auf deine Bewerbung!<\/p>\n","protected":false},"excerpt":{"rendered":"<p>F\u00fcr unser Unternehmen in den Niederlanden (Umgebung Alkmaar) suchen wir Mitarbeiter mit ausgezeichneten Deutschkenntnissen. Es ist uns ein Anliegen, dass wir den Kontakt mit unseren Partnern in ihrer eigenen Sprache pflegen k\u00f6nnen. Bei Repa arbeiten wir professionell und engagiert und unterst\u00fctzen unsere Kunden mit unseren Qualit\u00e4tsprodukten optimal. Wir sind stolz darauf, dass wir Europas gr\u00f6\u00dfter [&hellip;]<\/p>\n","protected":false},"author":1,"featured_media":0,"parent":0,"menu_order":0,"comment_status":"closed","ping_status":"closed","template":"templates\/template-Vacancies.php","meta":{"_acf_changed":false,"footnotes":""},"class_list":["post-1311","page","type-page","status-publish","hentry"],"acf":[],"_links":{"self":[{"href":"https:\/\/repasupplies.com\/de\/wp-json\/wp\/v2\/pages\/1311","targetHints":{"allow":["GET"]}}],"collection":[{"href":"https:\/\/repasupplies.com\/de\/wp-json\/wp\/v2\/pages"}],"about":[{"href":"https:\/\/repasupplies.com\/de\/wp-json\/wp\/v2\/types\/page"}],"author":[{"embeddable":true,"href":"https:\/\/repasupplies.com\/de\/wp-json\/wp\/v2\/users\/1"}],"replies":[{"embeddable":true,"href":"https:\/\/repasupplies.com\/de\/wp-json\/wp\/v2\/comments?post=1311"}],"version-history":[{"count":5,"href":"https:\/\/repasupplies.com\/de\/wp-json\/wp\/v2\/pages\/1311\/revisions"}],"predecessor-version":[{"id":2077,"href":"https:\/\/repasupplies.com\/de\/wp-json\/wp\/v2\/pages\/1311\/revisions\/2077"}],"wp:attachment":[{"href":"https:\/\/repasupplies.com\/de\/wp-json\/wp\/v2\/media?parent=1311"}],"curies":[{"name":"wp","href":"https:\/\/api.w.org\/{rel}","templated":true}]}}