{"id":1313,"date":"2020-07-31T05:34:05","date_gmt":"2020-07-31T05:34:05","guid":{"rendered":"https:\/\/repasupplies.com\/?page_id=1313"},"modified":"2021-01-06T12:49:44","modified_gmt":"2021-01-06T12:49:44","slug":"flachfoerderbaender","status":"publish","type":"page","link":"https:\/\/repasupplies.com\/de\/flachfoerderbaender\/","title":{"rendered":"Flachf\u00f6rderb\u00e4nder"},"content":{"rendered":"\n<p>F\u00f6rderb\u00e4nder bilden in vielen verschiedenen Industriezweigen, wie der Rohstoffverarbeitung, der Stahl- und Recyclingindustrie und der Papier-, Holz-, Zement- und chemischen Industrie, die Basis fast aller Transportsysteme. Und fast alles kann damit transportiert werden: Holz, Eisen Glas, Beton, lose Abfallprodukte und vieles mehr.<\/p>\n\n\n\n<p>Ein Flachf\u00f6rderband aus Gummi ist in vielen Sorten und Gr\u00f6\u00dfen erh\u00e4ltlich; es kann verschiedene Merkmale haben. Es gibt Standard-Flachf\u00f6rderer, Sie k\u00f6nnen sich aber auch f\u00fcr querstabile B\u00e4nder, Ripstop-B\u00e4nder mit Stahlseileinlagen (wodurch Rei\u00dfen unm\u00f6glich wird) und Gleitbandf\u00f6rderer (mit Gewebe an der Unterseite) entscheiden. Au\u00dferdem sind fast alle Flachf\u00f6rderer in einer \u00f6l- und fettbest\u00e4ndigen Ausf\u00fchrung und einer hitzebest\u00e4ndigen Ausf\u00fchrung lieferbar.<\/p>\n","protected":false},"excerpt":{"rendered":"<p>F\u00f6rderb\u00e4nder bilden in vielen verschiedenen Industriezweigen, wie der Rohstoffverarbeitung, der Stahl- und Recyclingindustrie und der Papier-, Holz-, Zement- und chemischen Industrie, die Basis fast aller Transportsysteme. Und fast alles kann damit transportiert werden: Holz, Eisen Glas, Beton, lose Abfallprodukte und vieles mehr. Ein Flachf\u00f6rderband aus Gummi ist in vielen Sorten und Gr\u00f6\u00dfen erh\u00e4ltlich; es kann [&hellip;]<\/p>\n","protected":false},"author":1,"featured_media":0,"parent":0,"menu_order":0,"comment_status":"closed","ping_status":"closed","template":"templates\/template-product.php","meta":{"_acf_changed":false,"footnotes":""},"class_list":["post-1313","page","type-page","status-publish","hentry"],"acf":[],"_links":{"self":[{"href":"https:\/\/repasupplies.com\/de\/wp-json\/wp\/v2\/pages\/1313","targetHints":{"allow":["GET"]}}],"collection":[{"href":"https:\/\/repasupplies.com\/de\/wp-json\/wp\/v2\/pages"}],"about":[{"href":"https:\/\/repasupplies.com\/de\/wp-json\/wp\/v2\/types\/page"}],"author":[{"embeddable":true,"href":"https:\/\/repasupplies.com\/de\/wp-json\/wp\/v2\/users\/1"}],"replies":[{"embeddable":true,"href":"https:\/\/repasupplies.com\/de\/wp-json\/wp\/v2\/comments?post=1313"}],"version-history":[{"count":5,"href":"https:\/\/repasupplies.com\/de\/wp-json\/wp\/v2\/pages\/1313\/revisions"}],"predecessor-version":[{"id":2487,"href":"https:\/\/repasupplies.com\/de\/wp-json\/wp\/v2\/pages\/1313\/revisions\/2487"}],"wp:attachment":[{"href":"https:\/\/repasupplies.com\/de\/wp-json\/wp\/v2\/media?parent=1313"}],"curies":[{"name":"wp","href":"https:\/\/api.w.org\/{rel}","templated":true}]}}