{"id":1315,"date":"2020-07-31T05:35:51","date_gmt":"2020-07-31T05:35:51","guid":{"rendered":"https:\/\/repasupplies.com\/?page_id=1315"},"modified":"2020-09-11T07:19:11","modified_gmt":"2020-09-11T07:19:11","slug":"supergrip-foerderbaender","status":"publish","type":"page","link":"https:\/\/repasupplies.com\/de\/supergrip-foerderbaender\/","title":{"rendered":"Supergrip-F\u00f6rderb\u00e4nder"},"content":{"rendered":"\n<p>Supergrip-F\u00f6rderb\u00e4nder sind an Stellen unentbehrlich, an denen extra Haftung beim Transportieren von G\u00fctern oder Objekten notwendig ist. Das ist oft bei der Gep\u00e4ckabfertigung auf Flugh\u00e4fen, in der Logistik und in der Lebensmittelindustrie der Fall. Aber auch bei Attraktionen in Freizeitparks k\u00f6nnen spezielle Supergrip-B\u00e4nder erforderlich sein. REPA kann f\u00fcr jede Branche und jeden Verwendungszweck ein geeignetes Supergrip-Band liefern.<\/p>\n\n\n\n<p>Supergrip- oder Rough-Top-F\u00f6rderb\u00e4nder k\u00f6nnen mit einer Gummi- oder Gewebeunterseite geliefert werden, so dass sie sowohl \u00fcber Rollen als auch \u00fcber eine Gleitplatte laufen k\u00f6nnen.&nbsp;<\/p>\n","protected":false},"excerpt":{"rendered":"<p>Supergrip-F\u00f6rderb\u00e4nder sind an Stellen unentbehrlich, an denen extra Haftung beim Transportieren von G\u00fctern oder Objekten notwendig ist. Das ist oft bei der Gep\u00e4ckabfertigung auf Flugh\u00e4fen, in der Logistik und in der Lebensmittelindustrie der Fall. Aber auch bei Attraktionen in Freizeitparks k\u00f6nnen spezielle Supergrip-B\u00e4nder erforderlich sein. REPA kann f\u00fcr jede Branche und jeden Verwendungszweck ein geeignetes [&hellip;]<\/p>\n","protected":false},"author":1,"featured_media":0,"parent":0,"menu_order":0,"comment_status":"closed","ping_status":"closed","template":"templates\/template-product.php","meta":{"_acf_changed":false,"footnotes":""},"class_list":["post-1315","page","type-page","status-publish","hentry"],"acf":[],"_links":{"self":[{"href":"https:\/\/repasupplies.com\/de\/wp-json\/wp\/v2\/pages\/1315","targetHints":{"allow":["GET"]}}],"collection":[{"href":"https:\/\/repasupplies.com\/de\/wp-json\/wp\/v2\/pages"}],"about":[{"href":"https:\/\/repasupplies.com\/de\/wp-json\/wp\/v2\/types\/page"}],"author":[{"embeddable":true,"href":"https:\/\/repasupplies.com\/de\/wp-json\/wp\/v2\/users\/1"}],"replies":[{"embeddable":true,"href":"https:\/\/repasupplies.com\/de\/wp-json\/wp\/v2\/comments?post=1315"}],"version-history":[{"count":5,"href":"https:\/\/repasupplies.com\/de\/wp-json\/wp\/v2\/pages\/1315\/revisions"}],"predecessor-version":[{"id":2250,"href":"https:\/\/repasupplies.com\/de\/wp-json\/wp\/v2\/pages\/1315\/revisions\/2250"}],"wp:attachment":[{"href":"https:\/\/repasupplies.com\/de\/wp-json\/wp\/v2\/media?parent=1315"}],"curies":[{"name":"wp","href":"https:\/\/api.w.org\/{rel}","templated":true}]}}