{"id":1317,"date":"2020-07-31T05:38:19","date_gmt":"2020-07-31T05:38:19","guid":{"rendered":"https:\/\/repasupplies.com\/?page_id=1317"},"modified":"2020-09-11T07:21:08","modified_gmt":"2020-09-11T07:21:08","slug":"profilfoerderbaender","status":"publish","type":"page","link":"https:\/\/repasupplies.com\/de\/profilfoerderbaender\/","title":{"rendered":"Profilf\u00f6rderb\u00e4nder"},"content":{"rendered":"\n<p>Profilf\u00f6rderb\u00e4nder werden zum Transport von G\u00fctern auf geneigten Oberfl\u00e4chen verwendet. Dies kann in vielen Sektoren und Betrieben erforderlich sein, z. B. im Stra\u00dfenbau, in Maschinenfabriken, Recycling, Transport und Logistik, in der Salzindustrie, der Landwirtschaft und in Zementfabriken.<\/p>\n\n\n\n<p>Wir haben eine sehr umfangreiche Palette an Profilb\u00e4ndern mit Profilen in verschiedenen Formen und Dicken. Ein Beispiel ist das oft verwendete Profilband mit einer V-Form, das auch Chevron-Profilband genannt wird. Wir haben f\u00fcr jeden Verwendungszweck das passende F\u00f6rderband f\u00fcr Sie.<\/p>\n\n\n\n<p>Sie k\u00f6nnen verschiedene Eigenschaften als Suchkriterien f\u00fcr das am besten geeignete Profilband verwenden, z. B. Profilh\u00f6he, Profilbreite und F\u00f6rderbandbreite.<\/p>\n","protected":false},"excerpt":{"rendered":"<p>Profilf\u00f6rderb\u00e4nder werden zum Transport von G\u00fctern auf geneigten Oberfl\u00e4chen verwendet. Dies kann in vielen Sektoren und Betrieben erforderlich sein, z. B. im Stra\u00dfenbau, in Maschinenfabriken, Recycling, Transport und Logistik, in der Salzindustrie, der Landwirtschaft und in Zementfabriken. Wir haben eine sehr umfangreiche Palette an Profilb\u00e4ndern mit Profilen in verschiedenen Formen und Dicken. Ein Beispiel ist [&hellip;]<\/p>\n","protected":false},"author":1,"featured_media":0,"parent":0,"menu_order":0,"comment_status":"closed","ping_status":"closed","template":"templates\/template-product.php","meta":{"_acf_changed":false,"footnotes":""},"class_list":["post-1317","page","type-page","status-publish","hentry"],"acf":[],"_links":{"self":[{"href":"https:\/\/repasupplies.com\/de\/wp-json\/wp\/v2\/pages\/1317","targetHints":{"allow":["GET"]}}],"collection":[{"href":"https:\/\/repasupplies.com\/de\/wp-json\/wp\/v2\/pages"}],"about":[{"href":"https:\/\/repasupplies.com\/de\/wp-json\/wp\/v2\/types\/page"}],"author":[{"embeddable":true,"href":"https:\/\/repasupplies.com\/de\/wp-json\/wp\/v2\/users\/1"}],"replies":[{"embeddable":true,"href":"https:\/\/repasupplies.com\/de\/wp-json\/wp\/v2\/comments?post=1317"}],"version-history":[{"count":5,"href":"https:\/\/repasupplies.com\/de\/wp-json\/wp\/v2\/pages\/1317\/revisions"}],"predecessor-version":[{"id":2253,"href":"https:\/\/repasupplies.com\/de\/wp-json\/wp\/v2\/pages\/1317\/revisions\/2253"}],"wp:attachment":[{"href":"https:\/\/repasupplies.com\/de\/wp-json\/wp\/v2\/media?parent=1317"}],"curies":[{"name":"wp","href":"https:\/\/api.w.org\/{rel}","templated":true}]}}