{"id":1319,"date":"2020-07-31T05:40:11","date_gmt":"2020-07-31T05:40:11","guid":{"rendered":"https:\/\/repasupplies.com\/?page_id=1319"},"modified":"2020-09-11T07:23:49","modified_gmt":"2020-09-11T07:23:49","slug":"elevator-foerderband","status":"publish","type":"page","link":"https:\/\/repasupplies.com\/de\/elevator-foerderband\/","title":{"rendered":"Elevator-F\u00f6rderband"},"content":{"rendered":"\n<p>Elevator- oder Steigf\u00f6rderb\u00e4nder sind speziell daf\u00fcr entwickelt, lose Produkte vertikal zu transportieren. Durch die Zusammensetzung und die Positionierung der B\u00e4nder und das Hinzuf\u00fcgen von Elevator-Schaufeln kommen alle Produkte sicher und ordentlich an der richtigen Stelle an.<\/p>\n\n\n\n<p>Steigf\u00f6rderb\u00e4nder werden in unterschiedlichen Industriezweigen verwendet, zum Transportieren von Pulver, Sand, landwirtschaftlichen Produkten, Glas, Futtermittel, Holz und vielen weiteren (Roh-)Stoffen und Materialien.&nbsp;&nbsp;&nbsp;<\/p>\n","protected":false},"excerpt":{"rendered":"<p>Elevator- oder Steigf\u00f6rderb\u00e4nder sind speziell daf\u00fcr entwickelt, lose Produkte vertikal zu transportieren. Durch die Zusammensetzung und die Positionierung der B\u00e4nder und das Hinzuf\u00fcgen von Elevator-Schaufeln kommen alle Produkte sicher und ordentlich an der richtigen Stelle an. Steigf\u00f6rderb\u00e4nder werden in unterschiedlichen Industriezweigen verwendet, zum Transportieren von Pulver, Sand, landwirtschaftlichen Produkten, Glas, Futtermittel, Holz und vielen weiteren [&hellip;]<\/p>\n","protected":false},"author":1,"featured_media":0,"parent":0,"menu_order":0,"comment_status":"closed","ping_status":"closed","template":"templates\/template-product.php","meta":{"_acf_changed":false,"footnotes":""},"class_list":["post-1319","page","type-page","status-publish","hentry"],"acf":[],"_links":{"self":[{"href":"https:\/\/repasupplies.com\/de\/wp-json\/wp\/v2\/pages\/1319","targetHints":{"allow":["GET"]}}],"collection":[{"href":"https:\/\/repasupplies.com\/de\/wp-json\/wp\/v2\/pages"}],"about":[{"href":"https:\/\/repasupplies.com\/de\/wp-json\/wp\/v2\/types\/page"}],"author":[{"embeddable":true,"href":"https:\/\/repasupplies.com\/de\/wp-json\/wp\/v2\/users\/1"}],"replies":[{"embeddable":true,"href":"https:\/\/repasupplies.com\/de\/wp-json\/wp\/v2\/comments?post=1319"}],"version-history":[{"count":5,"href":"https:\/\/repasupplies.com\/de\/wp-json\/wp\/v2\/pages\/1319\/revisions"}],"predecessor-version":[{"id":2257,"href":"https:\/\/repasupplies.com\/de\/wp-json\/wp\/v2\/pages\/1319\/revisions\/2257"}],"wp:attachment":[{"href":"https:\/\/repasupplies.com\/de\/wp-json\/wp\/v2\/media?parent=1319"}],"curies":[{"name":"wp","href":"https:\/\/api.w.org\/{rel}","templated":true}]}}