{"id":1321,"date":"2020-07-31T05:41:39","date_gmt":"2020-07-31T05:41:39","guid":{"rendered":"https:\/\/repasupplies.com\/?page_id=1321"},"modified":"2020-09-11T07:26:02","modified_gmt":"2020-09-11T07:26:02","slug":"salzfoerderbaender","status":"publish","type":"page","link":"https:\/\/repasupplies.com\/de\/salzfoerderbaender\/","title":{"rendered":"Salzf\u00f6rderb\u00e4nder"},"content":{"rendered":"\n<p>F\u00f6rderb\u00e4nder sind bei professionellen Salzstreumaschinen sehr praktisch. Das F\u00f6rderband sorgt daf\u00fcr, dass das Salz gleichm\u00e4\u00dfig \u00fcber die Streuscheibe verteilt wird. Ein F\u00f6rderband erm\u00f6glicht es auch, au\u00dfer Salz auch anderes Material zu streuen, wie Sand oder Grit.<\/p>\n\n\n\n<p>F\u00f6rderb\u00e4nder f\u00fcr Salzstreumaschinen oder Salzb\u00e4nder sind speziell f\u00fcr die Verwendung auf sehr kleinen Trommeln und hohe Geschwindigkeiten entwickelt. Die Kombination eines abgeflachten Profils und einer hohen Zugfestigkeit ergibt ein leicht lenkbares Produkt. Salzb\u00e4nder sind selbstverst\u00e4ndlich salzbest\u00e4ndig und f\u00fcr (extreme) Witterungsverh\u00e4ltnisse geeignet.<\/p>\n","protected":false},"excerpt":{"rendered":"<p>F\u00f6rderb\u00e4nder sind bei professionellen Salzstreumaschinen sehr praktisch. Das F\u00f6rderband sorgt daf\u00fcr, dass das Salz gleichm\u00e4\u00dfig \u00fcber die Streuscheibe verteilt wird. Ein F\u00f6rderband erm\u00f6glicht es auch, au\u00dfer Salz auch anderes Material zu streuen, wie Sand oder Grit. F\u00f6rderb\u00e4nder f\u00fcr Salzstreumaschinen oder Salzb\u00e4nder sind speziell f\u00fcr die Verwendung auf sehr kleinen Trommeln und hohe Geschwindigkeiten entwickelt. Die [&hellip;]<\/p>\n","protected":false},"author":1,"featured_media":0,"parent":0,"menu_order":0,"comment_status":"closed","ping_status":"closed","template":"templates\/template-product.php","meta":{"_acf_changed":false,"footnotes":""},"class_list":["post-1321","page","type-page","status-publish","hentry"],"acf":[],"_links":{"self":[{"href":"https:\/\/repasupplies.com\/de\/wp-json\/wp\/v2\/pages\/1321","targetHints":{"allow":["GET"]}}],"collection":[{"href":"https:\/\/repasupplies.com\/de\/wp-json\/wp\/v2\/pages"}],"about":[{"href":"https:\/\/repasupplies.com\/de\/wp-json\/wp\/v2\/types\/page"}],"author":[{"embeddable":true,"href":"https:\/\/repasupplies.com\/de\/wp-json\/wp\/v2\/users\/1"}],"replies":[{"embeddable":true,"href":"https:\/\/repasupplies.com\/de\/wp-json\/wp\/v2\/comments?post=1321"}],"version-history":[{"count":5,"href":"https:\/\/repasupplies.com\/de\/wp-json\/wp\/v2\/pages\/1321\/revisions"}],"predecessor-version":[{"id":2260,"href":"https:\/\/repasupplies.com\/de\/wp-json\/wp\/v2\/pages\/1321\/revisions\/2260"}],"wp:attachment":[{"href":"https:\/\/repasupplies.com\/de\/wp-json\/wp\/v2\/media?parent=1321"}],"curies":[{"name":"wp","href":"https:\/\/api.w.org\/{rel}","templated":true}]}}