{"id":1323,"date":"2020-07-31T05:43:11","date_gmt":"2020-07-31T05:43:11","guid":{"rendered":"https:\/\/repasupplies.com\/?page_id=1323"},"modified":"2020-09-11T07:28:32","modified_gmt":"2020-09-11T07:28:32","slug":"saegemehl-foerderbaender","status":"publish","type":"page","link":"https:\/\/repasupplies.com\/de\/saegemehl-foerderbaender\/","title":{"rendered":"S\u00e4gemehl-F\u00f6rderb\u00e4nder"},"content":{"rendered":"\n<p>In der Holzverarbeitungsindustrie werden F\u00f6rderb\u00e4nder mit&nbsp; ganz spezifischen Eigenschaften gebraucht. Beim Transport von Baumst\u00e4mmen und gro\u00dfen Holzbl\u00f6cken werden in der Regel Solid Woven- oder Ripstop-B\u00e4nder verwendet. F\u00fcr die feineren S\u00e4geabf\u00e4lle sind F\u00f6rderb\u00e4nder mit einer anderen Struktur und Konstruktionsform erforderlich. Wenn Sie Betriebe beliefern, die S\u00e4gemehl und Holzpulver entsorgen m\u00fcssen, sollten Sie sich f\u00fcr unsere speziell f\u00fcr diesen Zweck hergestellten S\u00e4gemehl-F\u00f6rderb\u00e4nder entscheiden.<\/p>\n","protected":false},"excerpt":{"rendered":"<p>In der Holzverarbeitungsindustrie werden F\u00f6rderb\u00e4nder mit&nbsp; ganz spezifischen Eigenschaften gebraucht. Beim Transport von Baumst\u00e4mmen und gro\u00dfen Holzbl\u00f6cken werden in der Regel Solid Woven- oder Ripstop-B\u00e4nder verwendet. F\u00fcr die feineren S\u00e4geabf\u00e4lle sind F\u00f6rderb\u00e4nder mit einer anderen Struktur und Konstruktionsform erforderlich. Wenn Sie Betriebe beliefern, die S\u00e4gemehl und Holzpulver entsorgen m\u00fcssen, sollten Sie sich f\u00fcr unsere speziell [&hellip;]<\/p>\n","protected":false},"author":1,"featured_media":0,"parent":0,"menu_order":0,"comment_status":"closed","ping_status":"closed","template":"templates\/template-product.php","meta":{"_acf_changed":false,"footnotes":""},"class_list":["post-1323","page","type-page","status-publish","hentry"],"acf":[],"_links":{"self":[{"href":"https:\/\/repasupplies.com\/de\/wp-json\/wp\/v2\/pages\/1323","targetHints":{"allow":["GET"]}}],"collection":[{"href":"https:\/\/repasupplies.com\/de\/wp-json\/wp\/v2\/pages"}],"about":[{"href":"https:\/\/repasupplies.com\/de\/wp-json\/wp\/v2\/types\/page"}],"author":[{"embeddable":true,"href":"https:\/\/repasupplies.com\/de\/wp-json\/wp\/v2\/users\/1"}],"replies":[{"embeddable":true,"href":"https:\/\/repasupplies.com\/de\/wp-json\/wp\/v2\/comments?post=1323"}],"version-history":[{"count":5,"href":"https:\/\/repasupplies.com\/de\/wp-json\/wp\/v2\/pages\/1323\/revisions"}],"predecessor-version":[{"id":2264,"href":"https:\/\/repasupplies.com\/de\/wp-json\/wp\/v2\/pages\/1323\/revisions\/2264"}],"wp:attachment":[{"href":"https:\/\/repasupplies.com\/de\/wp-json\/wp\/v2\/media?parent=1323"}],"curies":[{"name":"wp","href":"https:\/\/api.w.org\/{rel}","templated":true}]}}