{"id":1325,"date":"2020-07-31T05:44:26","date_gmt":"2020-07-31T05:44:26","guid":{"rendered":"https:\/\/repasupplies.com\/?page_id=1325"},"modified":"2020-09-11T07:30:30","modified_gmt":"2020-09-11T07:30:30","slug":"solid-woven-foerderbaender","status":"publish","type":"page","link":"https:\/\/repasupplies.com\/de\/solid-woven-foerderbaender\/","title":{"rendered":"Solid Woven-F\u00f6rderb\u00e4nder"},"content":{"rendered":"\n<p>In Industriezweigen und bei Verwendungszwecken, bei denen F\u00f6rderb\u00e4nder mit einer spezifischen Dicke sowie einer sehr hohen Zugfestigkeit erforderlich sind, stellen Solid Woven- (SW-)B\u00e4nder meist die beste L\u00f6sung dar. Bei diesen B\u00e4ndern wird nur eine Schicht verwendet, die dick gewebt, extra rei\u00dffest und auch gegen andere Besch\u00e4digungen unempfindlich ist.<\/p>\n\n\n\n<p>Solid Woven-F\u00f6rderb\u00e4nder besitzen gute Lenkeigenschaften und sind sehr robust. Sie k\u00f6nnen sowohl f\u00fcr die schwersten Verwendungszwecke als auch f\u00fcr kleine Maschinen und Trommeln benutzt werden, bei denen hohe Geschwindigkeiten erreicht werden m\u00fcssen.<\/p>\n","protected":false},"excerpt":{"rendered":"<p>In Industriezweigen und bei Verwendungszwecken, bei denen F\u00f6rderb\u00e4nder mit einer spezifischen Dicke sowie einer sehr hohen Zugfestigkeit erforderlich sind, stellen Solid Woven- (SW-)B\u00e4nder meist die beste L\u00f6sung dar. Bei diesen B\u00e4ndern wird nur eine Schicht verwendet, die dick gewebt, extra rei\u00dffest und auch gegen andere Besch\u00e4digungen unempfindlich ist. Solid Woven-F\u00f6rderb\u00e4nder besitzen gute Lenkeigenschaften und sind [&hellip;]<\/p>\n","protected":false},"author":1,"featured_media":0,"parent":0,"menu_order":0,"comment_status":"closed","ping_status":"closed","template":"templates\/template-product.php","meta":{"_acf_changed":false,"footnotes":""},"class_list":["post-1325","page","type-page","status-publish","hentry"],"acf":[],"_links":{"self":[{"href":"https:\/\/repasupplies.com\/de\/wp-json\/wp\/v2\/pages\/1325","targetHints":{"allow":["GET"]}}],"collection":[{"href":"https:\/\/repasupplies.com\/de\/wp-json\/wp\/v2\/pages"}],"about":[{"href":"https:\/\/repasupplies.com\/de\/wp-json\/wp\/v2\/types\/page"}],"author":[{"embeddable":true,"href":"https:\/\/repasupplies.com\/de\/wp-json\/wp\/v2\/users\/1"}],"replies":[{"embeddable":true,"href":"https:\/\/repasupplies.com\/de\/wp-json\/wp\/v2\/comments?post=1325"}],"version-history":[{"count":4,"href":"https:\/\/repasupplies.com\/de\/wp-json\/wp\/v2\/pages\/1325\/revisions"}],"predecessor-version":[{"id":2267,"href":"https:\/\/repasupplies.com\/de\/wp-json\/wp\/v2\/pages\/1325\/revisions\/2267"}],"wp:attachment":[{"href":"https:\/\/repasupplies.com\/de\/wp-json\/wp\/v2\/media?parent=1325"}],"curies":[{"name":"wp","href":"https:\/\/api.w.org\/{rel}","templated":true}]}}