{"id":1327,"date":"2020-07-31T05:45:39","date_gmt":"2020-07-31T05:45:39","guid":{"rendered":"https:\/\/repasupplies.com\/?page_id=1327"},"modified":"2020-09-11T07:32:10","modified_gmt":"2020-09-11T07:32:10","slug":"hitzebestaendige-foerderbaender","status":"publish","type":"page","link":"https:\/\/repasupplies.com\/de\/hitzebestaendige-foerderbaender\/","title":{"rendered":"Hitzebest\u00e4ndige F\u00f6rderb\u00e4nder"},"content":{"rendered":"\n<p>In&nbsp; Maschinen und Anlagen, in denen hei\u00dfe Produkte transportiert werden \u2013 wie in H\u00e4fen, in der Zement- Recycling- und Stahlindustrie \u2013 werden F\u00f6rderb\u00e4nder gebraucht, die hohen Temperaturen ausgesetzt werden k\u00f6nnen.<\/p>\n\n\n\n<p>Unter dem Einfluss extremer Hitze k\u00f6nnen F\u00f6rderb\u00e4nder schnell altern. Deckschichten, Einlagen und sogar N\u00e4hte k\u00f6nnen sich l\u00f6sen. Dadurch kann das Band rei\u00dfen und der gesamte Produktionsprozess zum Stillstand kommen. Das kostet nat\u00fcrlich Zeit und Geld. Um dies zu verhindern, verf\u00fcgt REPA \u00fcber qualitativ hochwertige, hitzebest\u00e4ndige F\u00f6rderb\u00e4nder f\u00fcr jeden Verwendungszweck.<\/p>\n","protected":false},"excerpt":{"rendered":"<p>In&nbsp; Maschinen und Anlagen, in denen hei\u00dfe Produkte transportiert werden \u2013 wie in H\u00e4fen, in der Zement- Recycling- und Stahlindustrie \u2013 werden F\u00f6rderb\u00e4nder gebraucht, die hohen Temperaturen ausgesetzt werden k\u00f6nnen. Unter dem Einfluss extremer Hitze k\u00f6nnen F\u00f6rderb\u00e4nder schnell altern. Deckschichten, Einlagen und sogar N\u00e4hte k\u00f6nnen sich l\u00f6sen. Dadurch kann das Band rei\u00dfen und der gesamte [&hellip;]<\/p>\n","protected":false},"author":1,"featured_media":0,"parent":0,"menu_order":0,"comment_status":"closed","ping_status":"closed","template":"templates\/template-product.php","meta":{"_acf_changed":false,"footnotes":""},"class_list":["post-1327","page","type-page","status-publish","hentry"],"acf":[],"_links":{"self":[{"href":"https:\/\/repasupplies.com\/de\/wp-json\/wp\/v2\/pages\/1327","targetHints":{"allow":["GET"]}}],"collection":[{"href":"https:\/\/repasupplies.com\/de\/wp-json\/wp\/v2\/pages"}],"about":[{"href":"https:\/\/repasupplies.com\/de\/wp-json\/wp\/v2\/types\/page"}],"author":[{"embeddable":true,"href":"https:\/\/repasupplies.com\/de\/wp-json\/wp\/v2\/users\/1"}],"replies":[{"embeddable":true,"href":"https:\/\/repasupplies.com\/de\/wp-json\/wp\/v2\/comments?post=1327"}],"version-history":[{"count":5,"href":"https:\/\/repasupplies.com\/de\/wp-json\/wp\/v2\/pages\/1327\/revisions"}],"predecessor-version":[{"id":2270,"href":"https:\/\/repasupplies.com\/de\/wp-json\/wp\/v2\/pages\/1327\/revisions\/2270"}],"wp:attachment":[{"href":"https:\/\/repasupplies.com\/de\/wp-json\/wp\/v2\/media?parent=1327"}],"curies":[{"name":"wp","href":"https:\/\/api.w.org\/{rel}","templated":true}]}}