{"id":1329,"date":"2020-07-31T05:46:53","date_gmt":"2020-07-31T05:46:53","guid":{"rendered":"https:\/\/repasupplies.com\/?page_id=1329"},"modified":"2020-09-11T07:34:42","modified_gmt":"2020-09-11T07:34:42","slug":"flammenloeschende-foerderbaender","status":"publish","type":"page","link":"https:\/\/repasupplies.com\/de\/flammenloeschende-foerderbaender\/","title":{"rendered":"Flammenl\u00f6schende F\u00f6rderb\u00e4nder"},"content":{"rendered":"\n<p>In verschiedenen Industriezweigen werden nicht nur F\u00f6rderb\u00e4nder gebraucht, die hohen Temperaturen ausgesetzt werden k\u00f6nnen, sondern es ist ebenfalls erforderlich, dass die B\u00e4nder aktiv Flammen l\u00f6schen oder eingrenzen k\u00f6nnen. Feuer kann schlie\u00dflich nicht nur an der Stelle, an der es ausbricht, schnell Schaden verursachen. Wenn es nicht beherrscht wird, kann Feuer sich schnell verbreiten und Explosionen hervorrufen.<\/p>\n\n\n\n<p>Aus diesem Grund k\u00f6nnen flammenl\u00f6schende F\u00f6rderb\u00e4nder eine absolute Notwendigkeit sein. Vor allem Betriebe im Bergbau, Energiezentralen und die Stahl-, Recycling- und Zementindustrie verwenden diese B\u00e4nder oft.&nbsp;<\/p>\n","protected":false},"excerpt":{"rendered":"<p>In verschiedenen Industriezweigen werden nicht nur F\u00f6rderb\u00e4nder gebraucht, die hohen Temperaturen ausgesetzt werden k\u00f6nnen, sondern es ist ebenfalls erforderlich, dass die B\u00e4nder aktiv Flammen l\u00f6schen oder eingrenzen k\u00f6nnen. Feuer kann schlie\u00dflich nicht nur an der Stelle, an der es ausbricht, schnell Schaden verursachen. Wenn es nicht beherrscht wird, kann Feuer sich schnell verbreiten und Explosionen [&hellip;]<\/p>\n","protected":false},"author":1,"featured_media":0,"parent":0,"menu_order":0,"comment_status":"closed","ping_status":"closed","template":"templates\/template-product.php","meta":{"_acf_changed":false,"footnotes":""},"class_list":["post-1329","page","type-page","status-publish","hentry"],"acf":[],"_links":{"self":[{"href":"https:\/\/repasupplies.com\/de\/wp-json\/wp\/v2\/pages\/1329","targetHints":{"allow":["GET"]}}],"collection":[{"href":"https:\/\/repasupplies.com\/de\/wp-json\/wp\/v2\/pages"}],"about":[{"href":"https:\/\/repasupplies.com\/de\/wp-json\/wp\/v2\/types\/page"}],"author":[{"embeddable":true,"href":"https:\/\/repasupplies.com\/de\/wp-json\/wp\/v2\/users\/1"}],"replies":[{"embeddable":true,"href":"https:\/\/repasupplies.com\/de\/wp-json\/wp\/v2\/comments?post=1329"}],"version-history":[{"count":5,"href":"https:\/\/repasupplies.com\/de\/wp-json\/wp\/v2\/pages\/1329\/revisions"}],"predecessor-version":[{"id":2274,"href":"https:\/\/repasupplies.com\/de\/wp-json\/wp\/v2\/pages\/1329\/revisions\/2274"}],"wp:attachment":[{"href":"https:\/\/repasupplies.com\/de\/wp-json\/wp\/v2\/media?parent=1329"}],"curies":[{"name":"wp","href":"https:\/\/api.w.org\/{rel}","templated":true}]}}