{"id":1331,"date":"2020-07-31T05:47:51","date_gmt":"2020-07-31T05:47:51","guid":{"rendered":"https:\/\/repasupplies.com\/?page_id=1331"},"modified":"2020-09-11T07:36:32","modified_gmt":"2020-09-11T07:36:32","slug":"trommelbekleidung","status":"publish","type":"page","link":"https:\/\/repasupplies.com\/de\/trommelbekleidung\/","title":{"rendered":"Trommelbekleidung"},"content":{"rendered":"\n<p>REPA liefert ein breites Angebot an Trommel-, Rollen- und Walzenbekleidung aus Gummi. Die Funktion dieser Bekleidung ist es vor allem, die Reibung zwischen Band und Trommel zu vergr\u00f6\u00dfern. Dadurch rutscht das F\u00f6rderband weniger und wird der Lauf des Bands \u2013 und damit der Betrieb der ganzen Anlage &#8211; verbessert.&nbsp;<\/p>\n\n\n\n<p>Gute Trommelbekleidung ist in der gesamten F\u00f6rderanlage unentbehrlich, da deren Verwendung die Lebensdauer der Trommel sowie des Bands verl\u00e4ngert. Wir verf\u00fcgen \u00fcber verschiedene Arten von Trommelbekleidung, die alle ihre spezifischen Eigenschaften besitzen, und zwar hinsichtlich Form, Zusammensetzung, H\u00e4rte, Elastizit\u00e4t und Best\u00e4ndigkeit gegen \u00d6l, Fett und S\u00e4ure.<\/p>\n","protected":false},"excerpt":{"rendered":"<p>REPA liefert ein breites Angebot an Trommel-, Rollen- und Walzenbekleidung aus Gummi. Die Funktion dieser Bekleidung ist es vor allem, die Reibung zwischen Band und Trommel zu vergr\u00f6\u00dfern. Dadurch rutscht das F\u00f6rderband weniger und wird der Lauf des Bands \u2013 und damit der Betrieb der ganzen Anlage &#8211; verbessert.&nbsp; Gute Trommelbekleidung ist in der gesamten [&hellip;]<\/p>\n","protected":false},"author":1,"featured_media":0,"parent":0,"menu_order":0,"comment_status":"closed","ping_status":"closed","template":"templates\/template-product.php","meta":{"_acf_changed":false,"footnotes":""},"class_list":["post-1331","page","type-page","status-publish","hentry"],"acf":[],"_links":{"self":[{"href":"https:\/\/repasupplies.com\/de\/wp-json\/wp\/v2\/pages\/1331","targetHints":{"allow":["GET"]}}],"collection":[{"href":"https:\/\/repasupplies.com\/de\/wp-json\/wp\/v2\/pages"}],"about":[{"href":"https:\/\/repasupplies.com\/de\/wp-json\/wp\/v2\/types\/page"}],"author":[{"embeddable":true,"href":"https:\/\/repasupplies.com\/de\/wp-json\/wp\/v2\/users\/1"}],"replies":[{"embeddable":true,"href":"https:\/\/repasupplies.com\/de\/wp-json\/wp\/v2\/comments?post=1331"}],"version-history":[{"count":5,"href":"https:\/\/repasupplies.com\/de\/wp-json\/wp\/v2\/pages\/1331\/revisions"}],"predecessor-version":[{"id":2277,"href":"https:\/\/repasupplies.com\/de\/wp-json\/wp\/v2\/pages\/1331\/revisions\/2277"}],"wp:attachment":[{"href":"https:\/\/repasupplies.com\/de\/wp-json\/wp\/v2\/media?parent=1331"}],"curies":[{"name":"wp","href":"https:\/\/api.w.org\/{rel}","templated":true}]}}