{"id":1333,"date":"2020-07-31T05:49:14","date_gmt":"2020-07-31T05:49:14","guid":{"rendered":"https:\/\/repasupplies.com\/?page_id=1333"},"modified":"2020-09-11T07:40:08","modified_gmt":"2020-09-11T07:40:08","slug":"bekleidungsmaterial","status":"publish","type":"page","link":"https:\/\/repasupplies.com\/de\/bekleidungsmaterial\/","title":{"rendered":"Bekleidungsmaterial"},"content":{"rendered":"\n<p>Verschiedene Maschinen und Komponenten in einer F\u00f6rderbandanlage, wie Trichter, Bunker, F\u00fchrungen und Sch\u00fcttguttrichter k\u00f6nnen mit einer Schutzbekleidung versehen werden. Auf diese Weise k\u00f6nnen unter anderem Verschlei\u00df und L\u00e4rmbel\u00e4stigung eingeschr\u00e4nkt werden. Die Gummibekleidungen sind in der Regel rutsch- und\/oder rei\u00dffest, haben ger\u00e4uschd\u00e4mmende und isolierende Eigenschaften und k\u00f6nnen einen harten Aufprall aushalten. Das Bekleidungsmaterial ist mit und oder Klebeschicht und in verschiedenen Farbvarianten lieferbar.<\/p>\n","protected":false},"excerpt":{"rendered":"<p>Verschiedene Maschinen und Komponenten in einer F\u00f6rderbandanlage, wie Trichter, Bunker, F\u00fchrungen und Sch\u00fcttguttrichter k\u00f6nnen mit einer Schutzbekleidung versehen werden. Auf diese Weise k\u00f6nnen unter anderem Verschlei\u00df und L\u00e4rmbel\u00e4stigung eingeschr\u00e4nkt werden. Die Gummibekleidungen sind in der Regel rutsch- und\/oder rei\u00dffest, haben ger\u00e4uschd\u00e4mmende und isolierende Eigenschaften und k\u00f6nnen einen harten Aufprall aushalten. Das Bekleidungsmaterial ist mit und [&hellip;]<\/p>\n","protected":false},"author":1,"featured_media":0,"parent":0,"menu_order":0,"comment_status":"closed","ping_status":"closed","template":"templates\/template-product.php","meta":{"_acf_changed":false,"footnotes":""},"class_list":["post-1333","page","type-page","status-publish","hentry"],"acf":[],"_links":{"self":[{"href":"https:\/\/repasupplies.com\/de\/wp-json\/wp\/v2\/pages\/1333","targetHints":{"allow":["GET"]}}],"collection":[{"href":"https:\/\/repasupplies.com\/de\/wp-json\/wp\/v2\/pages"}],"about":[{"href":"https:\/\/repasupplies.com\/de\/wp-json\/wp\/v2\/types\/page"}],"author":[{"embeddable":true,"href":"https:\/\/repasupplies.com\/de\/wp-json\/wp\/v2\/users\/1"}],"replies":[{"embeddable":true,"href":"https:\/\/repasupplies.com\/de\/wp-json\/wp\/v2\/comments?post=1333"}],"version-history":[{"count":5,"href":"https:\/\/repasupplies.com\/de\/wp-json\/wp\/v2\/pages\/1333\/revisions"}],"predecessor-version":[{"id":2286,"href":"https:\/\/repasupplies.com\/de\/wp-json\/wp\/v2\/pages\/1333\/revisions\/2286"}],"wp:attachment":[{"href":"https:\/\/repasupplies.com\/de\/wp-json\/wp\/v2\/media?parent=1333"}],"curies":[{"name":"wp","href":"https:\/\/api.w.org\/{rel}","templated":true}]}}