{"id":1335,"date":"2020-07-31T05:50:43","date_gmt":"2020-07-31T05:50:43","guid":{"rendered":"https:\/\/repasupplies.com\/?page_id=1335"},"modified":"2020-09-11T07:44:29","modified_gmt":"2020-09-11T07:44:29","slug":"stollen","status":"publish","type":"page","link":"https:\/\/repasupplies.com\/de\/stollen\/","title":{"rendered":"Stollen"},"content":{"rendered":"\n<p>Wenn Ihr Kunde Produkte in einem bestimmten Winkel nach oben bef\u00f6rdern will, sind Stollen oft unerl\u00e4sslich. Mit Stollen wird verhindert, dass Produkte vom Band herunterrutschen oder -fallen. Standardm\u00e4\u00dfig werden Stollen vertikal auf dem F\u00f6rderband montiert, um Produkte aber in einem noch steileren Winkel nach oben bef\u00f6rdern zu k\u00f6nnen, k\u00f6nnen sie auch in einem Winkel von ungef\u00e4hr 60\u00b0 und 80\u00b0 befestigt werden. Die Stollen sind in PVC und PU lieferbar und in verschiedenen Farben erh\u00e4ltlich, u. a. Wei\u00df, Blau und Gr\u00fcn. Viele Varianten sind \u00f6l- und fettbest\u00e4ndig und von der FDA genehmigt.<\/p>\n\n\n\n<p>REPA kann Ihnen die Stollen separat zur eigenen Montage liefern, sie aber auch, falls gew\u00fcnscht, schon an einem F\u00f6rderband befestigen.<\/p>\n","protected":false},"excerpt":{"rendered":"<p>Wenn Ihr Kunde Produkte in einem bestimmten Winkel nach oben bef\u00f6rdern will, sind Stollen oft unerl\u00e4sslich. Mit Stollen wird verhindert, dass Produkte vom Band herunterrutschen oder -fallen. Standardm\u00e4\u00dfig werden Stollen vertikal auf dem F\u00f6rderband montiert, um Produkte aber in einem noch steileren Winkel nach oben bef\u00f6rdern zu k\u00f6nnen, k\u00f6nnen sie auch in einem Winkel von [&hellip;]<\/p>\n","protected":false},"author":1,"featured_media":0,"parent":0,"menu_order":0,"comment_status":"closed","ping_status":"closed","template":"templates\/template-product.php","meta":{"_acf_changed":false,"footnotes":""},"class_list":["post-1335","page","type-page","status-publish","hentry"],"acf":[],"_links":{"self":[{"href":"https:\/\/repasupplies.com\/de\/wp-json\/wp\/v2\/pages\/1335","targetHints":{"allow":["GET"]}}],"collection":[{"href":"https:\/\/repasupplies.com\/de\/wp-json\/wp\/v2\/pages"}],"about":[{"href":"https:\/\/repasupplies.com\/de\/wp-json\/wp\/v2\/types\/page"}],"author":[{"embeddable":true,"href":"https:\/\/repasupplies.com\/de\/wp-json\/wp\/v2\/users\/1"}],"replies":[{"embeddable":true,"href":"https:\/\/repasupplies.com\/de\/wp-json\/wp\/v2\/comments?post=1335"}],"version-history":[{"count":5,"href":"https:\/\/repasupplies.com\/de\/wp-json\/wp\/v2\/pages\/1335\/revisions"}],"predecessor-version":[{"id":2292,"href":"https:\/\/repasupplies.com\/de\/wp-json\/wp\/v2\/pages\/1335\/revisions\/2292"}],"wp:attachment":[{"href":"https:\/\/repasupplies.com\/de\/wp-json\/wp\/v2\/media?parent=1335"}],"curies":[{"name":"wp","href":"https:\/\/api.w.org\/{rel}","templated":true}]}}