{"id":1337,"date":"2020-07-31T05:53:44","date_gmt":"2020-07-31T05:53:44","guid":{"rendered":"https:\/\/repasupplies.com\/?page_id=1337"},"modified":"2020-09-11T07:59:12","modified_gmt":"2020-09-11T07:59:12","slug":"wellenkanten","status":"publish","type":"page","link":"https:\/\/repasupplies.com\/de\/wellenkanten\/","title":{"rendered":"Wellenkanten"},"content":{"rendered":"\n<p>Wellenkanten sind ideale und manchmal schlicht unentbehrliche Teile einer F\u00f6rderbandanlage. Produkte, meist Sch\u00fcttg\u00fcter, k\u00f6nnen mit ihnen in einem viel steileren Winkel bef\u00f6rdert werden. Au\u00dferdem k\u00f6nnen Wellenkanten, vor allem wenn sie zusammen mit Mitnehmerstollen verwendet werden, die Transportkapazit\u00e4t betr\u00e4chtlich erh\u00f6hen, ohne dass ein zus\u00e4tzliches Band oder eine zus\u00e4tzliche Anlage erforderlich ist.<\/p>\n","protected":false},"excerpt":{"rendered":"<p>Wellenkanten sind ideale und manchmal schlicht unentbehrliche Teile einer F\u00f6rderbandanlage. Produkte, meist Sch\u00fcttg\u00fcter, k\u00f6nnen mit ihnen in einem viel steileren Winkel bef\u00f6rdert werden. Au\u00dferdem k\u00f6nnen Wellenkanten, vor allem wenn sie zusammen mit Mitnehmerstollen verwendet werden, die Transportkapazit\u00e4t betr\u00e4chtlich erh\u00f6hen, ohne dass ein zus\u00e4tzliches Band oder eine zus\u00e4tzliche Anlage erforderlich ist.<\/p>\n","protected":false},"author":1,"featured_media":0,"parent":0,"menu_order":0,"comment_status":"closed","ping_status":"closed","template":"templates\/template-product.php","meta":{"_acf_changed":false,"footnotes":""},"class_list":["post-1337","page","type-page","status-publish","hentry"],"acf":[],"_links":{"self":[{"href":"https:\/\/repasupplies.com\/de\/wp-json\/wp\/v2\/pages\/1337","targetHints":{"allow":["GET"]}}],"collection":[{"href":"https:\/\/repasupplies.com\/de\/wp-json\/wp\/v2\/pages"}],"about":[{"href":"https:\/\/repasupplies.com\/de\/wp-json\/wp\/v2\/types\/page"}],"author":[{"embeddable":true,"href":"https:\/\/repasupplies.com\/de\/wp-json\/wp\/v2\/users\/1"}],"replies":[{"embeddable":true,"href":"https:\/\/repasupplies.com\/de\/wp-json\/wp\/v2\/comments?post=1337"}],"version-history":[{"count":5,"href":"https:\/\/repasupplies.com\/de\/wp-json\/wp\/v2\/pages\/1337\/revisions"}],"predecessor-version":[{"id":2320,"href":"https:\/\/repasupplies.com\/de\/wp-json\/wp\/v2\/pages\/1337\/revisions\/2320"}],"wp:attachment":[{"href":"https:\/\/repasupplies.com\/de\/wp-json\/wp\/v2\/media?parent=1337"}],"curies":[{"name":"wp","href":"https:\/\/api.w.org\/{rel}","templated":true}]}}