{"id":1339,"date":"2020-07-31T05:55:16","date_gmt":"2020-07-31T05:55:16","guid":{"rendered":"https:\/\/repasupplies.com\/?page_id=1339"},"modified":"2020-09-11T08:02:26","modified_gmt":"2020-09-11T08:02:26","slug":"fuehrungsleisten","status":"publish","type":"page","link":"https:\/\/repasupplies.com\/de\/fuehrungsleisten\/","title":{"rendered":"F\u00fchrungsleisten"},"content":{"rendered":"\n<p>REPA Supplies verf\u00fcgt \u00fcber ein gro\u00dfes Angebot an PVC- und PU-F\u00fchrungsleisten f\u00fcr Kunststoff-F\u00f6rderb\u00e4nder. F\u00fchrungsleisten sorgen daf\u00fcr, dass ein F\u00f6rderband stabil und gleichm\u00e4\u00dfig l\u00e4uft. Es gibt verschiedene Gr\u00fcnde daf\u00fcr, dass ein Transportband ungleichm\u00e4\u00dfig l\u00e4uft, z. B. durch ungleiches Beladen, Verschmutzung, Temperatur- und H\u00f6henunterschiede. F\u00fchrungsleisten k\u00f6nnen als auch Mitnehmerstollen dienen und verhindern, dass G\u00fcter vom Band rutschen. Wir liefern verschiedene Typen von F\u00fchrungsleisten in unterschiedlichen Farben und Gr\u00f6\u00dfen, z. B. ein Trapezprofil und ein Rechteckprofil, gezackt und in Wei\u00df, Gr\u00fcn, Schwarz und Blau. Die F\u00fchrungsleisten k\u00f6nnen sowohl in der Lebensmittel- als auch in der Non-Food-Industrie verwendet werden.<\/p>\n","protected":false},"excerpt":{"rendered":"<p>REPA Supplies verf\u00fcgt \u00fcber ein gro\u00dfes Angebot an PVC- und PU-F\u00fchrungsleisten f\u00fcr Kunststoff-F\u00f6rderb\u00e4nder. F\u00fchrungsleisten sorgen daf\u00fcr, dass ein F\u00f6rderband stabil und gleichm\u00e4\u00dfig l\u00e4uft. Es gibt verschiedene Gr\u00fcnde daf\u00fcr, dass ein Transportband ungleichm\u00e4\u00dfig l\u00e4uft, z. B. durch ungleiches Beladen, Verschmutzung, Temperatur- und H\u00f6henunterschiede. F\u00fchrungsleisten k\u00f6nnen als auch Mitnehmerstollen dienen und verhindern, dass G\u00fcter vom Band rutschen. [&hellip;]<\/p>\n","protected":false},"author":1,"featured_media":0,"parent":0,"menu_order":0,"comment_status":"closed","ping_status":"closed","template":"templates\/template-product.php","meta":{"_acf_changed":false,"footnotes":""},"class_list":["post-1339","page","type-page","status-publish","hentry"],"acf":[],"_links":{"self":[{"href":"https:\/\/repasupplies.com\/de\/wp-json\/wp\/v2\/pages\/1339","targetHints":{"allow":["GET"]}}],"collection":[{"href":"https:\/\/repasupplies.com\/de\/wp-json\/wp\/v2\/pages"}],"about":[{"href":"https:\/\/repasupplies.com\/de\/wp-json\/wp\/v2\/types\/page"}],"author":[{"embeddable":true,"href":"https:\/\/repasupplies.com\/de\/wp-json\/wp\/v2\/users\/1"}],"replies":[{"embeddable":true,"href":"https:\/\/repasupplies.com\/de\/wp-json\/wp\/v2\/comments?post=1339"}],"version-history":[{"count":5,"href":"https:\/\/repasupplies.com\/de\/wp-json\/wp\/v2\/pages\/1339\/revisions"}],"predecessor-version":[{"id":2323,"href":"https:\/\/repasupplies.com\/de\/wp-json\/wp\/v2\/pages\/1339\/revisions\/2323"}],"wp:attachment":[{"href":"https:\/\/repasupplies.com\/de\/wp-json\/wp\/v2\/media?parent=1339"}],"curies":[{"name":"wp","href":"https:\/\/api.w.org\/{rel}","templated":true}]}}