{"id":1341,"date":"2020-07-31T05:56:34","date_gmt":"2020-07-31T05:56:34","guid":{"rendered":"https:\/\/repasupplies.com\/?page_id=1341"},"modified":"2020-09-11T07:54:29","modified_gmt":"2020-09-11T07:54:29","slug":"reparaturmaterial","status":"publish","type":"page","link":"https:\/\/repasupplies.com\/de\/reparaturmaterial\/","title":{"rendered":"Reparaturmaterial"},"content":{"rendered":"\n<p>F\u00f6rderb\u00e4nder, die besch\u00e4digt sind, m\u00fcssen nicht immer ausgetauscht werden. Abh\u00e4ngig von der Besch\u00e4digung gibt es mehrere M\u00f6glichkeiten und sind bei REPA verschiedene Mittel zur Reparatur eines F\u00f6rderbands erh\u00e4ltlich. Wir haben die Erfahrung gemacht, dass die meisten F\u00f6rderbandbesch\u00e4digungen mithilfe von Reparaturpflastern und \u2013streifen repariert werden k\u00f6nnen. Wenn dies jedoch nicht m\u00f6glich sein sollte, k\u00f6nnen z. B. auch Zwei-Komponenten-Gummi, Warmvulkanisation oder Bandklammern verwendet werden.&nbsp;<\/p>\n","protected":false},"excerpt":{"rendered":"<p>F\u00f6rderb\u00e4nder, die besch\u00e4digt sind, m\u00fcssen nicht immer ausgetauscht werden. Abh\u00e4ngig von der Besch\u00e4digung gibt es mehrere M\u00f6glichkeiten und sind bei REPA verschiedene Mittel zur Reparatur eines F\u00f6rderbands erh\u00e4ltlich. Wir haben die Erfahrung gemacht, dass die meisten F\u00f6rderbandbesch\u00e4digungen mithilfe von Reparaturpflastern und \u2013streifen repariert werden k\u00f6nnen. Wenn dies jedoch nicht m\u00f6glich sein sollte, k\u00f6nnen z. B. [&hellip;]<\/p>\n","protected":false},"author":1,"featured_media":0,"parent":0,"menu_order":0,"comment_status":"closed","ping_status":"closed","template":"templates\/template-product.php","meta":{"_acf_changed":false,"footnotes":""},"class_list":["post-1341","page","type-page","status-publish","hentry"],"acf":[],"_links":{"self":[{"href":"https:\/\/repasupplies.com\/de\/wp-json\/wp\/v2\/pages\/1341","targetHints":{"allow":["GET"]}}],"collection":[{"href":"https:\/\/repasupplies.com\/de\/wp-json\/wp\/v2\/pages"}],"about":[{"href":"https:\/\/repasupplies.com\/de\/wp-json\/wp\/v2\/types\/page"}],"author":[{"embeddable":true,"href":"https:\/\/repasupplies.com\/de\/wp-json\/wp\/v2\/users\/1"}],"replies":[{"embeddable":true,"href":"https:\/\/repasupplies.com\/de\/wp-json\/wp\/v2\/comments?post=1341"}],"version-history":[{"count":5,"href":"https:\/\/repasupplies.com\/de\/wp-json\/wp\/v2\/pages\/1341\/revisions"}],"predecessor-version":[{"id":2314,"href":"https:\/\/repasupplies.com\/de\/wp-json\/wp\/v2\/pages\/1341\/revisions\/2314"}],"wp:attachment":[{"href":"https:\/\/repasupplies.com\/de\/wp-json\/wp\/v2\/media?parent=1341"}],"curies":[{"name":"wp","href":"https:\/\/api.w.org\/{rel}","templated":true}]}}