{"id":1343,"date":"2020-07-31T05:57:49","date_gmt":"2020-07-31T05:57:49","guid":{"rendered":"https:\/\/repasupplies.com\/?page_id=1343"},"modified":"2020-09-11T07:52:37","modified_gmt":"2020-09-11T07:52:37","slug":"vulkanisationsmaterial","status":"publish","type":"page","link":"https:\/\/repasupplies.com\/de\/vulkanisationsmaterial\/","title":{"rendered":"Vulkanisationsmaterial"},"content":{"rendered":"\n<p>Bei REPA Supplies erhalten Sie alles, was Sie zum Vulkanisieren brauchen. Sie m\u00f6chten ein Endlosf\u00f6rderband konstruieren (lassen) oder einen Mitnehmerstollen oder ein anderes Teil auf dem Band befestigen? Lose Ringe oder Packungen nach Ma\u00df herstellen (lassen)? Brauchen Sie Zwischengummis, Bekleidungen oder sogar eine komplette Vulkanisationspresse? Bei REPA finden Sie all diese Produkte.&nbsp;<\/p>\n\n\n\n<p>Wir bieten Ihnen Fertigprodukte, unterst\u00fctzen Sie bei der Kalt- oder Warmvulkanisation und liefern Ihnen die erforderlichen Hilfsmittel f\u00fcr den Vulkanisationsprozess. Kurz und gut, wir verf\u00fcgen \u00fcber alle Kenntnisse, Erfahrung und Materialien, um Ihnen behilflich zu sein.<\/p>\n","protected":false},"excerpt":{"rendered":"<p>Bei REPA Supplies erhalten Sie alles, was Sie zum Vulkanisieren brauchen. Sie m\u00f6chten ein Endlosf\u00f6rderband konstruieren (lassen) oder einen Mitnehmerstollen oder ein anderes Teil auf dem Band befestigen? Lose Ringe oder Packungen nach Ma\u00df herstellen (lassen)? Brauchen Sie Zwischengummis, Bekleidungen oder sogar eine komplette Vulkanisationspresse? Bei REPA finden Sie all diese Produkte.&nbsp; Wir bieten Ihnen [&hellip;]<\/p>\n","protected":false},"author":1,"featured_media":0,"parent":0,"menu_order":0,"comment_status":"closed","ping_status":"closed","template":"templates\/template-product.php","meta":{"_acf_changed":false,"footnotes":""},"class_list":["post-1343","page","type-page","status-publish","hentry"],"acf":[],"_links":{"self":[{"href":"https:\/\/repasupplies.com\/de\/wp-json\/wp\/v2\/pages\/1343","targetHints":{"allow":["GET"]}}],"collection":[{"href":"https:\/\/repasupplies.com\/de\/wp-json\/wp\/v2\/pages"}],"about":[{"href":"https:\/\/repasupplies.com\/de\/wp-json\/wp\/v2\/types\/page"}],"author":[{"embeddable":true,"href":"https:\/\/repasupplies.com\/de\/wp-json\/wp\/v2\/users\/1"}],"replies":[{"embeddable":true,"href":"https:\/\/repasupplies.com\/de\/wp-json\/wp\/v2\/comments?post=1343"}],"version-history":[{"count":4,"href":"https:\/\/repasupplies.com\/de\/wp-json\/wp\/v2\/pages\/1343\/revisions"}],"predecessor-version":[{"id":2309,"href":"https:\/\/repasupplies.com\/de\/wp-json\/wp\/v2\/pages\/1343\/revisions\/2309"}],"wp:attachment":[{"href":"https:\/\/repasupplies.com\/de\/wp-json\/wp\/v2\/media?parent=1343"}],"curies":[{"name":"wp","href":"https:\/\/api.w.org\/{rel}","templated":true}]}}