{"id":1345,"date":"2020-07-31T05:58:38","date_gmt":"2020-07-31T05:58:38","guid":{"rendered":"https:\/\/repasupplies.com\/?page_id=1345"},"modified":"2021-03-18T15:10:27","modified_gmt":"2021-03-18T15:10:27","slug":"sonstiges-zubehoer-und-accessoires","status":"publish","type":"page","link":"https:\/\/repasupplies.com\/de\/sonstiges-zubehoer-und-accessoires\/","title":{"rendered":"Sonstiges Zubeh\u00f6r und Accessoires"},"content":{"rendered":"\n<p>REPA kann au\u00dfer Trommelverkleidung und anderem Verkleidungsmaterial noch viele andere Teile, Accessoires und Zubeh\u00f6r f\u00fcr F\u00f6rderanlagen liefern, z. B. Teile wie Gummi-Abstreifer, V-Profile, Stahlrollen und Bandf\u00fchrungsrollen, aber auch Produkte wie Impact &amp; Glide Bars, Bandhauben und Muldenstationen. Sehen Sie sich unsere Liste mit sonstigem Zubeh\u00f6r und Accessoires unbedingt an, denn es besteht die M\u00f6glichkeit, dass der Artikel, den Sie brauchen, auf der Liste steht. Wenn Sie nicht finden, was Sie suchen, sollten Sie uns kontaktieren. Meistens k\u00f6nnen wir Sie dann doch noch bedienen. Die Geschwindigkeit, mit der unser Sortiment w\u00e4chst, ist oft h\u00f6her als diejenige, mit der wir unsere Website aktualisieren k\u00f6nnen.<\/p>\n","protected":false},"excerpt":{"rendered":"<p>REPA kann au\u00dfer Trommelverkleidung und anderem Verkleidungsmaterial noch viele andere Teile, Accessoires und Zubeh\u00f6r f\u00fcr F\u00f6rderanlagen liefern, z. B. Teile wie Gummi-Abstreifer, V-Profile, Stahlrollen und Bandf\u00fchrungsrollen, aber auch Produkte wie Impact &amp; Glide Bars, Bandhauben und Muldenstationen. Sehen Sie sich unsere Liste mit sonstigem Zubeh\u00f6r und Accessoires unbedingt an, denn es besteht die M\u00f6glichkeit, dass [&hellip;]<\/p>\n","protected":false},"author":1,"featured_media":0,"parent":0,"menu_order":0,"comment_status":"closed","ping_status":"closed","template":"templates\/template-product.php","meta":{"_acf_changed":false,"footnotes":""},"class_list":["post-1345","page","type-page","status-publish","hentry"],"acf":[],"_links":{"self":[{"href":"https:\/\/repasupplies.com\/de\/wp-json\/wp\/v2\/pages\/1345","targetHints":{"allow":["GET"]}}],"collection":[{"href":"https:\/\/repasupplies.com\/de\/wp-json\/wp\/v2\/pages"}],"about":[{"href":"https:\/\/repasupplies.com\/de\/wp-json\/wp\/v2\/types\/page"}],"author":[{"embeddable":true,"href":"https:\/\/repasupplies.com\/de\/wp-json\/wp\/v2\/users\/1"}],"replies":[{"embeddable":true,"href":"https:\/\/repasupplies.com\/de\/wp-json\/wp\/v2\/comments?post=1345"}],"version-history":[{"count":5,"href":"https:\/\/repasupplies.com\/de\/wp-json\/wp\/v2\/pages\/1345\/revisions"}],"predecessor-version":[{"id":2568,"href":"https:\/\/repasupplies.com\/de\/wp-json\/wp\/v2\/pages\/1345\/revisions\/2568"}],"wp:attachment":[{"href":"https:\/\/repasupplies.com\/de\/wp-json\/wp\/v2\/media?parent=1345"}],"curies":[{"name":"wp","href":"https:\/\/api.w.org\/{rel}","templated":true}]}}