{"id":1347,"date":"2020-07-31T05:59:34","date_gmt":"2020-07-31T05:59:34","guid":{"rendered":"https:\/\/repasupplies.com\/?page_id=1347"},"modified":"2020-08-28T11:15:26","modified_gmt":"2020-08-28T11:15:26","slug":"pvc-foerderbaender","status":"publish","type":"page","link":"https:\/\/repasupplies.com\/de\/pvc-foerderbaender\/","title":{"rendered":"PVC-F\u00f6rderb\u00e4nder"},"content":{"rendered":"\n<p>Ein viel verwendetes Band in der F\u00f6rderbandwelt ist das PVC-Band. PVC-F\u00f6rderb\u00e4nder sind flexibel, nachhaltig, stabil und leicht zu warten. In vielen F\u00e4llen ist ein PVC-Band die vorteilhafteste L\u00f6sung. Wenn es nicht viele spezielle Merkmale gibt, denen das Band gen\u00fcgen muss, ist ein Standardf\u00f6rderband mit PVC-Beschichtung zu einem g\u00fcnstigen Preis eine gute Wahl. Aber es sind nat\u00fcrlich auch andere Ausf\u00fchrungen lieferbar.<\/p>\n\n\n\n<p>REPA kann viele verschiedene Ausf\u00fchrungen von PVC-B\u00e4ndern liefern, z. B. \u00f6l- und fettbest\u00e4ndig oder s\u00e4urebest\u00e4ndig; B\u00e4nder mit Profil oder glatt; verschlei\u00dffeste B\u00e4nder; B\u00e4nder, die mit Mitnehmerstollen, Wellenkanten, Kantenleisten oder F\u00fchrungsleisten ausger\u00fcstet sind; oder feuerhemmende B\u00e4nder.<\/p>\n\n\n\n<p>PVC-B\u00e4nder werden in verschiedenen Industriezweigen verwendet, z. B. in der Landwirtschaft und dem Gartenbau, in der Lebensmittelindustrie, der chemischen Industrie, auf Flugh\u00e4fen und in der Transportbranche.<\/p>\n\n\n\n<p>Unsere PVC-B\u00e4nder erf\u00fcllen die Anforderungen des betreffenden Industriezweigs, wie die Anforderungen der FDA und der Europ\u00e4ischen Union, wenn es sich um den Kontakt mit Lebensmitteln handelt, oder die ISO 340-Norm f\u00fcr unsere feuerhemmenden Produkte.<\/p>\n","protected":false},"excerpt":{"rendered":"<p>Ein viel verwendetes Band in der F\u00f6rderbandwelt ist das PVC-Band. PVC-F\u00f6rderb\u00e4nder sind flexibel, nachhaltig, stabil und leicht zu warten. In vielen F\u00e4llen ist ein PVC-Band die vorteilhafteste L\u00f6sung. Wenn es nicht viele spezielle Merkmale gibt, denen das Band gen\u00fcgen muss, ist ein Standardf\u00f6rderband mit PVC-Beschichtung zu einem g\u00fcnstigen Preis eine gute Wahl. Aber es sind [&hellip;]<\/p>\n","protected":false},"author":1,"featured_media":0,"parent":0,"menu_order":0,"comment_status":"closed","ping_status":"closed","template":"templates\/template-product.php","meta":{"_acf_changed":false,"footnotes":""},"class_list":["post-1347","page","type-page","status-publish","hentry"],"acf":[],"_links":{"self":[{"href":"https:\/\/repasupplies.com\/de\/wp-json\/wp\/v2\/pages\/1347","targetHints":{"allow":["GET"]}}],"collection":[{"href":"https:\/\/repasupplies.com\/de\/wp-json\/wp\/v2\/pages"}],"about":[{"href":"https:\/\/repasupplies.com\/de\/wp-json\/wp\/v2\/types\/page"}],"author":[{"embeddable":true,"href":"https:\/\/repasupplies.com\/de\/wp-json\/wp\/v2\/users\/1"}],"replies":[{"embeddable":true,"href":"https:\/\/repasupplies.com\/de\/wp-json\/wp\/v2\/comments?post=1347"}],"version-history":[{"count":5,"href":"https:\/\/repasupplies.com\/de\/wp-json\/wp\/v2\/pages\/1347\/revisions"}],"predecessor-version":[{"id":2161,"href":"https:\/\/repasupplies.com\/de\/wp-json\/wp\/v2\/pages\/1347\/revisions\/2161"}],"wp:attachment":[{"href":"https:\/\/repasupplies.com\/de\/wp-json\/wp\/v2\/media?parent=1347"}],"curies":[{"name":"wp","href":"https:\/\/api.w.org\/{rel}","templated":true}]}}