{"id":1349,"date":"2020-07-31T06:00:32","date_gmt":"2020-07-31T06:00:32","guid":{"rendered":"https:\/\/repasupplies.com\/?page_id=1349"},"modified":"2020-08-28T11:19:03","modified_gmt":"2020-08-28T11:19:03","slug":"polyurethan-pu-foerderbaender","status":"publish","type":"page","link":"https:\/\/repasupplies.com\/de\/polyurethan-pu-foerderbaender\/","title":{"rendered":"Polyurethan-(PU-)F\u00f6rderb\u00e4nder"},"content":{"rendered":"\n<p>Unsere F\u00f6rderb\u00e4nder aus Polyurethan sind standardm\u00e4\u00dfig sehr gut gegen Fett, \u00d6l und Chemikalien best\u00e4ndig. Sie sind auch sehr nachhaltig, flexibel und erf\u00fcllen alle offiziellen Anforderungen der FDA, HACCP und der Europ\u00e4ischen Union. REPA verarbeitet au\u00dferdem alle speziellen zus\u00e4tzlichen W\u00fcnsche, die Sie haben.<\/p>\n\n\n\n<p>Die Lebensmittelindustrie, in der PU-B\u00e4nder in gro\u00dfem Umfang eingesetzt werden, muss sich mit immer strengeren Vorschriften auseinandersetzen. Wir als Single Source Supplier von F\u00f6rderb\u00e4ndern und mit ihnen verbundenen Produkten entsprechen diesen vollst\u00e4ndig. REPA produziert schon seit mehr als 25 Jahren f\u00fcr die Lebensmittelbranche und bietet aus diesem Grund ein sehr umfassendes Angebot von meist antibakteriellen F\u00f6rderb\u00e4ndern. Wir liefern unter anderem spezielle PU-B\u00e4nder f\u00fcr die Brot- und Backwarenindustrie.<\/p>\n","protected":false},"excerpt":{"rendered":"<p>Unsere F\u00f6rderb\u00e4nder aus Polyurethan sind standardm\u00e4\u00dfig sehr gut gegen Fett, \u00d6l und Chemikalien best\u00e4ndig. Sie sind auch sehr nachhaltig, flexibel und erf\u00fcllen alle offiziellen Anforderungen der FDA, HACCP und der Europ\u00e4ischen Union. REPA verarbeitet au\u00dferdem alle speziellen zus\u00e4tzlichen W\u00fcnsche, die Sie haben. Die Lebensmittelindustrie, in der PU-B\u00e4nder in gro\u00dfem Umfang eingesetzt werden, muss sich mit [&hellip;]<\/p>\n","protected":false},"author":1,"featured_media":0,"parent":0,"menu_order":0,"comment_status":"closed","ping_status":"closed","template":"templates\/template-product.php","meta":{"_acf_changed":false,"footnotes":""},"class_list":["post-1349","page","type-page","status-publish","hentry"],"acf":[],"_links":{"self":[{"href":"https:\/\/repasupplies.com\/de\/wp-json\/wp\/v2\/pages\/1349","targetHints":{"allow":["GET"]}}],"collection":[{"href":"https:\/\/repasupplies.com\/de\/wp-json\/wp\/v2\/pages"}],"about":[{"href":"https:\/\/repasupplies.com\/de\/wp-json\/wp\/v2\/types\/page"}],"author":[{"embeddable":true,"href":"https:\/\/repasupplies.com\/de\/wp-json\/wp\/v2\/users\/1"}],"replies":[{"embeddable":true,"href":"https:\/\/repasupplies.com\/de\/wp-json\/wp\/v2\/comments?post=1349"}],"version-history":[{"count":5,"href":"https:\/\/repasupplies.com\/de\/wp-json\/wp\/v2\/pages\/1349\/revisions"}],"predecessor-version":[{"id":2169,"href":"https:\/\/repasupplies.com\/de\/wp-json\/wp\/v2\/pages\/1349\/revisions\/2169"}],"wp:attachment":[{"href":"https:\/\/repasupplies.com\/de\/wp-json\/wp\/v2\/media?parent=1349"}],"curies":[{"name":"wp","href":"https:\/\/api.w.org\/{rel}","templated":true}]}}