{"id":1351,"date":"2020-07-31T06:01:18","date_gmt":"2020-07-31T06:01:18","guid":{"rendered":"https:\/\/repasupplies.com\/?page_id=1351"},"modified":"2020-08-28T11:13:21","modified_gmt":"2020-08-28T11:13:21","slug":"polyethylen-pe-foerderbaender","status":"publish","type":"page","link":"https:\/\/repasupplies.com\/de\/polyethylen-pe-foerderbaender\/","title":{"rendered":"Polyethylen-(PE-)F\u00f6rderb\u00e4nder"},"content":{"rendered":"\n<p>Eine der F\u00f6rderbandarten aus Kunststoff, die wir f\u00fchren, besteht aus Polyethylen. Dies ist eine Art Polyolefin, die von Natur aus eine sehr gute chemische Widerstandsf\u00e4higkeit besitzt und nicht klebt. Das Material ist ideal f\u00fcr die Tabakindustrie, da sich keine Schadstoffe in den Deckschichten befinden. Au\u00dferdem erf\u00fcllt Polyethylen auch ganz allgemein alle Anforderungen der FDA und der Europ\u00e4ischen Union bez\u00fcglich der verantwortungsbewussten Arbeit mit Lebensmitteln.<\/p>\n\n\n\n<p>REPA kann bei der Lieferung von PE-B\u00e4ndern allen W\u00fcnschen entsprechen. Die Polyethylen-F\u00f6rderb\u00e4nder k\u00f6nnen mit einer Vielfalt an \u2013 ebenfalls aus PE hergestellten \u2013 Mitnehmerstollen, F\u00fchrungsleisten und Wellenkanten verwendet oder geliefert werden.<\/p>\n","protected":false},"excerpt":{"rendered":"<p>Eine der F\u00f6rderbandarten aus Kunststoff, die wir f\u00fchren, besteht aus Polyethylen. Dies ist eine Art Polyolefin, die von Natur aus eine sehr gute chemische Widerstandsf\u00e4higkeit besitzt und nicht klebt. Das Material ist ideal f\u00fcr die Tabakindustrie, da sich keine Schadstoffe in den Deckschichten befinden. Au\u00dferdem erf\u00fcllt Polyethylen auch ganz allgemein alle Anforderungen der FDA und [&hellip;]<\/p>\n","protected":false},"author":1,"featured_media":0,"parent":0,"menu_order":0,"comment_status":"closed","ping_status":"closed","template":"templates\/template-product.php","meta":{"_acf_changed":false,"footnotes":""},"class_list":["post-1351","page","type-page","status-publish","hentry"],"acf":[],"_links":{"self":[{"href":"https:\/\/repasupplies.com\/de\/wp-json\/wp\/v2\/pages\/1351","targetHints":{"allow":["GET"]}}],"collection":[{"href":"https:\/\/repasupplies.com\/de\/wp-json\/wp\/v2\/pages"}],"about":[{"href":"https:\/\/repasupplies.com\/de\/wp-json\/wp\/v2\/types\/page"}],"author":[{"embeddable":true,"href":"https:\/\/repasupplies.com\/de\/wp-json\/wp\/v2\/users\/1"}],"replies":[{"embeddable":true,"href":"https:\/\/repasupplies.com\/de\/wp-json\/wp\/v2\/comments?post=1351"}],"version-history":[{"count":5,"href":"https:\/\/repasupplies.com\/de\/wp-json\/wp\/v2\/pages\/1351\/revisions"}],"predecessor-version":[{"id":2157,"href":"https:\/\/repasupplies.com\/de\/wp-json\/wp\/v2\/pages\/1351\/revisions\/2157"}],"wp:attachment":[{"href":"https:\/\/repasupplies.com\/de\/wp-json\/wp\/v2\/media?parent=1351"}],"curies":[{"name":"wp","href":"https:\/\/api.w.org\/{rel}","templated":true}]}}