{"id":1353,"date":"2020-07-31T06:02:09","date_gmt":"2020-07-31T06:02:09","guid":{"rendered":"https:\/\/repasupplies.com\/?page_id=1353"},"modified":"2020-08-28T11:21:55","modified_gmt":"2020-08-28T11:21:55","slug":"modulbaender","status":"publish","type":"page","link":"https:\/\/repasupplies.com\/de\/modulbaender\/","title":{"rendered":"Modulb\u00e4nder"},"content":{"rendered":"\n<p>REPA bietet ein breites Sortiment Kunststoff-F\u00f6rderb\u00e4nder. Darin d\u00fcrfen Modulb\u00e4nder nat\u00fcrlich nicht fehlen. Diese B\u00e4nder sind \u00e4u\u00dferst vielseitig. Sie k\u00f6nnen auf vielerlei Art gestaltet werden, abh\u00e4ngig von den Anforderungen Ihrer Kunden. REPA hat f\u00fcr so gut wie jeden Einsatzbereich das geeignete Modulband.<\/p>\n\n\n\n<p>Modulb\u00e4nder werden in der gesamten Lebensmittelindustrie verwendet, vor allem, weil sie hygienisch und gut zu reinigen sind. Sie sind z. B. in der Gem\u00fcse und Obst verarbeitenden Industrie unentbehrlich und sehr oft in G\u00e4rtnereien, Zuchtanlagen und B\u00e4ckereien zu finden.<\/p>\n\n\n\n<p>Modulb\u00e4nder bestehen aus Kunststoffgliedern, die mit Scharnierstiften aneinander befestigt sind. Das Band kann ganz nach Wunsch gestaltet werden, mit geraden und Kurventeilen, Spiralen und verschiedenen Arten und Formen von Gliedern. Durch die einzigartige Zusammensetzung des Bands tritt wenig Reibung mit den transportierten Materialien auf; dadurch sind sie besonders gut f\u00fcr schwere Produkte wie K\u00e4sten und Kartons geeignet, die heruntergeschoben werden sollen oder deren Richtung sich \u00e4ndern soll.<\/p>\n","protected":false},"excerpt":{"rendered":"<p>REPA bietet ein breites Sortiment Kunststoff-F\u00f6rderb\u00e4nder. Darin d\u00fcrfen Modulb\u00e4nder nat\u00fcrlich nicht fehlen. Diese B\u00e4nder sind \u00e4u\u00dferst vielseitig. Sie k\u00f6nnen auf vielerlei Art gestaltet werden, abh\u00e4ngig von den Anforderungen Ihrer Kunden. REPA hat f\u00fcr so gut wie jeden Einsatzbereich das geeignete Modulband. Modulb\u00e4nder werden in der gesamten Lebensmittelindustrie verwendet, vor allem, weil sie hygienisch und gut [&hellip;]<\/p>\n","protected":false},"author":1,"featured_media":0,"parent":0,"menu_order":0,"comment_status":"closed","ping_status":"closed","template":"templates\/template-product.php","meta":{"_acf_changed":false,"footnotes":""},"class_list":["post-1353","page","type-page","status-publish","hentry"],"acf":[],"_links":{"self":[{"href":"https:\/\/repasupplies.com\/de\/wp-json\/wp\/v2\/pages\/1353","targetHints":{"allow":["GET"]}}],"collection":[{"href":"https:\/\/repasupplies.com\/de\/wp-json\/wp\/v2\/pages"}],"about":[{"href":"https:\/\/repasupplies.com\/de\/wp-json\/wp\/v2\/types\/page"}],"author":[{"embeddable":true,"href":"https:\/\/repasupplies.com\/de\/wp-json\/wp\/v2\/users\/1"}],"replies":[{"embeddable":true,"href":"https:\/\/repasupplies.com\/de\/wp-json\/wp\/v2\/comments?post=1353"}],"version-history":[{"count":5,"href":"https:\/\/repasupplies.com\/de\/wp-json\/wp\/v2\/pages\/1353\/revisions"}],"predecessor-version":[{"id":2175,"href":"https:\/\/repasupplies.com\/de\/wp-json\/wp\/v2\/pages\/1353\/revisions\/2175"}],"wp:attachment":[{"href":"https:\/\/repasupplies.com\/de\/wp-json\/wp\/v2\/media?parent=1353"}],"curies":[{"name":"wp","href":"https:\/\/api.w.org\/{rel}","templated":true}]}}