{"id":1355,"date":"2020-07-31T06:04:01","date_gmt":"2020-07-31T06:04:01","guid":{"rendered":"https:\/\/repasupplies.com\/?page_id=1355"},"modified":"2021-11-01T09:00:08","modified_gmt":"2021-11-01T09:00:08","slug":"torabdichtungen","status":"publish","type":"page","link":"https:\/\/repasupplies.com\/de\/torabdichtungen\/","title":{"rendered":"Torabdichtungen"},"content":{"rendered":"\n<h3 class=\"wp-block-heading\">Bekleidung f\u00fcr Torabdichtungen<\/h3>\n\n\n\n<p>Eine Torabdichtung ist der ideale Schutz f\u00fcr Laderampe und LKW. Damit kann nicht nur auf effiziente und effektive Weise die beste Ladeposition erreicht werden, eine Torabdichtung sorgt auch f\u00fcr Energieeinsparung und bessere Hygiene im Lager oder Laderaum. Das gesamte Abdichtungsmaterial muss dann aber qualitativ gut sein. REPA liefert ausschlie\u00dflich qualitativ hochwertiges PVC- und Gummimaterial f\u00fcr die Bekleidung der Torabdichtung. Auf diese Weise bleibt die Integrit\u00e4t der Torabdichtung immer intakt.<\/p>\n\n\n\n<p>Bei uns erhalten Sie die Bekleidung f\u00fcr verschiedene Arten von Torabdichtungen, darunter Planen-, Kissen-, mechanische Sch\u00fcrzen- und Luftkissen-Torabdichtungen. Sowohl Seitenr\u00e4nder als Oberseiten k\u00f6nnen mit unseren Materialien bekleidet werden. Sie k\u00f6nnen zwischen isolierter und unisolierter Bekleidung w\u00e4hlen.<\/p>\n","protected":false},"excerpt":{"rendered":"<p>Bekleidung f\u00fcr Torabdichtungen Eine Torabdichtung ist der ideale Schutz f\u00fcr Laderampe und LKW. Damit kann nicht nur auf effiziente und effektive Weise die beste Ladeposition erreicht werden, eine Torabdichtung sorgt auch f\u00fcr Energieeinsparung und bessere Hygiene im Lager oder Laderaum. Das gesamte Abdichtungsmaterial muss dann aber qualitativ gut sein. REPA liefert ausschlie\u00dflich qualitativ hochwertiges PVC- [&hellip;]<\/p>\n","protected":false},"author":1,"featured_media":0,"parent":0,"menu_order":0,"comment_status":"closed","ping_status":"closed","template":"templates\/template-product.php","meta":{"_acf_changed":false,"footnotes":""},"class_list":["post-1355","page","type-page","status-publish","hentry"],"acf":[],"_links":{"self":[{"href":"https:\/\/repasupplies.com\/de\/wp-json\/wp\/v2\/pages\/1355","targetHints":{"allow":["GET"]}}],"collection":[{"href":"https:\/\/repasupplies.com\/de\/wp-json\/wp\/v2\/pages"}],"about":[{"href":"https:\/\/repasupplies.com\/de\/wp-json\/wp\/v2\/types\/page"}],"author":[{"embeddable":true,"href":"https:\/\/repasupplies.com\/de\/wp-json\/wp\/v2\/users\/1"}],"replies":[{"embeddable":true,"href":"https:\/\/repasupplies.com\/de\/wp-json\/wp\/v2\/comments?post=1355"}],"version-history":[{"count":5,"href":"https:\/\/repasupplies.com\/de\/wp-json\/wp\/v2\/pages\/1355\/revisions"}],"predecessor-version":[{"id":4886,"href":"https:\/\/repasupplies.com\/de\/wp-json\/wp\/v2\/pages\/1355\/revisions\/4886"}],"wp:attachment":[{"href":"https:\/\/repasupplies.com\/de\/wp-json\/wp\/v2\/media?parent=1355"}],"curies":[{"name":"wp","href":"https:\/\/api.w.org\/{rel}","templated":true}]}}