{"id":1357,"date":"2020-07-31T06:05:05","date_gmt":"2020-07-31T06:05:05","guid":{"rendered":"https:\/\/repasupplies.com\/?page_id=1357"},"modified":"2020-08-19T06:24:07","modified_gmt":"2020-08-19T06:24:07","slug":"leichtindustrie","status":"publish","type":"page","link":"https:\/\/repasupplies.com\/de\/leichtindustrie\/","title":{"rendered":"Leichtindustrie"},"content":{"rendered":"\n<p>REPA bietet ein breitgef\u00e4chertes Sortiment von Kunststoff-F\u00f6rderb\u00e4ndern und Zubeh\u00f6r f\u00fcr die Leichtindustrie. Das ist wichtig, denn fast jeder H\u00e4ndler oder Vulkaniseur braucht eine bestimmte Kunststoffzusammensetzung f\u00fcr seine Kundenlieferungen. Wir k\u00f6nnen mit unserem Angebot so gut wie jeden Industriezweig beliefern und d\u00fcrfen uns mit Recht der gr\u00f6\u00dfte und vollst\u00e4ndigste Single Source Supplier von Europa nennen.<\/p>\n\n\n\n<p>Nat\u00fcrlich k\u00f6nnen Sie wie immer auf das fachliche K\u00f6nnen, die soliden Fachkenntnisse und die jahrelange Erfahrung von REPA vertrauen. Unser schneller Service und unsere Kundenorientierung sind immer hervorragend und all unser Material gen\u00fcgt den h\u00f6chsten Qualit\u00e4tsanforderungen. Als Kunde stehen Sie bei uns immer an erster Stelle. Das bedeutet nicht nur, dass wir Ihr Produkt jederzeit vorr\u00e4tig haben, sondern auch, dass wir fortw\u00e4hrend gemeinsam mit Ihnen nach neuen M\u00f6glichkeiten und L\u00f6sungen suchen.<\/p>\n\n\n\n<p>In der Leichtindustrie werden F\u00f6rderb\u00e4nder mit oft sehr spezifischen Eigenschaften verwendet. Die Produkte von REPA sind daf\u00fcr perfekt ausger\u00fcstet.<\/p>\n\n\n\n<p>Kunststoffb\u00e4nder werden gr\u00f6\u00dftenteils im Food- und Non-Foodsektor verwendet. Dabei kann Hygiene ein wesentlicher Faktor sein. Das bedeutet, dass die B\u00e4nder selbst auch hohen Reinheits- und Resistenzanforderungen gen\u00fcgen m\u00fcssen. Daher liefern wir F\u00f6rderb\u00e4nder mit antibakterieller Wirkung, die unempfindlich gegen \u00d6le und Fette sind und die den geltenden HACCP-Anforderungen entsprechen.<\/p>\n\n\n\n<p>Welche Branche Sie auch beliefern, Sie k\u00f6nnen sich f\u00fcr jeden F\u00f6rderbandtyp, Werkzeuge, Teile und Zubeh\u00f6r an REPA wenden, z. B. f\u00fcr die Lebensmittelindustrie, Distributionszentren, aber auch Flugh\u00e4fen, Landwirtschaft, Gartenbau und Tabaksindustrie. REPA bietet viel Arten von Kunststoff-F\u00f6rderb\u00e4ndern und Produkten f\u00fcr die Leichtindustrie. Wir unterscheiden die folgenden Kategorien:<\/p>\n","protected":false},"excerpt":{"rendered":"<p>REPA bietet ein breitgef\u00e4chertes Sortiment von Kunststoff-F\u00f6rderb\u00e4ndern und Zubeh\u00f6r f\u00fcr die Leichtindustrie. Das ist wichtig, denn fast jeder H\u00e4ndler oder Vulkaniseur braucht eine bestimmte Kunststoffzusammensetzung f\u00fcr seine Kundenlieferungen. Wir k\u00f6nnen mit unserem Angebot so gut wie jeden Industriezweig beliefern und d\u00fcrfen uns mit Recht der gr\u00f6\u00dfte und vollst\u00e4ndigste Single Source Supplier von Europa nennen. Nat\u00fcrlich [&hellip;]<\/p>\n","protected":false},"author":1,"featured_media":0,"parent":0,"menu_order":0,"comment_status":"closed","ping_status":"closed","template":"templates\/template-industry-light.php","meta":{"_acf_changed":false,"footnotes":""},"class_list":["post-1357","page","type-page","status-publish","hentry"],"acf":[],"_links":{"self":[{"href":"https:\/\/repasupplies.com\/de\/wp-json\/wp\/v2\/pages\/1357","targetHints":{"allow":["GET"]}}],"collection":[{"href":"https:\/\/repasupplies.com\/de\/wp-json\/wp\/v2\/pages"}],"about":[{"href":"https:\/\/repasupplies.com\/de\/wp-json\/wp\/v2\/types\/page"}],"author":[{"embeddable":true,"href":"https:\/\/repasupplies.com\/de\/wp-json\/wp\/v2\/users\/1"}],"replies":[{"embeddable":true,"href":"https:\/\/repasupplies.com\/de\/wp-json\/wp\/v2\/comments?post=1357"}],"version-history":[{"count":5,"href":"https:\/\/repasupplies.com\/de\/wp-json\/wp\/v2\/pages\/1357\/revisions"}],"predecessor-version":[{"id":1966,"href":"https:\/\/repasupplies.com\/de\/wp-json\/wp\/v2\/pages\/1357\/revisions\/1966"}],"wp:attachment":[{"href":"https:\/\/repasupplies.com\/de\/wp-json\/wp\/v2\/media?parent=1357"}],"curies":[{"name":"wp","href":"https:\/\/api.w.org\/{rel}","templated":true}]}}