{"id":1359,"date":"2020-07-31T06:06:29","date_gmt":"2020-07-31T06:06:29","guid":{"rendered":"https:\/\/repasupplies.com\/?page_id=1359"},"modified":"2023-03-09T12:09:39","modified_gmt":"2023-03-09T12:09:39","slug":"mittelschwer-und-schwerindustrie","status":"publish","type":"page","link":"https:\/\/repasupplies.com\/de\/mittelschwer-und-schwerindustrie\/","title":{"rendered":"Mittelschwer- und Schwerindustrie"},"content":{"rendered":"\n<p>F\u00fcr die Mittelschwer- und Schwerindustrie bietet REPA eine gro\u00dfe Palette an Gummib\u00e4ndern und hat sogar einige Kunststoffbandtypen entwickelt. Diese B\u00e4nder m\u00fcssen oft ganz spezifischen Anforderungen gen\u00fcgen. Bei REPA finden Sie immer das F\u00f6rderband oder das Teil mit den passenden Eigenschaften f\u00fcr Ihr Anwendungsgebiet. Au\u00dferdem ist fast alles direkt aus Vorrat lieferbar, so dass wir Ihrem Bedarf und dem Ihrer Kunden au\u00dferordentlich schnell gerecht werden k\u00f6nnen.<\/p>\n\n\n\n<p>Ein F\u00f6rderband f\u00fcr die Schwerindustrie muss verschlei\u00dffest sein, gute Lenkeigenschaften haben und auch unter extremen Umst\u00e4nden wie K\u00e4lte, Hitze und schwerer Belastung gut funktionieren. Der Benutzer muss in jeder Situation auf die Qualit\u00e4t der Konstruktion und der Montage vertrauen k\u00f6nnen. Zum Gl\u00fcck kann jeder H\u00e4ndler und Vulkaniseur auf das fachliche K\u00f6nnen und die qualitativ hochwertigen Materialien von REPA Supplies vertrauen<em>.<\/em><\/p>\n\n\n\n<p>F\u00fcr jeden Industriezweig und jedes individuelle Unternehmen haben wir die passende L\u00f6sung. Gleichg\u00fcltig, ob Sie an Zementindustrie, Bergbau, Papier- und Holzindustrie, H\u00e4fen, Energiezentralen, Tunnelbau, Logistik oder einen anderen Sektor liefern, REPA hat die F\u00f6rderb\u00e4nder, das Material und die Teile, die Ihre Zielgruppe braucht.&nbsp;<\/p>\n\n\n\n<p>In der Regel k\u00f6nnen wir aus unserem sehr kompletten Gummif\u00f6rderbandprogramm liefern, aber f\u00fcr die Schwerindustrie haben wir auch einige Kunststoffbandtypen entwickelt. Diese F\u00f6rderb\u00e4nder sind \u00f6l- und fettbest\u00e4ndig, aber sehr gute l\u00f6sende Eigenschaften und sind verschlei\u00dffest. Dadurch sind sie u. a. sehr gut f\u00fcr die Stahlverarbeitungs- und M\u00fcll- und Recyclingindustrie geeignet.&nbsp;&nbsp;&nbsp;<\/p>\n\n\n\n<p>REPA bietet viele Sorten Gummib\u00e4nder f\u00fcr die Mittelschwer- und Schwerindustrie. Dabei unterscheiden wir die folgenden Hauptkategorien:<\/p>\n","protected":false},"excerpt":{"rendered":"<p>F\u00fcr die Mittelschwer- und Schwerindustrie bietet REPA eine gro\u00dfe Palette an Gummib\u00e4ndern und hat sogar einige Kunststoffbandtypen entwickelt. Diese B\u00e4nder m\u00fcssen oft ganz spezifischen Anforderungen gen\u00fcgen. Bei REPA finden Sie immer das F\u00f6rderband oder das Teil mit den passenden Eigenschaften f\u00fcr Ihr Anwendungsgebiet. Au\u00dferdem ist fast alles direkt aus Vorrat lieferbar, so dass wir Ihrem [&hellip;]<\/p>\n","protected":false},"author":1,"featured_media":0,"parent":0,"menu_order":0,"comment_status":"closed","ping_status":"closed","template":"templates\/template-heavy-industry.php","meta":{"_acf_changed":false,"footnotes":""},"class_list":["post-1359","page","type-page","status-publish","hentry"],"acf":[],"_links":{"self":[{"href":"https:\/\/repasupplies.com\/de\/wp-json\/wp\/v2\/pages\/1359","targetHints":{"allow":["GET"]}}],"collection":[{"href":"https:\/\/repasupplies.com\/de\/wp-json\/wp\/v2\/pages"}],"about":[{"href":"https:\/\/repasupplies.com\/de\/wp-json\/wp\/v2\/types\/page"}],"author":[{"embeddable":true,"href":"https:\/\/repasupplies.com\/de\/wp-json\/wp\/v2\/users\/1"}],"replies":[{"embeddable":true,"href":"https:\/\/repasupplies.com\/de\/wp-json\/wp\/v2\/comments?post=1359"}],"version-history":[{"count":5,"href":"https:\/\/repasupplies.com\/de\/wp-json\/wp\/v2\/pages\/1359\/revisions"}],"predecessor-version":[{"id":5268,"href":"https:\/\/repasupplies.com\/de\/wp-json\/wp\/v2\/pages\/1359\/revisions\/5268"}],"wp:attachment":[{"href":"https:\/\/repasupplies.com\/de\/wp-json\/wp\/v2\/media?parent=1359"}],"curies":[{"name":"wp","href":"https:\/\/api.w.org\/{rel}","templated":true}]}}