{"id":1808,"date":"2020-08-13T12:22:25","date_gmt":"2020-08-13T12:22:25","guid":{"rendered":"https:\/\/repasupplies.com\/?page_id=1808"},"modified":"2020-09-11T07:47:05","modified_gmt":"2020-09-11T07:47:05","slug":"gummi-stollen","status":"publish","type":"page","link":"https:\/\/repasupplies.com\/de\/gummi-stollen\/","title":{"rendered":"Gummi Stollen"},"content":{"rendered":"\n<p>Stollen sind unentbehrlich, wenn Ihr Kunde steigende oder sich senkende F\u00f6rderb\u00e4nder in seiner Anlage hat. Damit wird verhindert, dass die Produkte vom Band rutschen. Unsere stollen k\u00f6nnen Sie leicht selbst auf dem Band vulkanisieren, aber selbstverst\u00e4ndlich liefert Ihnen REPA auch gerne F\u00f6rderb\u00e4nder, auf denen die stollen schon befestigt sind. Stollen aus Gummi f\u00fchren wir in einer geraden Ausf\u00fchrung \u2013 senkrecht auf dem F\u00f6rderband stehend \u2013 aber auch in einem Winkel von ungef\u00e4hr 60\u00b0 und 80\u00b0.&nbsp;&nbsp;<\/p>\n","protected":false},"excerpt":{"rendered":"<p>Stollen sind unentbehrlich, wenn Ihr Kunde steigende oder sich senkende F\u00f6rderb\u00e4nder in seiner Anlage hat. Damit wird verhindert, dass die Produkte vom Band rutschen. Unsere stollen k\u00f6nnen Sie leicht selbst auf dem Band vulkanisieren, aber selbstverst\u00e4ndlich liefert Ihnen REPA auch gerne F\u00f6rderb\u00e4nder, auf denen die stollen schon befestigt sind. Stollen aus Gummi f\u00fchren wir in [&hellip;]<\/p>\n","protected":false},"author":1,"featured_media":0,"parent":0,"menu_order":0,"comment_status":"closed","ping_status":"closed","template":"templates\/template-product.php","meta":{"_acf_changed":false,"footnotes":""},"class_list":["post-1808","page","type-page","status-publish","hentry"],"acf":[],"_links":{"self":[{"href":"https:\/\/repasupplies.com\/de\/wp-json\/wp\/v2\/pages\/1808","targetHints":{"allow":["GET"]}}],"collection":[{"href":"https:\/\/repasupplies.com\/de\/wp-json\/wp\/v2\/pages"}],"about":[{"href":"https:\/\/repasupplies.com\/de\/wp-json\/wp\/v2\/types\/page"}],"author":[{"embeddable":true,"href":"https:\/\/repasupplies.com\/de\/wp-json\/wp\/v2\/users\/1"}],"replies":[{"embeddable":true,"href":"https:\/\/repasupplies.com\/de\/wp-json\/wp\/v2\/comments?post=1808"}],"version-history":[{"count":5,"href":"https:\/\/repasupplies.com\/de\/wp-json\/wp\/v2\/pages\/1808\/revisions"}],"predecessor-version":[{"id":2298,"href":"https:\/\/repasupplies.com\/de\/wp-json\/wp\/v2\/pages\/1808\/revisions\/2298"}],"wp:attachment":[{"href":"https:\/\/repasupplies.com\/de\/wp-json\/wp\/v2\/media?parent=1808"}],"curies":[{"name":"wp","href":"https:\/\/api.w.org\/{rel}","templated":true}]}}