{"id":1812,"date":"2020-08-13T12:25:22","date_gmt":"2020-08-13T12:25:22","guid":{"rendered":"https:\/\/repasupplies.com\/?page_id=1812"},"modified":"2020-09-11T07:50:55","modified_gmt":"2020-09-11T07:50:55","slug":"gummi-fuehrungsleisten","status":"publish","type":"page","link":"https:\/\/repasupplies.com\/de\/gummi-fuehrungsleisten\/","title":{"rendered":"Gummi F\u00fchrungsleisten"},"content":{"rendered":"\n<p>Wenn ein F\u00f6rderband seitlichen Kr\u00e4ften ausgesetzt wird, ist es m\u00f6glich, dass das Band aus der Spur l\u00e4uft. Um den Transport so stabil wie m\u00f6glich durchf\u00fchren zu k\u00f6nnen, kann die Unter- und Oberseite eines Bands mit F\u00fchrungsleisten versehen werden. Sie haben die Wahl zwischen verschiedenen Typen, wie V-F\u00fchrungsprofilen und F\u00fchrungsleisten in Blockform. Die Befestigung der Leisten kann durch Kalt- oder Warmvulkanisation geschehen, welche Art gew\u00e4hlt wird, h\u00e4ngt vom Industriezweig oder den Verwendungszwecken Ihrer Kunden ab.<\/p>\n","protected":false},"excerpt":{"rendered":"<p>Wenn ein F\u00f6rderband seitlichen Kr\u00e4ften ausgesetzt wird, ist es m\u00f6glich, dass das Band aus der Spur l\u00e4uft. Um den Transport so stabil wie m\u00f6glich durchf\u00fchren zu k\u00f6nnen, kann die Unter- und Oberseite eines Bands mit F\u00fchrungsleisten versehen werden. Sie haben die Wahl zwischen verschiedenen Typen, wie V-F\u00fchrungsprofilen und F\u00fchrungsleisten in Blockform. Die Befestigung der Leisten [&hellip;]<\/p>\n","protected":false},"author":1,"featured_media":0,"parent":0,"menu_order":0,"comment_status":"closed","ping_status":"closed","template":"templates\/template-product.php","meta":{"_acf_changed":false,"footnotes":""},"class_list":["post-1812","page","type-page","status-publish","hentry"],"acf":[],"_links":{"self":[{"href":"https:\/\/repasupplies.com\/de\/wp-json\/wp\/v2\/pages\/1812","targetHints":{"allow":["GET"]}}],"collection":[{"href":"https:\/\/repasupplies.com\/de\/wp-json\/wp\/v2\/pages"}],"about":[{"href":"https:\/\/repasupplies.com\/de\/wp-json\/wp\/v2\/types\/page"}],"author":[{"embeddable":true,"href":"https:\/\/repasupplies.com\/de\/wp-json\/wp\/v2\/users\/1"}],"replies":[{"embeddable":true,"href":"https:\/\/repasupplies.com\/de\/wp-json\/wp\/v2\/comments?post=1812"}],"version-history":[{"count":5,"href":"https:\/\/repasupplies.com\/de\/wp-json\/wp\/v2\/pages\/1812\/revisions"}],"predecessor-version":[{"id":2306,"href":"https:\/\/repasupplies.com\/de\/wp-json\/wp\/v2\/pages\/1812\/revisions\/2306"}],"wp:attachment":[{"href":"https:\/\/repasupplies.com\/de\/wp-json\/wp\/v2\/media?parent=1812"}],"curies":[{"name":"wp","href":"https:\/\/api.w.org\/{rel}","templated":true}]}}