{"id":1816,"date":"2020-08-13T12:27:13","date_gmt":"2020-08-13T12:27:13","guid":{"rendered":"https:\/\/repasupplies.com\/?page_id=1816"},"modified":"2020-09-11T07:49:20","modified_gmt":"2020-09-11T07:49:20","slug":"gummi-wellenkanten","status":"publish","type":"page","link":"https:\/\/repasupplies.com\/de\/gummi-wellenkanten\/","title":{"rendered":"Gummi Wellenkanten"},"content":{"rendered":"\n<p>Mit Wellenkanten, die an den Seitenr\u00e4ndern eines F\u00f6rderbands befestigt sind, wird das Band stabiler und k\u00f6nnen Ihre Kunden pro Band auch mehr Produkte bef\u00f6rdern. Durch die Wellenform sind die Kanten extra hoch und gleichzeitig doch stabil. Dies erh\u00f6ht die Transportkapazit\u00e4t. Ihre Kunden k\u00f6nnen mit Wellenkanten ihre Produkte auch in einem steileren Winkel transportieren. Kombiniert mit Mitnehmerstollen kann sogar vertikal transportiert werden. Die Wellenkanten k\u00f6nnen mit und ohne Gewebe bestellt werden.<\/p>\n","protected":false},"excerpt":{"rendered":"<p>Mit Wellenkanten, die an den Seitenr\u00e4ndern eines F\u00f6rderbands befestigt sind, wird das Band stabiler und k\u00f6nnen Ihre Kunden pro Band auch mehr Produkte bef\u00f6rdern. Durch die Wellenform sind die Kanten extra hoch und gleichzeitig doch stabil. Dies erh\u00f6ht die Transportkapazit\u00e4t. Ihre Kunden k\u00f6nnen mit Wellenkanten ihre Produkte auch in einem steileren Winkel transportieren. Kombiniert mit [&hellip;]<\/p>\n","protected":false},"author":1,"featured_media":0,"parent":0,"menu_order":0,"comment_status":"closed","ping_status":"closed","template":"templates\/template-product.php","meta":{"_acf_changed":false,"footnotes":""},"class_list":["post-1816","page","type-page","status-publish","hentry"],"acf":[],"_links":{"self":[{"href":"https:\/\/repasupplies.com\/de\/wp-json\/wp\/v2\/pages\/1816","targetHints":{"allow":["GET"]}}],"collection":[{"href":"https:\/\/repasupplies.com\/de\/wp-json\/wp\/v2\/pages"}],"about":[{"href":"https:\/\/repasupplies.com\/de\/wp-json\/wp\/v2\/types\/page"}],"author":[{"embeddable":true,"href":"https:\/\/repasupplies.com\/de\/wp-json\/wp\/v2\/users\/1"}],"replies":[{"embeddable":true,"href":"https:\/\/repasupplies.com\/de\/wp-json\/wp\/v2\/comments?post=1816"}],"version-history":[{"count":5,"href":"https:\/\/repasupplies.com\/de\/wp-json\/wp\/v2\/pages\/1816\/revisions"}],"predecessor-version":[{"id":2301,"href":"https:\/\/repasupplies.com\/de\/wp-json\/wp\/v2\/pages\/1816\/revisions\/2301"}],"wp:attachment":[{"href":"https:\/\/repasupplies.com\/de\/wp-json\/wp\/v2\/media?parent=1816"}],"curies":[{"name":"wp","href":"https:\/\/api.w.org\/{rel}","templated":true}]}}