{"id":2544,"date":"2021-02-10T10:24:00","date_gmt":"2021-02-10T10:24:00","guid":{"rendered":"https:\/\/repasupplies.com\/?page_id=2544"},"modified":"2021-02-10T10:24:05","modified_gmt":"2021-02-10T10:24:05","slug":"wellenkantenfoerderbaender","status":"publish","type":"page","link":"https:\/\/repasupplies.com\/de\/wellenkantenfoerderbaender\/","title":{"rendered":"Wellenkantenf\u00f6rderb\u00e4nder"},"content":{"rendered":"\n<p>F\u00f6rderb\u00e4nder mit Wellenkanten sind sehr praktisch. Sie sind \u00e4u\u00dferst stabil und k\u00f6nnen mehr Produkte unter einem gr\u00f6\u00dferen Winkel transportieren. Als Komplettanbieter kann REPA Supplies diese F\u00f6rderb\u00e4nder mit Wellenkanten gebrauchsfertig liefern. Wir stellen die Wellenkantenb\u00e4nder gem\u00e4\u00df Ihren genauen W\u00fcnschen speziell f\u00fcr Sie zusammen.<\/p>\n\n\n\n<p>Die Verwendung von Wellenkantenb\u00e4ndern bietet viele Vorteile. Die Produkte k\u00f6nnen vollst\u00e4ndig auf nur einem Band transportiert werden und Versch\u00fctten wird verhindert, da die Wellenkanten Teil des F\u00f6rderbands selbst sind. Diese Uniformit\u00e4t bedeutet auch, dass es fast keine beweglichen Teile gibt und Wartung dadurch kaum erforderlich ist.<strong><\/strong><\/p>\n\n\n\n<p>Au\u00dferdem bietet ein potentieller F\u00f6rderwinkel von 90\u00b0 mehrere Vorteile. Man braucht wenig Leistung zum Fortbewegen des F\u00f6rderbands und spart viel horizontalen Raum; ideal f\u00fcr Stellen, wo wenig Platz f\u00fcr Anlagen ist. <strong><br><br><\/strong>Wellenkantenb\u00e4nder werden aus verschiedenen Teilen zusammengesetzt. Das Basisf\u00f6rderband besteht aus einem EP-, ST-, CP- oder querstabilen Band. Das querstabile Band wird wegen seiner ausgezeichneten stabilisierenden Eigenschaften am meisten verwendet. An diesem Basisf\u00f6rderband werden dann Wellenkanten und Mitnehmerstollen befestigt.<\/p>\n\n\n\n<p>Wir stellen die Wellenkantenb\u00e4nder, die Sie brauchen, ganz nach Ma\u00df her. Fast jede Industrie und jedes Unternehmen ben\u00f6tigt ein eigenes und einzigartiges Konzept; genau das k\u00f6nnen wir Ihnen mit unserer breiten Erfahrung, unseren Fachkenntnissen und unserem Sortiment bieten.\u00a0<\/p>\n","protected":false},"excerpt":{"rendered":"<p>F\u00f6rderb\u00e4nder mit Wellenkanten sind sehr praktisch. Sie sind \u00e4u\u00dferst stabil und k\u00f6nnen mehr Produkte unter einem gr\u00f6\u00dferen Winkel transportieren. Als Komplettanbieter kann REPA Supplies diese F\u00f6rderb\u00e4nder mit Wellenkanten gebrauchsfertig liefern. Wir stellen die Wellenkantenb\u00e4nder gem\u00e4\u00df Ihren genauen W\u00fcnschen speziell f\u00fcr Sie zusammen. Die Verwendung von Wellenkantenb\u00e4ndern bietet viele Vorteile. Die Produkte k\u00f6nnen vollst\u00e4ndig auf nur [&hellip;]<\/p>\n","protected":false},"author":1,"featured_media":0,"parent":0,"menu_order":0,"comment_status":"closed","ping_status":"closed","template":"templates\/template-product.php","meta":{"_acf_changed":false,"footnotes":""},"class_list":["post-2544","page","type-page","status-publish","hentry"],"acf":[],"_links":{"self":[{"href":"https:\/\/repasupplies.com\/de\/wp-json\/wp\/v2\/pages\/2544","targetHints":{"allow":["GET"]}}],"collection":[{"href":"https:\/\/repasupplies.com\/de\/wp-json\/wp\/v2\/pages"}],"about":[{"href":"https:\/\/repasupplies.com\/de\/wp-json\/wp\/v2\/types\/page"}],"author":[{"embeddable":true,"href":"https:\/\/repasupplies.com\/de\/wp-json\/wp\/v2\/users\/1"}],"replies":[{"embeddable":true,"href":"https:\/\/repasupplies.com\/de\/wp-json\/wp\/v2\/comments?post=2544"}],"version-history":[{"count":2,"href":"https:\/\/repasupplies.com\/de\/wp-json\/wp\/v2\/pages\/2544\/revisions"}],"predecessor-version":[{"id":2546,"href":"https:\/\/repasupplies.com\/de\/wp-json\/wp\/v2\/pages\/2544\/revisions\/2546"}],"wp:attachment":[{"href":"https:\/\/repasupplies.com\/de\/wp-json\/wp\/v2\/media?parent=2544"}],"curies":[{"name":"wp","href":"https:\/\/api.w.org\/{rel}","templated":true}]}}