{"id":4735,"date":"2021-08-10T10:58:16","date_gmt":"2021-08-10T10:58:16","guid":{"rendered":"https:\/\/repasupplies.com\/?page_id=4735"},"modified":"2021-08-10T10:58:22","modified_gmt":"2021-08-10T10:58:22","slug":"stahlseilbaender","status":"publish","type":"page","link":"https:\/\/repasupplies.com\/de\/stahlseilbaender\/","title":{"rendered":"Stahlseilb\u00e4nder"},"content":{"rendered":"\n<p>Stahlseilb\u00e4nder sind F\u00f6rderb\u00e4nder, die aus mehreren Gummischichten aufgebaut sind, in die Stahlseil eingearbeitet ist.<\/p>\n\n\n\n<p>Stahlseilb\u00e4nder stellen aufgrund ihrer \u00e4u\u00dferst robusten, verschlei\u00df- und rei\u00dffesten Zusammensetzung die L\u00f6sung f\u00fcr schwerere Anwendungen oder Industriezweige dar. Zudem sind sie energiesparend. Auf Wunsch kann REPA Stahlseilb\u00e4nder in feuerhemmenden, hitze- und k\u00e4ltebest\u00e4ndigen und \u00f6l- und fettbest\u00e4ndigen Ausf\u00fchrungen liefern, und zwar in fast allen DIN, MSHA, ATEX, ISO, FRAS u. \u00e4.<\/p>\n\n\n\n<p>Nat\u00fcrlich werden Stahlseilb\u00e4nder h\u00e4ufig in der Schwerindustrie, wie in H\u00e4fen und Bergwerken, eingesetzt. Aber auch in weniger schweren Industriezweigen k\u00f6nnen diese B\u00e4nder eine L\u00f6sung sein, z. B. wenn die B\u00e4nder schwer beladen werden oder gro\u00dfe Entfernungen \u00fcberbr\u00fcckt werden m\u00fcssen.<\/p>\n\n\n\n<p>Stahlseilb\u00e4nder bestehen aus mehreren Komponenten, die alle f\u00fcr gute Leistungen essenziell sind. In der Mitte des Bands befinden sich die galvanisch verzinkten Stahlseile. Diese Seile bestehen aus vielen Dr\u00e4hten, die sowohl maximale Festigkeit als auch hervorragende flexible Eigenschaften garantieren. Die Zinkbeschichtung sorgt f\u00fcr eine gute Haftung zwischen den Seilen und der isolierenden Schicht und sch\u00fctzt das Band vor Korrosion.&nbsp; Um die Stahlseile herum befindet sich eine isolierende Schicht, die an den Stahlseilen haftet und zur Erzielung optimaler Wirksamkeit in sie eindringt.<\/p>\n","protected":false},"excerpt":{"rendered":"<p>Stahlseilb\u00e4nder sind F\u00f6rderb\u00e4nder, die aus mehreren Gummischichten aufgebaut sind, in die Stahlseil eingearbeitet ist. Stahlseilb\u00e4nder stellen aufgrund ihrer \u00e4u\u00dferst robusten, verschlei\u00df- und rei\u00dffesten Zusammensetzung die L\u00f6sung f\u00fcr schwerere Anwendungen oder Industriezweige dar. Zudem sind sie energiesparend. Auf Wunsch kann REPA Stahlseilb\u00e4nder in feuerhemmenden, hitze- und k\u00e4ltebest\u00e4ndigen und \u00f6l- und fettbest\u00e4ndigen Ausf\u00fchrungen liefern, und zwar in [&hellip;]<\/p>\n","protected":false},"author":1,"featured_media":0,"parent":0,"menu_order":0,"comment_status":"closed","ping_status":"closed","template":"templates\/template-product.php","meta":{"_acf_changed":false,"footnotes":""},"class_list":["post-4735","page","type-page","status-publish","hentry"],"acf":[],"_links":{"self":[{"href":"https:\/\/repasupplies.com\/de\/wp-json\/wp\/v2\/pages\/4735","targetHints":{"allow":["GET"]}}],"collection":[{"href":"https:\/\/repasupplies.com\/de\/wp-json\/wp\/v2\/pages"}],"about":[{"href":"https:\/\/repasupplies.com\/de\/wp-json\/wp\/v2\/types\/page"}],"author":[{"embeddable":true,"href":"https:\/\/repasupplies.com\/de\/wp-json\/wp\/v2\/users\/1"}],"replies":[{"embeddable":true,"href":"https:\/\/repasupplies.com\/de\/wp-json\/wp\/v2\/comments?post=4735"}],"version-history":[{"count":2,"href":"https:\/\/repasupplies.com\/de\/wp-json\/wp\/v2\/pages\/4735\/revisions"}],"predecessor-version":[{"id":4737,"href":"https:\/\/repasupplies.com\/de\/wp-json\/wp\/v2\/pages\/4735\/revisions\/4737"}],"wp:attachment":[{"href":"https:\/\/repasupplies.com\/de\/wp-json\/wp\/v2\/media?parent=4735"}],"curies":[{"name":"wp","href":"https:\/\/api.w.org\/{rel}","templated":true}]}}