{"id":713,"date":"2020-07-07T14:04:55","date_gmt":"2020-07-07T14:04:55","guid":{"rendered":"https:\/\/repasupplies.com\/?page_id=713"},"modified":"2020-08-19T06:14:50","modified_gmt":"2020-08-19T06:14:50","slug":"wer-wir-sind","status":"publish","type":"page","link":"https:\/\/repasupplies.com\/de\/wer-wir-sind\/","title":{"rendered":"Wer wir sind"},"content":{"rendered":"\n<p>Bei REPA Supplies findet jeder Vulkaniseur oder H\u00e4ndler in der F\u00f6rderbandbranche alles, was er braucht. Unsere Produkte sind sowohl f\u00fcr die Leicht-, Mittelschwer- als auch die Schwerindustrie bestimmt; als Single Source Supplier mit dem vollst\u00e4ndigsten Sortiment in Europa liefern wir immer die richtigen Materialien und die besten L\u00f6sungen.<\/p>\n\n\n\n<p>REPA Supplies geh\u00f6rt zu der REPA Group, die schon mehr als 25 Jahre Erfahrung in der F\u00f6rderbandbranche hat. REPA Transportbanden ist das bekannteste und \u00e4lteste Unternehmen der Gruppe. Jeder, der einmal mit REPA zu tun hatte, wei\u00df, wie wichtig uns Kundenzufriedenheit ist. Zufriedene Kunden erhalten wir uns, indem wir uns kontinuierlich auf die drei tragenden S\u00e4ulen unseres Unternehmens richten: schnelle Lieferung, Qualit\u00e4t und Preis.<\/p>\n\n\n\n<p>Dies erfordert einen sehr gro\u00dfen Vorrat an Gummi- und Kunststoff-F\u00f6rderb\u00e4ndern und allen dazugeh\u00f6rigen Komponenten. Dieses umfassende Angebot, kombiniert mit unserer Flexibilit\u00e4t, erm\u00f6glicht es, dass auch per Streckengesch\u00e4ft direkt an den Kunden geliefert werden kann.<\/p>\n\n\n\n<p>Unsere Produkte sind qualitativ hochwertig und werden in unserem eigenen Labor getestet und kontrolliert, unter anderem bez\u00fcglich Verschlei\u00dfrate und Zugkraft. Au\u00dferdem sind wir seit 1998 ISO\/9001- und VCA-zertifiziert, erf\u00fcllen wir die Anforderungen der REACH-, RoHS- und PAHS-Vorschriften und haben wir sehr fachkundiges Personal.<\/p>\n\n\n\n<p>Dessen Begeisterung macht auch nicht vor unseren Grenzen halt. REPA Supplies ist in Asien vertreten, dort wird vor Ort daf\u00fcr gesorgt, dass die G\u00fcter und Labors dort alle Anforderungen erf\u00fcllen. Zudem haben wir ein Team von Ingenieuren, das die verschiedenen Betriebe besucht und bei der Entwicklung, Optimierung und Kontrolle unserer Produkte Unterst\u00fctzung bietet.<\/p>\n\n\n\n<p>Auf unserer Website finden Sie eine \u00dcbersicht aller Produkte, die REPA st\u00e4ndig auf Lager hat, von F\u00f6rderb\u00e4ndern bis zu Muldenstationen und von Bekleidungsmaterial bis zu <u>Vulkanisierpressen<\/u>.<\/p>\n\n\n\n<p>Was immer Ihre W\u00fcnsche sind, wir stehen Ihnen gern zu Diensten, auch wenn es um Beratung und Unterst\u00fctzung geht. Ein gro\u00dfer Vorteil ist die v\u00f6llige Unabh\u00e4ngigkeit von REPA Supplies. Diese Unabh\u00e4ngigkeit bietet Ihnen die Garantie, dass wir immer in Ihrem Interesse handeln, mitdenken und die beste passgenaue L\u00f6sung finden.<\/p>\n","protected":false},"excerpt":{"rendered":"<p>Bei REPA Supplies findet jeder Vulkaniseur oder H\u00e4ndler in der F\u00f6rderbandbranche alles, was er braucht. Unsere Produkte sind sowohl f\u00fcr die Leicht-, Mittelschwer- als auch die Schwerindustrie bestimmt; als Single Source Supplier mit dem vollst\u00e4ndigsten Sortiment in Europa liefern wir immer die richtigen Materialien und die besten L\u00f6sungen. REPA Supplies geh\u00f6rt zu der REPA Group, [&hellip;]<\/p>\n","protected":false},"author":1,"featured_media":279,"parent":0,"menu_order":0,"comment_status":"closed","ping_status":"closed","template":"","meta":{"_acf_changed":false,"footnotes":""},"class_list":["post-713","page","type-page","status-publish","has-post-thumbnail","hentry"],"acf":[],"_links":{"self":[{"href":"https:\/\/repasupplies.com\/de\/wp-json\/wp\/v2\/pages\/713","targetHints":{"allow":["GET"]}}],"collection":[{"href":"https:\/\/repasupplies.com\/de\/wp-json\/wp\/v2\/pages"}],"about":[{"href":"https:\/\/repasupplies.com\/de\/wp-json\/wp\/v2\/types\/page"}],"author":[{"embeddable":true,"href":"https:\/\/repasupplies.com\/de\/wp-json\/wp\/v2\/users\/1"}],"replies":[{"embeddable":true,"href":"https:\/\/repasupplies.com\/de\/wp-json\/wp\/v2\/comments?post=713"}],"version-history":[{"count":3,"href":"https:\/\/repasupplies.com\/de\/wp-json\/wp\/v2\/pages\/713\/revisions"}],"predecessor-version":[{"id":1958,"href":"https:\/\/repasupplies.com\/de\/wp-json\/wp\/v2\/pages\/713\/revisions\/1958"}],"wp:featuredmedia":[{"embeddable":true,"href":"https:\/\/repasupplies.com\/de\/wp-json\/wp\/v2\/media\/279"}],"wp:attachment":[{"href":"https:\/\/repasupplies.com\/de\/wp-json\/wp\/v2\/media?parent=713"}],"curies":[{"name":"wp","href":"https:\/\/api.w.org\/{rel}","templated":true}]}}