{"id":2652,"date":"2021-04-22T13:01:14","date_gmt":"2021-04-22T13:01:14","guid":{"rendered":"https:\/\/repasupplies.com\/?page_id=2652"},"modified":"2023-09-02T13:15:54","modified_gmt":"2023-09-02T13:15:54","slug":"certificaciones","status":"publish","type":"page","link":"https:\/\/repasupplies.com\/es\/certificaciones\/","title":{"rendered":"Certificaciones"},"content":{"rendered":"\n<p>En vista de la seguridad y el nivel de calidad, es bueno saber que estamos suficientemente certificados.<\/p>\n\n\n\n<p>Desde 1998 REPA dispone de los siguientes certificados:<\/p>\n\n\n\n<h3 class=\"wp-block-heading\"><strong>VCA<\/strong><\/h3>\n\n\n<div class=\"wp-block-image\">\n<figure class=\"alignright size-full\"><img loading=\"lazy\" decoding=\"async\" width=\"197\" height=\"198\" src=\"https:\/\/repasupplies.com\/wp-content\/uploads\/2023\/09\/vca-1.jpg\" alt=\"\" class=\"wp-image-5466\" srcset=\"https:\/\/repasupplies.com\/wp-content\/uploads\/2023\/09\/vca-1.jpg 197w, https:\/\/repasupplies.com\/wp-content\/uploads\/2023\/09\/vca-1-150x150.jpg 150w\" sizes=\"auto, (max-width: 197px) 100vw, 197px\" \/><\/figure>\n<\/div>\n\n\n<p>La Seguridad, Salud y el Medio Ambiente Lista de control para Contratistas (VGM por sus siglas en holand\u00e9s), o VCA (por sus siglas en holand\u00e9s), es un programa orientado a promover la seguridad de procesos empresariales.<br>Un certificado VCA significa que la empresa en cuesti\u00f3n trabaja de una manera segura y saludable y que considera que es importante seguir haci\u00e9ndolo.<\/p>\n\n\n\n<hr class=\"wp-block-separator has-css-opacity\"\/>\n\n\n\n<h3 class=\"wp-block-heading\">ISO 9001<\/h3>\n\n\n<div class=\"wp-block-image\">\n<figure class=\"alignleft size-full\"><img loading=\"lazy\" decoding=\"async\" width=\"197\" height=\"198\" src=\"https:\/\/repasupplies.com\/wp-content\/uploads\/2023\/09\/iso9001-1.jpg\" alt=\"\" class=\"wp-image-5472\" srcset=\"https:\/\/repasupplies.com\/wp-content\/uploads\/2023\/09\/iso9001-1.jpg 197w, https:\/\/repasupplies.com\/wp-content\/uploads\/2023\/09\/iso9001-1-150x150.jpg 150w\" sizes=\"auto, (max-width: 197px) 100vw, 197px\" \/><\/figure>\n<\/div>\n\n\n<p>La norma internacional ISO 9001 se centra en los sistemas de gesti\u00f3n de calidad y pone \u00e9nfasis en la satisfacci\u00f3n del cliente. Cumplir con esta norma significa tambi\u00e9n que se aspira a mejoras continuamente y aplicarlas. ISO 9001 est\u00e1 basada en siete principios de gesti\u00f3n de calidad, entre ellos el enfoque al cliente, el compromiso, el enfoque basado en procesos y el liderazgo.<\/p>\n\n\n\n<hr class=\"wp-block-separator has-css-opacity\"\/>\n\n\n\n<h3 class=\"wp-block-heading\">REACH cumplimiento<\/h3>\n\n\n<div class=\"wp-block-image\">\n<figure class=\"alignright size-large\"><img loading=\"lazy\" decoding=\"async\" width=\"130\" height=\"200\" src=\"https:\/\/repasupplies.com\/wp-content\/uploads\/2020\/06\/reach.jpg\" alt=\"\" class=\"wp-image-2658\"\/><\/figure>\n<\/div>\n\n\n<p>REACH significa registraci\u00f3n, evaluaci\u00f3n, autorizaci\u00f3n y restricci\u00f3n de sustancias qu\u00edmicas (Registration, Evaluation, Authorization and Restriction of Chemicals o REACH por sus siglas en ingl\u00e9s). Este reglamento europeo pretende mejorar la protecci\u00f3n de la salud p\u00fablica y del medio ambiente mediante una mejor y m\u00e1s r\u00e1pida identificaci\u00f3n de las caracter\u00edsticas intr\u00ednsecas de sustancias qu\u00edmicas.<\/p>\n\n\n\n<p>Al mismo tiempo REACH pretende mejorar la capacidad innovativa y el fortalecimiento de la competitividad. REACH es aplicable a todos los productos o sustancias qu\u00edmicos fabricados o importados en la UE.<\/p>\n\n\n\n<hr class=\"wp-block-separator has-css-opacity\"\/>\n\n\n\n<h3 class=\"wp-block-heading\">RoHS cumplimiento<\/h3>\n\n\n<div class=\"wp-block-image\">\n<figure class=\"alignleft size-large\"><img loading=\"lazy\" decoding=\"async\" width=\"197\" height=\"198\" src=\"https:\/\/repasupplies.com\/wp-content\/uploads\/2020\/06\/rohs.jpg\" alt=\"\" class=\"wp-image-2659\" srcset=\"https:\/\/repasupplies.com\/wp-content\/uploads\/2020\/06\/rohs.jpg 197w, https:\/\/repasupplies.com\/wp-content\/uploads\/2020\/06\/rohs-150x150.jpg 150w\" sizes=\"auto, (max-width: 197px) 100vw, 197px\" \/><\/figure>\n<\/div>\n\n\n<p>El reglamento de restricci\u00f3n de sustancias peligrosas RoHS (Restriction of Hazardous Substances o RoHS por sus siglas en ingl\u00e9s), que se aplica en todos los estados miembros de la Uni\u00f3n Europea, tiene por objeto la restricci\u00f3n del uso de determinadas sustancias peligrosas en aparatos el\u00e9ctricos y electr\u00f3nicas. En concreto se trata de las seis sustancias siguientes: mercurio, cromo, plomo, cadmio, polibromobifenilos y polibromodifenil \u00e9teres.<\/p>\n\n\n\n<hr class=\"wp-block-separator has-css-opacity\"\/>\n\n\n\n<h3 class=\"wp-block-heading\">PAHS<\/h3>\n\n\n<div class=\"wp-block-image\">\n<figure class=\"alignright size-large\"><img loading=\"lazy\" decoding=\"async\" width=\"300\" height=\"200\" src=\"https:\/\/repasupplies.com\/wp-content\/uploads\/2020\/06\/pahs.jpg\" alt=\"\" class=\"wp-image-2660\"\/><\/figure>\n<\/div>\n\n\n<p>Los PAHS (Polycyclic Aromatic Hydrocarbons o PAHS por sus siglas en ingl\u00e9s), o hidrocarburos arom\u00e1ticos polic\u00edclicos son cancer\u00edgenos y en general perjudiciales para la salud. Estas sustancias se pueden encontrar en diversos materiales, como madera, alimentos y tabaco. Las industrias que utilizan estos materiales deben hacer todo lo posible para evitar la emisi\u00f3n de PAHS.<\/p>\n\n\n\n<p>El reglamento PAHS procura que todos los productos cumplen con los requisitos legales con respecto a estas sustancias da\u00f1inas.<\/p>\n","protected":false},"excerpt":{"rendered":"<p>En vista de la seguridad y el nivel de calidad, es bueno saber que estamos suficientemente certificados. Desde 1998 REPA dispone de los siguientes certificados: VCA La Seguridad, Salud y el Medio Ambiente Lista de control para Contratistas (VGM por sus siglas en holand\u00e9s), o VCA (por sus siglas en holand\u00e9s), es un programa orientado [&hellip;]<\/p>\n","protected":false},"author":1,"featured_media":0,"parent":0,"menu_order":0,"comment_status":"closed","ping_status":"closed","template":"","meta":{"_acf_changed":false,"footnotes":""},"class_list":["post-2652","page","type-page","status-publish","hentry"],"acf":[],"_links":{"self":[{"href":"https:\/\/repasupplies.com\/es\/wp-json\/wp\/v2\/pages\/2652","targetHints":{"allow":["GET"]}}],"collection":[{"href":"https:\/\/repasupplies.com\/es\/wp-json\/wp\/v2\/pages"}],"about":[{"href":"https:\/\/repasupplies.com\/es\/wp-json\/wp\/v2\/types\/page"}],"author":[{"embeddable":true,"href":"https:\/\/repasupplies.com\/es\/wp-json\/wp\/v2\/users\/1"}],"replies":[{"embeddable":true,"href":"https:\/\/repasupplies.com\/es\/wp-json\/wp\/v2\/comments?post=2652"}],"version-history":[{"count":5,"href":"https:\/\/repasupplies.com\/es\/wp-json\/wp\/v2\/pages\/2652\/revisions"}],"predecessor-version":[{"id":5477,"href":"https:\/\/repasupplies.com\/es\/wp-json\/wp\/v2\/pages\/2652\/revisions\/5477"}],"wp:attachment":[{"href":"https:\/\/repasupplies.com\/es\/wp-json\/wp\/v2\/media?parent=2652"}],"curies":[{"name":"wp","href":"https:\/\/api.w.org\/{rel}","templated":true}]}}