{"id":2661,"date":"2021-04-22T13:04:44","date_gmt":"2021-04-22T13:04:44","guid":{"rendered":"https:\/\/repasupplies.com\/?page_id=2661"},"modified":"2021-04-28T10:59:37","modified_gmt":"2021-04-28T10:59:37","slug":"contacto","status":"publish","type":"page","link":"https:\/\/repasupplies.com\/es\/contacto\/","title":{"rendered":"Contacto"},"content":{"rendered":"\n<p>\u00bfSe ha entusiasmado con nuestra oferta y quiere hacer un pedido? \u00bfTiene preguntas sobre un producto que ofrecemos \u2026 o sobre un producto que <em>no<\/em> tenemos en el sitio? \u00bfDesea m\u00e1s informaci\u00f3n sobre nuestro m\u00e9todo de trabajo? \u00bfO tal vez quiera venir a conocernos en persona?<\/p>\n\n\n\n<p>P\u00f3ngase en contacto con nosotros a trav\u00e9s del n\u00famero de tel\u00e9fono o del formulario de contacto que aparece a continuaci\u00f3n. \u00a1Siempre estamos dispuestos a ayudarle!<\/p>\n","protected":false},"excerpt":{"rendered":"<p>\u00bfSe ha entusiasmado con nuestra oferta y quiere hacer un pedido? \u00bfTiene preguntas sobre un producto que ofrecemos \u2026 o sobre un producto que no tenemos en el sitio? \u00bfDesea m\u00e1s informaci\u00f3n sobre nuestro m\u00e9todo de trabajo? \u00bfO tal vez quiera venir a conocernos en persona? P\u00f3ngase en contacto con nosotros a trav\u00e9s del n\u00famero [&hellip;]<\/p>\n","protected":false},"author":1,"featured_media":0,"parent":0,"menu_order":0,"comment_status":"closed","ping_status":"closed","template":"templates\/template-contact.php","meta":{"_acf_changed":false,"footnotes":""},"class_list":["post-2661","page","type-page","status-publish","hentry"],"acf":[],"_links":{"self":[{"href":"https:\/\/repasupplies.com\/es\/wp-json\/wp\/v2\/pages\/2661","targetHints":{"allow":["GET"]}}],"collection":[{"href":"https:\/\/repasupplies.com\/es\/wp-json\/wp\/v2\/pages"}],"about":[{"href":"https:\/\/repasupplies.com\/es\/wp-json\/wp\/v2\/types\/page"}],"author":[{"embeddable":true,"href":"https:\/\/repasupplies.com\/es\/wp-json\/wp\/v2\/users\/1"}],"replies":[{"embeddable":true,"href":"https:\/\/repasupplies.com\/es\/wp-json\/wp\/v2\/comments?post=2661"}],"version-history":[{"count":5,"href":"https:\/\/repasupplies.com\/es\/wp-json\/wp\/v2\/pages\/2661\/revisions"}],"predecessor-version":[{"id":3290,"href":"https:\/\/repasupplies.com\/es\/wp-json\/wp\/v2\/pages\/2661\/revisions\/3290"}],"wp:attachment":[{"href":"https:\/\/repasupplies.com\/es\/wp-json\/wp\/v2\/media?parent=2661"}],"curies":[{"name":"wp","href":"https:\/\/api.w.org\/{rel}","templated":true}]}}