{"id":2669,"date":"2021-04-22T13:10:42","date_gmt":"2021-04-22T13:10:42","guid":{"rendered":"https:\/\/repasupplies.com\/?page_id=2669"},"modified":"2023-06-14T08:34:34","modified_gmt":"2023-06-14T08:34:34","slug":"lichte-industrie","status":"publish","type":"page","link":"https:\/\/repasupplies.com\/es\/lichte-industrie\/","title":{"rendered":"Industria ligera"},"content":{"rendered":"\n<p>REPA dispone de una amplia gama de bandas transportadoras de pl\u00e1stico y accesorios para la industria ligera. Eso es muy importante, porque casi todos los comerciantes o vulcanizadores necesitar\u00e1n alg\u00fan tipo de pl\u00e1stico para suministrar a sus clientes. Podemos servir pr\u00e1cticamente a todos los sectores con nuestra gama y podemos llamarnos, con raz\u00f3n, el mayor y m\u00e1s completo proveedor \u00fanico de Europa.<\/p>\n\n\n\n<p>Evidentemente puede confiar, como siempre, en nuestro s\u00f3lida capacidad profesional, nuestros conocimientos y a\u00f1os de experiencia de REPA. El servicio directo y nuestro nivel de servicio y la orientaci\u00f3n al cliente siempre son de un alto nivel y nuestros materiales cumplen con los m\u00e1s altos requisitos de calidad. Es importante saber que usted, como cliente, siempre est\u00e1 en primer lugar. Esto no s\u00f3lo significa que siempre tenemos su producto en stock, sino que pensamos constantemente en a usted.<\/p>\n\n\n\n<p>En la industria ligera se usan bandas transportadoras que suelen tener caracter\u00edsticas muy espec\u00edficas. Los productos de REPA son perfectamente adecuados para ello.<\/p>\n\n\n\n<p>En el sector alimentario y no alimentario se usan en gran medida bandas de pl\u00e1stico. En este caso un factor importante puede ser la higiene, que significa que las bandas mismas deben cumplir con altos est\u00e1ndares de limpieza y resistencia. Por eso suministramos bandas transportadoras con efecto antibacteriano, insensibles a los aceites y las grasas y que cumplen perfectamente con los requisitos HACCP vigentes.<\/p>\n\n\n\n<p>Cualquiera que sea la industria a la que sirve, puede contactar REPA para todo tipo de banda transportadora, herramienta, pieza o accesorio. Piense en la industria alimentaria, los centros de distribuci\u00f3n, pero tambi\u00e9n en los aeropuertos, la agricultura y horticultura y la industria de tabaco. REPA ofrece muchos tipos de bandas transportadoras de pl\u00e1stico y productos para la industria ligera. Distinguimos las siguientes categor\u00edas:<\/p>\n","protected":false},"excerpt":{"rendered":"<p>REPA dispone de una amplia gama de bandas transportadoras de pl\u00e1stico y accesorios para la industria ligera. Eso es muy importante, porque casi todos los comerciantes o vulcanizadores necesitar\u00e1n alg\u00fan tipo de pl\u00e1stico para suministrar a sus clientes. Podemos servir pr\u00e1cticamente a todos los sectores con nuestra gama y podemos llamarnos, con raz\u00f3n, el mayor [&hellip;]<\/p>\n","protected":false},"author":1,"featured_media":0,"parent":0,"menu_order":0,"comment_status":"closed","ping_status":"closed","template":"templates\/template-industry-light.php","meta":{"_acf_changed":false,"footnotes":""},"class_list":["post-2669","page","type-page","status-publish","hentry"],"acf":[],"_links":{"self":[{"href":"https:\/\/repasupplies.com\/es\/wp-json\/wp\/v2\/pages\/2669","targetHints":{"allow":["GET"]}}],"collection":[{"href":"https:\/\/repasupplies.com\/es\/wp-json\/wp\/v2\/pages"}],"about":[{"href":"https:\/\/repasupplies.com\/es\/wp-json\/wp\/v2\/types\/page"}],"author":[{"embeddable":true,"href":"https:\/\/repasupplies.com\/es\/wp-json\/wp\/v2\/users\/1"}],"replies":[{"embeddable":true,"href":"https:\/\/repasupplies.com\/es\/wp-json\/wp\/v2\/comments?post=2669"}],"version-history":[{"count":5,"href":"https:\/\/repasupplies.com\/es\/wp-json\/wp\/v2\/pages\/2669\/revisions"}],"predecessor-version":[{"id":5401,"href":"https:\/\/repasupplies.com\/es\/wp-json\/wp\/v2\/pages\/2669\/revisions\/5401"}],"wp:attachment":[{"href":"https:\/\/repasupplies.com\/es\/wp-json\/wp\/v2\/media?parent=2669"}],"curies":[{"name":"wp","href":"https:\/\/api.w.org\/{rel}","templated":true}]}}