{"id":2679,"date":"2021-04-22T13:17:03","date_gmt":"2021-04-22T13:17:03","guid":{"rendered":"https:\/\/repasupplies.com\/?page_id=2679"},"modified":"2023-06-14T08:30:36","modified_gmt":"2023-06-14T08:30:36","slug":"industria-semi-pesada-hasta-pesada","status":"publish","type":"page","link":"https:\/\/repasupplies.com\/es\/industria-semi-pesada-hasta-pesada\/","title":{"rendered":"Industria semi pesada hasta pesada"},"content":{"rendered":"\n<p>Para la industria semi pesada hasta pesada, REPA ha desarrollado una gran gama de bandas de caucho e incluso una serie de bandas de pl\u00e1stico. Muchas veces estas bandas deben cumplir con requisitos muy espec\u00edficos. En REPA siempre encontrar\u00e1 la banda o el componente con las caracter\u00edsticas adecuadas para su campo de aplicaci\u00f3n. Adem\u00e1s, casi todo est\u00e1 disponible en stock, lo que significa que podemos suministrarle a usted y a sus clientes todo lo que necesiten a tiempo.<\/p>\n\n\n\n<p>Una banda transportadora para la industria pesada debe ser resistente al desgaste, tener buenas caracter\u00edsticas conductoras y debe funcionar tambi\u00e9n bajo condiciones extremas como el fr\u00edo, el calor y las cargas pesadas. Entonces el usuario debe poder contar con la calidad de la construcci\u00f3n y el montaje. Afortunadamente cada comerciante y vulcanizador puede confiar en la capacidad profesional y los materiales de alta calidad de REPA Supplies.<\/p>\n\n\n\n<p>Tenemos una soluci\u00f3n adecuada para todo tipo de industria y cada empresa individual. Tanto si suministra a la industria del cemento, la miner\u00eda, la industria del papel y de la madera, los puertos, los centrales de energ\u00eda, a la construcci\u00f3n de t\u00faneles, al sector log\u00edstico u otro sector, REPA tiene las Bandas, los materiales y componentes que su grupo objetivo necesita.<\/p>\n\n\n\n<p>Por lo general utilizaremos nuestro complet\u00edsimo programa de bandas transportadoras de caucho, pero para la industria pesada tambi\u00e9n hemos desarrollado una serie de Bandas de pl\u00e1stico. Estas bandas son resistentes al aceite y a la grasa, tienen buenas caracter\u00edsticas de descarga y son resistentes al desgaste. Esto las hace muy adecuadas para, entre otras, la industria del acero y la del reciclaje de residuos.<\/p>\n\n\n\n<p>REPA ofrece muchos tipos de bandas de caucho para la industria semi pesada hasta pesada. Distinguimos las siguientes categor\u00edas principales:&nbsp;<\/p>\n","protected":false},"excerpt":{"rendered":"<p>Para la industria semi pesada hasta pesada, REPA ha desarrollado una gran gama de bandas de caucho e incluso una serie de bandas de pl\u00e1stico. Muchas veces estas bandas deben cumplir con requisitos muy espec\u00edficos. En REPA siempre encontrar\u00e1 la banda o el componente con las caracter\u00edsticas adecuadas para su campo de aplicaci\u00f3n. Adem\u00e1s, casi [&hellip;]<\/p>\n","protected":false},"author":1,"featured_media":0,"parent":0,"menu_order":0,"comment_status":"closed","ping_status":"closed","template":"templates\/template-heavy-industry.php","meta":{"_acf_changed":false,"footnotes":""},"class_list":["post-2679","page","type-page","status-publish","hentry"],"acf":[],"_links":{"self":[{"href":"https:\/\/repasupplies.com\/es\/wp-json\/wp\/v2\/pages\/2679","targetHints":{"allow":["GET"]}}],"collection":[{"href":"https:\/\/repasupplies.com\/es\/wp-json\/wp\/v2\/pages"}],"about":[{"href":"https:\/\/repasupplies.com\/es\/wp-json\/wp\/v2\/types\/page"}],"author":[{"embeddable":true,"href":"https:\/\/repasupplies.com\/es\/wp-json\/wp\/v2\/users\/1"}],"replies":[{"embeddable":true,"href":"https:\/\/repasupplies.com\/es\/wp-json\/wp\/v2\/comments?post=2679"}],"version-history":[{"count":5,"href":"https:\/\/repasupplies.com\/es\/wp-json\/wp\/v2\/pages\/2679\/revisions"}],"predecessor-version":[{"id":5396,"href":"https:\/\/repasupplies.com\/es\/wp-json\/wp\/v2\/pages\/2679\/revisions\/5396"}],"wp:attachment":[{"href":"https:\/\/repasupplies.com\/es\/wp-json\/wp\/v2\/media?parent=2679"}],"curies":[{"name":"wp","href":"https:\/\/api.w.org\/{rel}","templated":true}]}}