{"id":2698,"date":"2021-04-22T13:30:47","date_gmt":"2021-04-22T13:30:47","guid":{"rendered":"https:\/\/repasupplies.com\/?page_id=2698"},"modified":"2021-04-24T06:53:58","modified_gmt":"2021-04-24T06:53:58","slug":"abrigo-de-muelle","status":"publish","type":"page","link":"https:\/\/repasupplies.com\/es\/abrigo-de-muelle\/","title":{"rendered":"Abrigo de muelle"},"content":{"rendered":"\n<p>Un abrigo de muelle es el sello ideal entre el and\u00e9n de carga y el cami\u00f3n. No s\u00f3lo es una manera eficiente y eficaz de ocupar la mejor posici\u00f3n de carga, un buen abrigo de muelle tambi\u00e9n ahorra energ\u00eda y mejora la higiene en el almac\u00e9n o la zona de carga. Una condici\u00f3n imprescindible es que todos los materiales de sellado son de calidad suficiente. REPA suministra s\u00f3lo PVC y caucho de alta calidad para el revestimiento de los abrigos de muelle. Esta calidad garantiza que la integridad de los muelles permanezca siempre intacta.<\/p>\n\n\n\n<p>Disponemos de revestimiento para varios tipos de abrigos de muelle, entre otros abrigos de cortina, abrigos de coj\u00edn, abrigos de solapa mec\u00e1nica y abrigos inflables. Nuestros materiales pueden cubrir tanto los laterales como la parte superior del abrigo de muelle. Puede elegir entre un revestimiento aislado y uno no aislado.<\/p>\n","protected":false},"excerpt":{"rendered":"<p>Un abrigo de muelle es el sello ideal entre el and\u00e9n de carga y el cami\u00f3n. No s\u00f3lo es una manera eficiente y eficaz de ocupar la mejor posici\u00f3n de carga, un buen abrigo de muelle tambi\u00e9n ahorra energ\u00eda y mejora la higiene en el almac\u00e9n o la zona de carga. Una condici\u00f3n imprescindible es [&hellip;]<\/p>\n","protected":false},"author":1,"featured_media":0,"parent":0,"menu_order":0,"comment_status":"closed","ping_status":"closed","template":"templates\/template-product.php","meta":{"_acf_changed":false,"footnotes":""},"class_list":["post-2698","page","type-page","status-publish","hentry"],"acf":[],"_links":{"self":[{"href":"https:\/\/repasupplies.com\/es\/wp-json\/wp\/v2\/pages\/2698","targetHints":{"allow":["GET"]}}],"collection":[{"href":"https:\/\/repasupplies.com\/es\/wp-json\/wp\/v2\/pages"}],"about":[{"href":"https:\/\/repasupplies.com\/es\/wp-json\/wp\/v2\/types\/page"}],"author":[{"embeddable":true,"href":"https:\/\/repasupplies.com\/es\/wp-json\/wp\/v2\/users\/1"}],"replies":[{"embeddable":true,"href":"https:\/\/repasupplies.com\/es\/wp-json\/wp\/v2\/comments?post=2698"}],"version-history":[{"count":5,"href":"https:\/\/repasupplies.com\/es\/wp-json\/wp\/v2\/pages\/2698\/revisions"}],"predecessor-version":[{"id":2979,"href":"https:\/\/repasupplies.com\/es\/wp-json\/wp\/v2\/pages\/2698\/revisions\/2979"}],"wp:attachment":[{"href":"https:\/\/repasupplies.com\/es\/wp-json\/wp\/v2\/media?parent=2698"}],"curies":[{"name":"wp","href":"https:\/\/api.w.org\/{rel}","templated":true}]}}