{"id":2711,"date":"2021-04-22T13:45:25","date_gmt":"2021-04-22T13:45:25","guid":{"rendered":"https:\/\/repasupplies.com\/?page_id=2711"},"modified":"2021-08-31T07:29:22","modified_gmt":"2021-08-31T07:29:22","slug":"polietileno-pe","status":"publish","type":"page","link":"https:\/\/repasupplies.com\/es\/polietileno-pe\/","title":{"rendered":"Polietileno (PE)"},"content":{"rendered":"\n<h3 class=\"wp-block-heading\"><strong>Bandas transportadoras de polietileno (PE)<\/strong><\/h3>\n\n\n\n<p>Uno de los tipos de bandas de pl\u00e1stico que ofrecemos, es de polietileno. Se trata de una forma de poliolefina que por origen tiene muy buena resistencia qu\u00edmica y que es antiadherente. El material es ideal para la industria del tabaco por la ausencia de sustancias nocivas en los revestimientos. Adem\u00e1s, el polietileno tambi\u00e9n cumple, en general, con los requisitos de la FDA y la Uni\u00f3n Europea para trabajar con alimentos de una manera responsable.<\/p>\n\n\n\n<p>REPA puede satisfacer todas sus necesidades en el suministro de bandas de PE. Las bandas transportadoras de polietileno pueden utilizarse o suministrarse con una variedad de transportadores, cordones conductores y bordes ondulados, tambi\u00e9n de PE.<\/p>\n","protected":false},"excerpt":{"rendered":"<p>Bandas transportadoras de polietileno (PE) Uno de los tipos de bandas de pl\u00e1stico que ofrecemos, es de polietileno. Se trata de una forma de poliolefina que por origen tiene muy buena resistencia qu\u00edmica y que es antiadherente. El material es ideal para la industria del tabaco por la ausencia de sustancias nocivas en los revestimientos. [&hellip;]<\/p>\n","protected":false},"author":1,"featured_media":0,"parent":0,"menu_order":0,"comment_status":"closed","ping_status":"closed","template":"templates\/template-product.php","meta":{"_acf_changed":false,"footnotes":""},"class_list":["post-2711","page","type-page","status-publish","hentry"],"acf":[],"_links":{"self":[{"href":"https:\/\/repasupplies.com\/es\/wp-json\/wp\/v2\/pages\/2711","targetHints":{"allow":["GET"]}}],"collection":[{"href":"https:\/\/repasupplies.com\/es\/wp-json\/wp\/v2\/pages"}],"about":[{"href":"https:\/\/repasupplies.com\/es\/wp-json\/wp\/v2\/types\/page"}],"author":[{"embeddable":true,"href":"https:\/\/repasupplies.com\/es\/wp-json\/wp\/v2\/users\/1"}],"replies":[{"embeddable":true,"href":"https:\/\/repasupplies.com\/es\/wp-json\/wp\/v2\/comments?post=2711"}],"version-history":[{"count":5,"href":"https:\/\/repasupplies.com\/es\/wp-json\/wp\/v2\/pages\/2711\/revisions"}],"predecessor-version":[{"id":4809,"href":"https:\/\/repasupplies.com\/es\/wp-json\/wp\/v2\/pages\/2711\/revisions\/4809"}],"wp:attachment":[{"href":"https:\/\/repasupplies.com\/es\/wp-json\/wp\/v2\/media?parent=2711"}],"curies":[{"name":"wp","href":"https:\/\/api.w.org\/{rel}","templated":true}]}}