{"id":2720,"date":"2021-04-22T13:50:18","date_gmt":"2021-04-22T13:50:18","guid":{"rendered":"https:\/\/repasupplies.com\/?page_id=2720"},"modified":"2023-06-14T08:35:03","modified_gmt":"2023-06-14T08:35:03","slug":"poliuretano-pu","status":"publish","type":"page","link":"https:\/\/repasupplies.com\/es\/poliuretano-pu\/","title":{"rendered":"Poliuretano (PU)"},"content":{"rendered":"\n<h3 class=\"wp-block-heading\"><strong>Bandas transportadoras de poliuretano (PU) <\/strong><\/h3>\n\n\n\n<p>Nuestras bandas transportadoras de poliuretano son muy resistentes a la grasa, el aceite y las sustancias qu\u00edmicas. Adem\u00e1s son muy duraderas, flexibles y cumplen con todos los requisitos oficiales de la FDA, HACCP, y de la Uni\u00f3n Europea. REPA tambi\u00e9n tramitar\u00e1 cualquier solicitud especial que pueda tener.<\/p>\n\n\n\n<p>La industria alimentaria, en la que se utilizan bandas de PU a gran escala, tiene que hacer frente a normativas cada vez m\u00e1s estrictas, con las que nosotros como proveedor \u00fanico de bandas transportadoras y productos afines y conexos, cumplimos completamente. REPA lleva ya m\u00e1s de 25 a\u00f1os produciendo para el sector alimentario y dispone de una gama muy amplia de bandas transportadoras, principalmente antibacterianas. Entre otras, disponemos de bandas espec\u00edficas de PU para la industria de panader\u00eda.<\/p>\n","protected":false},"excerpt":{"rendered":"<p>Bandas transportadoras de poliuretano (PU) Nuestras bandas transportadoras de poliuretano son muy resistentes a la grasa, el aceite y las sustancias qu\u00edmicas. Adem\u00e1s son muy duraderas, flexibles y cumplen con todos los requisitos oficiales de la FDA, HACCP, y de la Uni\u00f3n Europea. REPA tambi\u00e9n tramitar\u00e1 cualquier solicitud especial que pueda tener. La industria alimentaria, [&hellip;]<\/p>\n","protected":false},"author":1,"featured_media":0,"parent":0,"menu_order":0,"comment_status":"closed","ping_status":"closed","template":"templates\/template-product.php","meta":{"_acf_changed":false,"footnotes":""},"class_list":["post-2720","page","type-page","status-publish","hentry"],"acf":[],"_links":{"self":[{"href":"https:\/\/repasupplies.com\/es\/wp-json\/wp\/v2\/pages\/2720","targetHints":{"allow":["GET"]}}],"collection":[{"href":"https:\/\/repasupplies.com\/es\/wp-json\/wp\/v2\/pages"}],"about":[{"href":"https:\/\/repasupplies.com\/es\/wp-json\/wp\/v2\/types\/page"}],"author":[{"embeddable":true,"href":"https:\/\/repasupplies.com\/es\/wp-json\/wp\/v2\/users\/1"}],"replies":[{"embeddable":true,"href":"https:\/\/repasupplies.com\/es\/wp-json\/wp\/v2\/comments?post=2720"}],"version-history":[{"count":5,"href":"https:\/\/repasupplies.com\/es\/wp-json\/wp\/v2\/pages\/2720\/revisions"}],"predecessor-version":[{"id":5402,"href":"https:\/\/repasupplies.com\/es\/wp-json\/wp\/v2\/pages\/2720\/revisions\/5402"}],"wp:attachment":[{"href":"https:\/\/repasupplies.com\/es\/wp-json\/wp\/v2\/media?parent=2720"}],"curies":[{"name":"wp","href":"https:\/\/api.w.org\/{rel}","templated":true}]}}