{"id":2733,"date":"2021-04-22T14:02:01","date_gmt":"2021-04-22T14:02:01","guid":{"rendered":"https:\/\/repasupplies.com\/?page_id=2733"},"modified":"2021-08-31T07:37:23","modified_gmt":"2021-08-31T07:37:23","slug":"sobre-nosotros","status":"publish","type":"page","link":"https:\/\/repasupplies.com\/es\/sobre-nosotros\/","title":{"rendered":"Sobre nosotros"},"content":{"rendered":"\n<p>\u00a1No importa a qu\u00e9 sector pertenezca, si es ingeniero de vulcanizado o comerciante de bandas transportadoras, REPA Supplies tiene el producto perfecto para usted! Industria ligera, semipesada o pesada; como el mayor y m\u00e1s completo proveedor \u00fanico podemos ofrecerle una gama ilimitada de materiales y soluciones.<\/p>\n\n\n\n<p>REPA Supplies forma parte del REPA Group, que cuenta con m\u00e1s de 25 a\u00f1os de experiencia en la industria de bandas transportadoras y de la cual REPA Bandas Transportadoras es la parte m\u00e1s conocida y antigua. Cualquiera que haya tratado con REPA sabe lo importante que es para nosotros la satisfacci\u00f3n del cliente. Mantenemos los excelentes niveles de rendimiento centr\u00e1ndonos continuamente en nuestros tres pilares: entrega r\u00e1pida, calidad y precio.<\/p>\n\n\n\n<p>Esto requiere un gran stock de bandas transportadoras de caucho y de pl\u00e1stico, incluido todos los componentes accesorios. Esta gran oferta, en combinaci\u00f3n con nuestra flexibilidad, hace posible la entrega de env\u00edos directos directamente al cliente.<\/p>\n\n\n\n<p>Nuestros productos son de calidad excelente y se prueban y comprueban en nuestro propio laboratorio, entre otras cosas, al valor de desgaste y a la fuerza de tracci\u00f3n. Adem\u00e1s contamos con las certificaciones ISO\/9001 y VCA desde 1998, cumplimos con los requisitos de las normativas REACH-, RoHS- y PAHS y disponemos de personal altamente cualificado.<\/p>\n\n\n\n<p>Esta dedicaci\u00f3n se extiende m\u00e1s all\u00e1 de nuestras fronteras. Por ejemplo tenemos representantes de REPA en Asia, que vigilan que las mercanc\u00edas y laboratorios de all\u00ed cumplen con todos los requisitos. Adem\u00e1s tenemos un equipo de ingenieros que se desplaza continuamente a las distintas instalaciones para ayudar en el desarrollo, la optimizaci\u00f3n y el control de nuestros productos.<\/p>\n\n\n\n<p>En nuestra p\u00e1gina web encontrar\u00e1 un resumen de todos los productos que REPA tiene en stock, desde bandas transportadoras hasta estaciones de rodillos y desde materiales de revestimiento hasta prensas de vulcanizaci\u00f3n. [enlace]<\/p>\n\n\n\n<p>No dude en ponerse en contacto con nosotros, tambi\u00e9n cuando se trata de asesoramiento y apoyo. Una gran ventaja es que REPA Supplies es completamente independiente. Esto le garantiza que siempre actuamos en su inter\u00e9s, as\u00ed que no dude en hablar de sus planes con nosotros para que podamos ofrecerle la mejor soluci\u00f3n a medida.<\/p>\n","protected":false},"excerpt":{"rendered":"<p>\u00a1No importa a qu\u00e9 sector pertenezca, si es ingeniero de vulcanizado o comerciante de bandas transportadoras, REPA Supplies tiene el producto perfecto para usted! Industria ligera, semipesada o pesada; como el mayor y m\u00e1s completo proveedor \u00fanico podemos ofrecerle una gama ilimitada de materiales y soluciones. REPA Supplies forma parte del REPA Group, que cuenta [&hellip;]<\/p>\n","protected":false},"author":1,"featured_media":2735,"parent":0,"menu_order":0,"comment_status":"closed","ping_status":"closed","template":"","meta":{"_acf_changed":false,"footnotes":""},"class_list":["post-2733","page","type-page","status-publish","has-post-thumbnail","hentry"],"acf":[],"_links":{"self":[{"href":"https:\/\/repasupplies.com\/es\/wp-json\/wp\/v2\/pages\/2733","targetHints":{"allow":["GET"]}}],"collection":[{"href":"https:\/\/repasupplies.com\/es\/wp-json\/wp\/v2\/pages"}],"about":[{"href":"https:\/\/repasupplies.com\/es\/wp-json\/wp\/v2\/types\/page"}],"author":[{"embeddable":true,"href":"https:\/\/repasupplies.com\/es\/wp-json\/wp\/v2\/users\/1"}],"replies":[{"embeddable":true,"href":"https:\/\/repasupplies.com\/es\/wp-json\/wp\/v2\/comments?post=2733"}],"version-history":[{"count":4,"href":"https:\/\/repasupplies.com\/es\/wp-json\/wp\/v2\/pages\/2733\/revisions"}],"predecessor-version":[{"id":4820,"href":"https:\/\/repasupplies.com\/es\/wp-json\/wp\/v2\/pages\/2733\/revisions\/4820"}],"wp:featuredmedia":[{"embeddable":true,"href":"https:\/\/repasupplies.com\/es\/wp-json\/wp\/v2\/media\/2735"}],"wp:attachment":[{"href":"https:\/\/repasupplies.com\/es\/wp-json\/wp\/v2\/media?parent=2733"}],"curies":[{"name":"wp","href":"https:\/\/api.w.org\/{rel}","templated":true}]}}