{"id":2737,"date":"2021-04-22T14:11:20","date_gmt":"2021-04-22T14:11:20","guid":{"rendered":"https:\/\/repasupplies.com\/?page_id=2737"},"modified":"2021-04-23T11:01:06","modified_gmt":"2021-04-23T11:01:06","slug":"puestos-de-trabajo","status":"publish","type":"page","link":"https:\/\/repasupplies.com\/es\/puestos-de-trabajo\/","title":{"rendered":"Puestos de trabajo"},"content":{"rendered":"\n<p>En REPA somos comprometidos y profesionales y siempre ayudamos a nuestros clientes de la mejor manera posible con nuestros productos de calidad. Estamos orgullosos de ser el mayor proveedor \u00fanico de Europa y haremos todo lo posible para mantener esa reputaci\u00f3n. Y eso lo hacemos ya m\u00e1s de 25 a\u00f1os, con mucho entusiasmo y esp\u00edritu de equipo.<\/p>\n\n\n\n<p>\u00bfTe reconoces en nuestro perfil y no puedes esperar para ser un colega de REPA? \u00bfNada te gustar\u00eda m\u00e1s que reforzar nuestro equipo con tu empuje y conocimientos? Entonces, echa un vistazo y ve si puedes encontrar una vacante que te convenga y reacciona.<\/p>\n\n\n\n<p>En este momento no hay vacantes en &lt;Taal>, pero s\u00ed \u00bfte gustar\u00eda conseguir una entrevista? Env\u00edanos una solicitud abierta y explica por qu\u00e9 eres la persona que necesitamos. Nos gustar\u00eda tener noticias tuyas.<\/p>\n","protected":false},"excerpt":{"rendered":"<p>En REPA somos comprometidos y profesionales y siempre ayudamos a nuestros clientes de la mejor manera posible con nuestros productos de calidad. Estamos orgullosos de ser el mayor proveedor \u00fanico de Europa y haremos todo lo posible para mantener esa reputaci\u00f3n. Y eso lo hacemos ya m\u00e1s de 25 a\u00f1os, con mucho entusiasmo y esp\u00edritu [&hellip;]<\/p>\n","protected":false},"author":1,"featured_media":0,"parent":0,"menu_order":0,"comment_status":"closed","ping_status":"closed","template":"templates\/template-Vacancies.php","meta":{"_acf_changed":false,"footnotes":""},"class_list":["post-2737","page","type-page","status-publish","hentry"],"acf":[],"_links":{"self":[{"href":"https:\/\/repasupplies.com\/es\/wp-json\/wp\/v2\/pages\/2737","targetHints":{"allow":["GET"]}}],"collection":[{"href":"https:\/\/repasupplies.com\/es\/wp-json\/wp\/v2\/pages"}],"about":[{"href":"https:\/\/repasupplies.com\/es\/wp-json\/wp\/v2\/types\/page"}],"author":[{"embeddable":true,"href":"https:\/\/repasupplies.com\/es\/wp-json\/wp\/v2\/users\/1"}],"replies":[{"embeddable":true,"href":"https:\/\/repasupplies.com\/es\/wp-json\/wp\/v2\/comments?post=2737"}],"version-history":[{"count":2,"href":"https:\/\/repasupplies.com\/es\/wp-json\/wp\/v2\/pages\/2737\/revisions"}],"predecessor-version":[{"id":2861,"href":"https:\/\/repasupplies.com\/es\/wp-json\/wp\/v2\/pages\/2737\/revisions\/2861"}],"wp:attachment":[{"href":"https:\/\/repasupplies.com\/es\/wp-json\/wp\/v2\/media?parent=2737"}],"curies":[{"name":"wp","href":"https:\/\/api.w.org\/{rel}","templated":true}]}}