{"id":2741,"date":"2021-04-22T14:33:27","date_gmt":"2021-04-22T14:33:27","guid":{"rendered":"https:\/\/repasupplies.com\/?page_id=2741"},"modified":"2021-08-31T07:23:38","modified_gmt":"2021-08-31T07:23:38","slug":"material-de-revestimiento","status":"publish","type":"page","link":"https:\/\/repasupplies.com\/es\/material-de-revestimiento\/","title":{"rendered":"Material de revestimiento"},"content":{"rendered":"\n<p>Varias m\u00e1quinas y componentes de una instalaci\u00f3n de bandas transportadoras, como tolvas, dep\u00f3sitos, conductores y puntos de descarga, pueden estar provistos de un revestimiento protector. Esto puede reducir, entre otras cosas, el desgaste y la contaminaci\u00f3n ac\u00fastica. Los revestimientos de caucho suelen ser resistentes al desgaste y\/o al desgarro, disponen de buenas caracter\u00edsticas de amortiguaci\u00f3n y aislamiento y pueden hacer frente a gran input. El material de revestimiento est\u00e1 disponible con o sin capa adhesiva y en varios colores.<\/p>\n","protected":false},"excerpt":{"rendered":"<p>Varias m\u00e1quinas y componentes de una instalaci\u00f3n de bandas transportadoras, como tolvas, dep\u00f3sitos, conductores y puntos de descarga, pueden estar provistos de un revestimiento protector. Esto puede reducir, entre otras cosas, el desgaste y la contaminaci\u00f3n ac\u00fastica. Los revestimientos de caucho suelen ser resistentes al desgaste y\/o al desgarro, disponen de buenas caracter\u00edsticas de amortiguaci\u00f3n [&hellip;]<\/p>\n","protected":false},"author":1,"featured_media":0,"parent":0,"menu_order":0,"comment_status":"closed","ping_status":"closed","template":"templates\/template-product.php","meta":{"_acf_changed":false,"footnotes":""},"class_list":["post-2741","page","type-page","status-publish","hentry"],"acf":[],"_links":{"self":[{"href":"https:\/\/repasupplies.com\/es\/wp-json\/wp\/v2\/pages\/2741","targetHints":{"allow":["GET"]}}],"collection":[{"href":"https:\/\/repasupplies.com\/es\/wp-json\/wp\/v2\/pages"}],"about":[{"href":"https:\/\/repasupplies.com\/es\/wp-json\/wp\/v2\/types\/page"}],"author":[{"embeddable":true,"href":"https:\/\/repasupplies.com\/es\/wp-json\/wp\/v2\/users\/1"}],"replies":[{"embeddable":true,"href":"https:\/\/repasupplies.com\/es\/wp-json\/wp\/v2\/comments?post=2741"}],"version-history":[{"count":4,"href":"https:\/\/repasupplies.com\/es\/wp-json\/wp\/v2\/pages\/2741\/revisions"}],"predecessor-version":[{"id":4803,"href":"https:\/\/repasupplies.com\/es\/wp-json\/wp\/v2\/pages\/2741\/revisions\/4803"}],"wp:attachment":[{"href":"https:\/\/repasupplies.com\/es\/wp-json\/wp\/v2\/media?parent=2741"}],"curies":[{"name":"wp","href":"https:\/\/api.w.org\/{rel}","templated":true}]}}