{"id":2749,"date":"2021-04-22T14:39:55","date_gmt":"2021-04-22T14:39:55","guid":{"rendered":"https:\/\/repasupplies.com\/?page_id=2749"},"modified":"2021-08-31T07:25:28","modified_gmt":"2021-08-31T07:25:28","slug":"materiales-de-vulcanizacion","status":"publish","type":"page","link":"https:\/\/repasupplies.com\/es\/materiales-de-vulcanizacion\/","title":{"rendered":"Materiales de vulcanizaci\u00f3n"},"content":{"rendered":"\n<p>Puede contactar REPA Supplies para todas sus necesidades de vulcanizaci\u00f3n. Tanto si desea fabricar o hacer fabricar una banda transportadora sin fin como si desea acoplar un transportador u otra pieza a la banda, si desea (hacer) fabricar anillos sueltos o juntas a medida, o si necesita gomas intermedias, revestimientos o incluso una prensa de vulcanizaci\u00f3n completa, en REPA ha llegado al lugar adecuado.<\/p>\n\n\n\n<p>Le podemos ayudar con los productos acabados, con la propia vulcanizaci\u00f3n (en fr\u00edo y en caliente) y con los recursos necesarios para el proceso de vulcanizaci\u00f3n. En resumen, disponemos de todos los conocimientos, la experiencia y los materiales para ayudarle.<\/p>\n","protected":false},"excerpt":{"rendered":"<p>Puede contactar REPA Supplies para todas sus necesidades de vulcanizaci\u00f3n. Tanto si desea fabricar o hacer fabricar una banda transportadora sin fin como si desea acoplar un transportador u otra pieza a la banda, si desea (hacer) fabricar anillos sueltos o juntas a medida, o si necesita gomas intermedias, revestimientos o incluso una prensa de [&hellip;]<\/p>\n","protected":false},"author":1,"featured_media":0,"parent":0,"menu_order":0,"comment_status":"closed","ping_status":"closed","template":"templates\/template-product.php","meta":{"_acf_changed":false,"footnotes":""},"class_list":["post-2749","page","type-page","status-publish","hentry"],"acf":[],"_links":{"self":[{"href":"https:\/\/repasupplies.com\/es\/wp-json\/wp\/v2\/pages\/2749","targetHints":{"allow":["GET"]}}],"collection":[{"href":"https:\/\/repasupplies.com\/es\/wp-json\/wp\/v2\/pages"}],"about":[{"href":"https:\/\/repasupplies.com\/es\/wp-json\/wp\/v2\/types\/page"}],"author":[{"embeddable":true,"href":"https:\/\/repasupplies.com\/es\/wp-json\/wp\/v2\/users\/1"}],"replies":[{"embeddable":true,"href":"https:\/\/repasupplies.com\/es\/wp-json\/wp\/v2\/comments?post=2749"}],"version-history":[{"count":4,"href":"https:\/\/repasupplies.com\/es\/wp-json\/wp\/v2\/pages\/2749\/revisions"}],"predecessor-version":[{"id":4805,"href":"https:\/\/repasupplies.com\/es\/wp-json\/wp\/v2\/pages\/2749\/revisions\/4805"}],"wp:attachment":[{"href":"https:\/\/repasupplies.com\/es\/wp-json\/wp\/v2\/media?parent=2749"}],"curies":[{"name":"wp","href":"https:\/\/api.w.org\/{rel}","templated":true}]}}