{"id":2756,"date":"2021-04-22T14:40:58","date_gmt":"2021-04-22T14:40:58","guid":{"rendered":"https:\/\/repasupplies.com\/?page_id=2756"},"modified":"2021-08-31T07:28:08","modified_gmt":"2021-08-31T07:28:08","slug":"otras-piezas-y-accesorios","status":"publish","type":"page","link":"https:\/\/repasupplies.com\/es\/otras-piezas-y-accesorios\/","title":{"rendered":"Otras piezas y accesorios"},"content":{"rendered":"\n<p>Salvo revestimiento de tambores y otro material de revestimiento, REPA puede suministrar mucho m\u00e1s componentes, accesorios y piezas para instalaciones de bandas transportadoras. Por ejemplo caucho rasgado, perfiles \u201cV\u201d, rodillos de acero y rodillos conductores de bandas, pero tambi\u00e9n productos como barras de impacto y deslizamiento, cubiertas para bandas transportadoras y estaciones de rodillos.<\/p>\n\n\n\n<p>Consulte nuestra lista de otras piezas y accesorios, porque es muy probable que encuentre el art\u00edculo que necesita. Y si no encuentra lo que busca, entonces p\u00f3ngase en contacto con nosotros, y en general, podemos ayudarle. Nuestra gama de productos crece a menudo m\u00e1s r\u00e1pido que el ritmo que podemos seguir en nuestro sitio web.<\/p>\n","protected":false},"excerpt":{"rendered":"<p>Salvo revestimiento de tambores y otro material de revestimiento, REPA puede suministrar mucho m\u00e1s componentes, accesorios y piezas para instalaciones de bandas transportadoras. Por ejemplo caucho rasgado, perfiles \u201cV\u201d, rodillos de acero y rodillos conductores de bandas, pero tambi\u00e9n productos como barras de impacto y deslizamiento, cubiertas para bandas transportadoras y estaciones de rodillos. Consulte [&hellip;]<\/p>\n","protected":false},"author":1,"featured_media":0,"parent":0,"menu_order":0,"comment_status":"closed","ping_status":"closed","template":"templates\/template-product.php","meta":{"_acf_changed":false,"footnotes":""},"class_list":["post-2756","page","type-page","status-publish","hentry"],"acf":[],"_links":{"self":[{"href":"https:\/\/repasupplies.com\/es\/wp-json\/wp\/v2\/pages\/2756","targetHints":{"allow":["GET"]}}],"collection":[{"href":"https:\/\/repasupplies.com\/es\/wp-json\/wp\/v2\/pages"}],"about":[{"href":"https:\/\/repasupplies.com\/es\/wp-json\/wp\/v2\/types\/page"}],"author":[{"embeddable":true,"href":"https:\/\/repasupplies.com\/es\/wp-json\/wp\/v2\/users\/1"}],"replies":[{"embeddable":true,"href":"https:\/\/repasupplies.com\/es\/wp-json\/wp\/v2\/comments?post=2756"}],"version-history":[{"count":5,"href":"https:\/\/repasupplies.com\/es\/wp-json\/wp\/v2\/pages\/2756\/revisions"}],"predecessor-version":[{"id":4807,"href":"https:\/\/repasupplies.com\/es\/wp-json\/wp\/v2\/pages\/2756\/revisions\/4807"}],"wp:attachment":[{"href":"https:\/\/repasupplies.com\/es\/wp-json\/wp\/v2\/media?parent=2756"}],"curies":[{"name":"wp","href":"https:\/\/api.w.org\/{rel}","templated":true}]}}