{"id":2882,"date":"2021-04-23T11:59:58","date_gmt":"2021-04-23T11:59:58","guid":{"rendered":"https:\/\/repasupplies.com\/?page_id=2882"},"modified":"2021-08-31T07:10:39","modified_gmt":"2021-08-31T07:10:39","slug":"bandas-transportadoras-modulares","status":"publish","type":"page","link":"https:\/\/repasupplies.com\/es\/bandas-transportadoras-modulares\/","title":{"rendered":"Bandas transportadoras modulares"},"content":{"rendered":"\n<p>REPA dispone de una gran grama de bandas transportadoras de pl\u00e1stico. Las bandas modulares deben incluirse absolutamente en esta gama. Estas bandas son muy vers\u00e1tiles. Pueden dise\u00f1arse de muchas maneras, en funci\u00f3n de las necesidades de sus clientes. REPA dispone de una banda modular para casi todas las aplicaciones.<\/p>\n\n\n\n<p>Se utilizan bandas modulares en toda la industria alimentaria, sobre todo porque son higi\u00e9nicas y f\u00e1ciles de limpiar. Son indispensables en la industria de frutas y verduras y se utilizan much\u00edsimo en viveros y panader\u00edas.&nbsp;<\/p>\n\n\n\n<p>Las bandas modulares est\u00e1n formadas por eslabones de pl\u00e1stico que se unen entre si con pasadores de bisagra. La banda  puede dise\u00f1arse como desee, con piezas rectas y curvas, espirales y diferentes tipos y formas de eslabones. Debido a la composici\u00f3n \u00fanica de la banda hay poca fricci\u00f3n con los materiales transportados, lo que la hace muy adecuada para empujar o para hacer cambiar de direcci\u00f3n productos pesados como cajas y cajones.<\/p>\n","protected":false},"excerpt":{"rendered":"<p>REPA dispone de una gran grama de bandas transportadoras de pl\u00e1stico. Las bandas modulares deben incluirse absolutamente en esta gama. Estas bandas son muy vers\u00e1tiles. Pueden dise\u00f1arse de muchas maneras, en funci\u00f3n de las necesidades de sus clientes. REPA dispone de una banda modular para casi todas las aplicaciones. Se utilizan bandas modulares en toda [&hellip;]<\/p>\n","protected":false},"author":1,"featured_media":0,"parent":0,"menu_order":0,"comment_status":"closed","ping_status":"closed","template":"templates\/template-product.php","meta":{"_acf_changed":false,"footnotes":""},"class_list":["post-2882","page","type-page","status-publish","hentry"],"acf":[],"_links":{"self":[{"href":"https:\/\/repasupplies.com\/es\/wp-json\/wp\/v2\/pages\/2882","targetHints":{"allow":["GET"]}}],"collection":[{"href":"https:\/\/repasupplies.com\/es\/wp-json\/wp\/v2\/pages"}],"about":[{"href":"https:\/\/repasupplies.com\/es\/wp-json\/wp\/v2\/types\/page"}],"author":[{"embeddable":true,"href":"https:\/\/repasupplies.com\/es\/wp-json\/wp\/v2\/users\/1"}],"replies":[{"embeddable":true,"href":"https:\/\/repasupplies.com\/es\/wp-json\/wp\/v2\/comments?post=2882"}],"version-history":[{"count":5,"href":"https:\/\/repasupplies.com\/es\/wp-json\/wp\/v2\/pages\/2882\/revisions"}],"predecessor-version":[{"id":4790,"href":"https:\/\/repasupplies.com\/es\/wp-json\/wp\/v2\/pages\/2882\/revisions\/4790"}],"wp:attachment":[{"href":"https:\/\/repasupplies.com\/es\/wp-json\/wp\/v2\/media?parent=2882"}],"curies":[{"name":"wp","href":"https:\/\/api.w.org\/{rel}","templated":true}]}}