{"id":2913,"date":"2021-04-23T14:03:53","date_gmt":"2021-04-23T14:03:53","guid":{"rendered":"https:\/\/repasupplies.com\/?page_id=2913"},"modified":"2021-08-31T07:33:54","modified_gmt":"2021-08-31T07:33:54","slug":"pvc","status":"publish","type":"page","link":"https:\/\/repasupplies.com\/es\/pvc\/","title":{"rendered":"PVC"},"content":{"rendered":"\n<h3 class=\"wp-block-heading\"><strong>Bandas transportadoras de PVC<\/strong><\/h3>\n\n\n\n<p>Una banda muy com\u00fan en el mundo de las bandas transportadoras es la banda de PVC. Las bandas de PVC son flexibles, duraderas, estables y f\u00e1ciles de mantener. En muchos casos una banda de PVC es la opci\u00f3n m\u00e1s econ\u00f3mica. Una banda est\u00e1ndar con revestimiento de PVC a un precio razonable es una soluci\u00f3n perfecta, si no hay caracter\u00edsticas especiales con las que la banda tiene que cumplir. Pero tambi\u00e9n hay otras versiones disponibles, por supuesto.<\/p>\n\n\n\n<p>REPA puede suministrar muchas variantes de bandas de PVC, como las bandas resistentes al aceite, la grasa o el \u00e1cido, bandas perfiladas o lisas, bandas resistentes al desgaste, bandas provistas de transportadores, bordes ondulados, bordes de derrame o cordones conductores y bandas ignifugas.<\/p>\n\n\n\n<p>Se utilizan bandas de PVC en diferente industrias, como la agricultura y horticultura, la industria alimentaria, la industria qu\u00edmica, en los aeropuertos y en el sector de transporte.<\/p>\n\n\n\n<p>Nuestras bandas de PVC cumplen con los requisitos que virgen en la industria correspondiente, como los requisitos de la FDA y de la Uni\u00f3n Europea cuando se trata de alimentos, o la normativa ISO 340 para los productos ign\u00edfugos.<\/p>\n","protected":false},"excerpt":{"rendered":"<p>Bandas transportadoras de PVC Una banda muy com\u00fan en el mundo de las bandas transportadoras es la banda de PVC. Las bandas de PVC son flexibles, duraderas, estables y f\u00e1ciles de mantener. En muchos casos una banda de PVC es la opci\u00f3n m\u00e1s econ\u00f3mica. Una banda est\u00e1ndar con revestimiento de PVC a un precio razonable [&hellip;]<\/p>\n","protected":false},"author":1,"featured_media":0,"parent":0,"menu_order":0,"comment_status":"closed","ping_status":"closed","template":"templates\/template-product.php","meta":{"_acf_changed":false,"footnotes":""},"class_list":["post-2913","page","type-page","status-publish","hentry"],"acf":[],"_links":{"self":[{"href":"https:\/\/repasupplies.com\/es\/wp-json\/wp\/v2\/pages\/2913","targetHints":{"allow":["GET"]}}],"collection":[{"href":"https:\/\/repasupplies.com\/es\/wp-json\/wp\/v2\/pages"}],"about":[{"href":"https:\/\/repasupplies.com\/es\/wp-json\/wp\/v2\/types\/page"}],"author":[{"embeddable":true,"href":"https:\/\/repasupplies.com\/es\/wp-json\/wp\/v2\/users\/1"}],"replies":[{"embeddable":true,"href":"https:\/\/repasupplies.com\/es\/wp-json\/wp\/v2\/comments?post=2913"}],"version-history":[{"count":4,"href":"https:\/\/repasupplies.com\/es\/wp-json\/wp\/v2\/pages\/2913\/revisions"}],"predecessor-version":[{"id":4816,"href":"https:\/\/repasupplies.com\/es\/wp-json\/wp\/v2\/pages\/2913\/revisions\/4816"}],"wp:attachment":[{"href":"https:\/\/repasupplies.com\/es\/wp-json\/wp\/v2\/media?parent=2913"}],"curies":[{"name":"wp","href":"https:\/\/api.w.org\/{rel}","templated":true}]}}