{"id":2943,"date":"2021-04-24T05:00:39","date_gmt":"2021-04-24T05:00:39","guid":{"rendered":"https:\/\/repasupplies.com\/?page_id=2943"},"modified":"2021-08-31T07:11:46","modified_gmt":"2021-08-31T07:11:46","slug":"bordes-ondulados","status":"publish","type":"page","link":"https:\/\/repasupplies.com\/es\/bordes-ondulados\/","title":{"rendered":"Bordes ondulados"},"content":{"rendered":"\n<p>Los bordes ondulados son una parte ideal y a veces totalmente necesaria de una instalaci\u00f3n de la banda transportadora. As\u00ed se pueden transportar los productos, generalmente las mercanc\u00edas a granel, bajo un \u00e1ngulo mucho m\u00e1s agudo. Adem\u00e1s, los bordes ondulados, sobre todo cuando se utilizan en combinaci\u00f3n de los transportadores, pueden aumentar considerablemente la capacidad de transporte, sin necesidad de a\u00f1adir una  banda o instalaci\u00f3n.<\/p>\n","protected":false},"excerpt":{"rendered":"<p>Los bordes ondulados son una parte ideal y a veces totalmente necesaria de una instalaci\u00f3n de la banda transportadora. As\u00ed se pueden transportar los productos, generalmente las mercanc\u00edas a granel, bajo un \u00e1ngulo mucho m\u00e1s agudo. Adem\u00e1s, los bordes ondulados, sobre todo cuando se utilizan en combinaci\u00f3n de los transportadores, pueden aumentar considerablemente la capacidad [&hellip;]<\/p>\n","protected":false},"author":1,"featured_media":0,"parent":0,"menu_order":0,"comment_status":"closed","ping_status":"closed","template":"templates\/template-product.php","meta":{"_acf_changed":false,"footnotes":""},"class_list":["post-2943","page","type-page","status-publish","hentry"],"acf":[],"_links":{"self":[{"href":"https:\/\/repasupplies.com\/es\/wp-json\/wp\/v2\/pages\/2943","targetHints":{"allow":["GET"]}}],"collection":[{"href":"https:\/\/repasupplies.com\/es\/wp-json\/wp\/v2\/pages"}],"about":[{"href":"https:\/\/repasupplies.com\/es\/wp-json\/wp\/v2\/types\/page"}],"author":[{"embeddable":true,"href":"https:\/\/repasupplies.com\/es\/wp-json\/wp\/v2\/users\/1"}],"replies":[{"embeddable":true,"href":"https:\/\/repasupplies.com\/es\/wp-json\/wp\/v2\/comments?post=2943"}],"version-history":[{"count":5,"href":"https:\/\/repasupplies.com\/es\/wp-json\/wp\/v2\/pages\/2943\/revisions"}],"predecessor-version":[{"id":4792,"href":"https:\/\/repasupplies.com\/es\/wp-json\/wp\/v2\/pages\/2943\/revisions\/4792"}],"wp:attachment":[{"href":"https:\/\/repasupplies.com\/es\/wp-json\/wp\/v2\/media?parent=2943"}],"curies":[{"name":"wp","href":"https:\/\/api.w.org\/{rel}","templated":true}]}}