{"id":2956,"date":"2021-04-24T05:08:06","date_gmt":"2021-04-24T05:08:06","guid":{"rendered":"https:\/\/repasupplies.com\/?page_id=2956"},"modified":"2021-08-31T07:17:33","modified_gmt":"2021-08-31T07:17:33","slug":"cordones-conductores","status":"publish","type":"page","link":"https:\/\/repasupplies.com\/es\/cordones-conductores\/","title":{"rendered":"Cordones conductores"},"content":{"rendered":"\n<p>REPA Supplies dispone de una gran oferta de cordones conductores de PVC y de PU para bandas transportadoras de pl\u00e1stico. Los cordones conductores se encargan de que la banda transportadora funciona de forma estable y fluida. Hay varias razones por las que una banda transportadora puede funcionar de forma err\u00e1tica, como la carga irregular, la poluci\u00f3n o las diferencias de temperatura y altura. Los cordones conductores tambi\u00e9n pueden servir de transportadores, para evitar que la mercanc\u00eda se deslice de la banda. Disponemos de cordones conductores en diferentes tipos, colores y medidas. Por ejemplo, con un perfil trapezoidal y un perfil rectangular, dentado, y en colores como el blanco, el verde, el negro y el azul. Los cordones conductores pueden utilizarse tanto en la industria alimentaria como en la no alimentaria.<\/p>\n","protected":false},"excerpt":{"rendered":"<p>REPA Supplies dispone de una gran oferta de cordones conductores de PVC y de PU para bandas transportadoras de pl\u00e1stico. Los cordones conductores se encargan de que la banda transportadora funciona de forma estable y fluida. Hay varias razones por las que una banda transportadora puede funcionar de forma err\u00e1tica, como la carga irregular, la [&hellip;]<\/p>\n","protected":false},"author":1,"featured_media":0,"parent":0,"menu_order":0,"comment_status":"closed","ping_status":"closed","template":"templates\/template-product.php","meta":{"_acf_changed":false,"footnotes":""},"class_list":["post-2956","page","type-page","status-publish","hentry"],"acf":[],"_links":{"self":[{"href":"https:\/\/repasupplies.com\/es\/wp-json\/wp\/v2\/pages\/2956","targetHints":{"allow":["GET"]}}],"collection":[{"href":"https:\/\/repasupplies.com\/es\/wp-json\/wp\/v2\/pages"}],"about":[{"href":"https:\/\/repasupplies.com\/es\/wp-json\/wp\/v2\/types\/page"}],"author":[{"embeddable":true,"href":"https:\/\/repasupplies.com\/es\/wp-json\/wp\/v2\/users\/1"}],"replies":[{"embeddable":true,"href":"https:\/\/repasupplies.com\/es\/wp-json\/wp\/v2\/comments?post=2956"}],"version-history":[{"count":5,"href":"https:\/\/repasupplies.com\/es\/wp-json\/wp\/v2\/pages\/2956\/revisions"}],"predecessor-version":[{"id":4797,"href":"https:\/\/repasupplies.com\/es\/wp-json\/wp\/v2\/pages\/2956\/revisions\/4797"}],"wp:attachment":[{"href":"https:\/\/repasupplies.com\/es\/wp-json\/wp\/v2\/media?parent=2956"}],"curies":[{"name":"wp","href":"https:\/\/api.w.org\/{rel}","templated":true}]}}