{"id":2980,"date":"2021-04-24T07:15:44","date_gmt":"2021-04-24T07:15:44","guid":{"rendered":"https:\/\/repasupplies.com\/?page_id=2980"},"modified":"2021-09-14T07:23:54","modified_gmt":"2021-09-14T07:23:54","slug":"bandas-nervadas","status":"publish","type":"page","link":"https:\/\/repasupplies.com\/es\/bandas-nervadas\/","title":{"rendered":"Bandas nervadas"},"content":{"rendered":"\n<p>Las bandas nervadas est\u00e1n dise\u00f1adas para transportar mercanc\u00edas bajo un \u00e1ngulo hacia arriba. Esto puede ser necesario en muchos sectores y empresas, como en la construcci\u00f3n de carreteras, las f\u00e1bricas de maquinaria, el reciclaje, el transporte y la log\u00edstica, la industria de la sal, la agricultura y las f\u00e1bricas de cemento.<\/p>\n\n\n\n<p>Disponemos de una amplia gama de bandas nervadas, con perfiles en diferentes formas y grosores. Un ejemplo es la ampliamente utilizada banda de perfil en V, tambi\u00e9n llamada perfil Chevron. Tenemos una banda  adecuada para usted para cada aplicaci\u00f3n.<\/p>\n\n\n\n<p>Al elegir una banda nervada hay que tener en cuenta varias caracter\u00edsticas, como la altura y la anchura del perfil y la anchura de la banda.<\/p>\n","protected":false},"excerpt":{"rendered":"<p>Las bandas nervadas est\u00e1n dise\u00f1adas para transportar mercanc\u00edas bajo un \u00e1ngulo hacia arriba. Esto puede ser necesario en muchos sectores y empresas, como en la construcci\u00f3n de carreteras, las f\u00e1bricas de maquinaria, el reciclaje, el transporte y la log\u00edstica, la industria de la sal, la agricultura y las f\u00e1bricas de cemento. Disponemos de una amplia [&hellip;]<\/p>\n","protected":false},"author":1,"featured_media":0,"parent":0,"menu_order":0,"comment_status":"closed","ping_status":"closed","template":"templates\/template-product.php","meta":{"_acf_changed":false,"footnotes":""},"class_list":["post-2980","page","type-page","status-publish","hentry"],"acf":[],"_links":{"self":[{"href":"https:\/\/repasupplies.com\/es\/wp-json\/wp\/v2\/pages\/2980","targetHints":{"allow":["GET"]}}],"collection":[{"href":"https:\/\/repasupplies.com\/es\/wp-json\/wp\/v2\/pages"}],"about":[{"href":"https:\/\/repasupplies.com\/es\/wp-json\/wp\/v2\/types\/page"}],"author":[{"embeddable":true,"href":"https:\/\/repasupplies.com\/es\/wp-json\/wp\/v2\/users\/1"}],"replies":[{"embeddable":true,"href":"https:\/\/repasupplies.com\/es\/wp-json\/wp\/v2\/comments?post=2980"}],"version-history":[{"count":5,"href":"https:\/\/repasupplies.com\/es\/wp-json\/wp\/v2\/pages\/2980\/revisions"}],"predecessor-version":[{"id":4827,"href":"https:\/\/repasupplies.com\/es\/wp-json\/wp\/v2\/pages\/2980\/revisions\/4827"}],"wp:attachment":[{"href":"https:\/\/repasupplies.com\/es\/wp-json\/wp\/v2\/media?parent=2980"}],"curies":[{"name":"wp","href":"https:\/\/api.w.org\/{rel}","templated":true}]}}